{"id":63726,"date":"2026-05-15T17:47:50","date_gmt":"2026-05-15T20:47:50","guid":{"rendered":"https:\/\/9bits.com.ar\/v31\/producto\/reloj-mibro-a3-negro\/"},"modified":"2026-05-15T17:56:58","modified_gmt":"2026-05-15T20:56:58","slug":"reloj-mibro-a3-negro","status":"publish","type":"product","link":"https:\/\/9bits.com.ar\/v31\/producto\/reloj-mibro-a3-negro\/","title":{"rendered":"RELOJ MIBRO A3 NEGRO"},"content":{"rendered":"<p>Serie Essential Pantalla IPS HD 1,39&#8243; | 360\u00d7360 px | 391 PPI. Material: aleaci\u00f3n de aluminio + PC con 20% fibra de vidrio. Dimensiones: \u03c645,2 mm, grosor 11,6 mm. Bluetooth V5.3. BT Calling. GPS integrado (GPS\/Beidou\/GLONASS\/Galileo\/QZSS). Sensores de salud: frecuencia card\u00edaca 4PD, SpO2, monitoreo del sue\u00f1o, niveles de estr\u00e9s, entrenamiento de respiraci\u00f3n. Funciones principales: clima, calculadora, calendario, control y reproducci\u00f3n de m\u00fasica, disparo remoto de fotos, temporizador, cron\u00f3metro, alarma, alertas de mensajes y llamadas, drenaje con un clic, salud femenina, encontrar tel\u00e9fono. +100 modos deportivos. Resistente al agua: 2ATM. Duraci\u00f3n de la bater\u00eda: 8 d\u00edas en modo diario, 45 d\u00edas en modo b\u00e1sico, 15 hs en modo GPS, 6 hs reproducci\u00f3n de m\u00fasica, 4,5 hs llamadas BT. Peso: 29 g (sin correa) \/ 45 g (con correa silicona). 35 idiomas. Compatible con Android 5.0 o superior e iOS 10.0 o superior. Cable de carga magn\u00e9tico. Color:\u00a0negro<\/p>\n<p><iframe loading=\"lazy\" title=\"Mibro Watch A3\" width=\"1140\" height=\"641\" src=\"https:\/\/www.youtube.com\/embed\/8VGyVhub5p8?feature=oembed\" frameborder=\"0\" allow=\"accelerometer; autoplay; clipboard-write; encrypted-media; gyroscope; picture-in-picture; web-share\" referrerpolicy=\"strict-origin-when-cross-origin\" allowfullscreen><\/iframe><\/p>\n","protected":false},"excerpt":{"rendered":"<p>Serie Essential Pantalla IPS HD 1,39&#8243; | 360\u00d7360 px | 391 PPI. Material: aleaci\u00f3n de aluminio + PC con 20%&hellip;<\/p>\n","protected":false},"featured_media":63731,"comment_status":"open","ping_status":"closed","template":"","meta":{"advanced_seo_description":"","jetpack_seo_html_title":"","jetpack_seo_noindex":false},"product_brand":[],"product_cat":[91],"product_tag":[773],"class_list":{"0":"post-63726","1":"product","2":"type-product","3":"status-publish","4":"has-post-thumbnail","6":"product_cat-smartwatch","7":"product_tag-smartwatch","9":"first","10":"instock","11":"shipping-taxable","12":"purchasable","13":"product-type-simple","14":"add-to-wishlist-before_image"},"jetpack_likes_enabled":false,"jetpack_sharing_enabled":true,"_links":{"self":[{"href":"https:\/\/9bits.com.ar\/v31\/wp-json\/wp\/v2\/product\/63726","targetHints":{"allow":["GET"]}}],"collection":[{"href":"https:\/\/9bits.com.ar\/v31\/wp-json\/wp\/v2\/product"}],"about":[{"href":"https:\/\/9bits.com.ar\/v31\/wp-json\/wp\/v2\/types\/product"}],"replies":[{"embeddable":true,"href":"https:\/\/9bits.com.ar\/v31\/wp-json\/wp\/v2\/comments?post=63726"}],"wp:featuredmedia":[{"embeddable":true,"href":"https:\/\/9bits.com.ar\/v31\/wp-json\/wp\/v2\/media\/63731"}],"wp:attachment":[{"href":"https:\/\/9bits.com.ar\/v31\/wp-json\/wp\/v2\/media?parent=63726"}],"wp:term":[{"taxonomy":"product_brand","embeddable":true,"href":"https:\/\/9bits.com.ar\/v31\/wp-json\/wp\/v2\/product_brand?post=63726"},{"taxonomy":"product_cat","embeddable":true,"href":"https:\/\/9bits.com.ar\/v31\/wp-json\/wp\/v2\/product_cat?post=63726"},{"taxonomy":"product_tag","embeddable":true,"href":"https:\/\/9bits.com.ar\/v31\/wp-json\/wp\/v2\/product_tag?post=63726"}],"curies":[{"name":"wp","href":"https:\/\/api.w.org\/{rel}","templated":true}]}}