{"id":63725,"date":"2026-05-15T17:47:50","date_gmt":"2026-05-15T20:47:50","guid":{"rendered":"https:\/\/9bits.com.ar\/v31\/producto\/reloj-mibro-c4-negro\/"},"modified":"2026-05-15T18:27:21","modified_gmt":"2026-05-15T21:27:21","slug":"reloj-mibro-c4-negro","status":"publish","type":"product","link":"https:\/\/9bits.com.ar\/v31\/producto\/reloj-mibro-c4-negro\/","title":{"rendered":"RELOJ MIBRO C4 NEGRO"},"content":{"rendered":"<p>Serie Essential Pantalla TFT HD 2,01&#8243; | 240\u00d7296 px | 128 MB de memoria.\u00a0Material: aleaci\u00f3n de zinc + PC con 20% fibra de vidrio. Dimensiones: 51\u00d741\u00d79,8 mm. Bluetooth V5.3. BT Calling. GPS integrado. Sensores de salud: frecuencia card\u00edaca PPG, SpO2, aceler\u00f3metro, monitoreo del sue\u00f1o, niveles de estr\u00e9s, alertas de salud anormales (ritmo card\u00edaco irregular, ox\u00edgeno bajo, presi\u00f3n arterial anormal). Funciones principales: clima, calculadora, calendario, alt\u00edmetro, br\u00fajula, dados, control y reproducci\u00f3n de m\u00fasica, disparo remoto de fotos, temporizador, cron\u00f3metro, alarma, alertas de mensajes y llamadas, alerta de sedentarismo, salud femenina, +200 esferas descargables con esferas personalizadas con fotos. +100 modos deportivos. Resistente al agua: 2ATM. Duraci\u00f3n de la bater\u00eda: 10 d\u00edas en modo diario, 45 d\u00edas en modo b\u00e1sico, 5 hs reproducci\u00f3n de m\u00fasica, 6 hs llamadas BT. Peso: 29 g (sin correa) \/ 45 g (con correa silicona). 34 idiomas. Compatible con Android 5.0 o superior e iOS 10.0 o superior. Cable de carga magn\u00e9tico. Color: negro<\/p>\n","protected":false},"excerpt":{"rendered":"<p>Serie Essential Pantalla TFT HD 2,01&#8243; | 240\u00d7296 px | 128 MB de memoria.\u00a0Material: aleaci\u00f3n de zinc + PC con&hellip;<\/p>\n","protected":false},"featured_media":63736,"comment_status":"open","ping_status":"closed","template":"","meta":{"advanced_seo_description":"","jetpack_seo_html_title":"","jetpack_seo_noindex":false},"product_brand":[],"product_cat":[91],"product_tag":[773],"class_list":{"0":"post-63725","1":"product","2":"type-product","3":"status-publish","4":"has-post-thumbnail","6":"product_cat-smartwatch","7":"product_tag-smartwatch","9":"first","10":"instock","11":"shipping-taxable","12":"purchasable","13":"product-type-simple","14":"add-to-wishlist-before_image"},"jetpack_likes_enabled":false,"jetpack_sharing_enabled":true,"_links":{"self":[{"href":"https:\/\/9bits.com.ar\/v31\/wp-json\/wp\/v2\/product\/63725","targetHints":{"allow":["GET"]}}],"collection":[{"href":"https:\/\/9bits.com.ar\/v31\/wp-json\/wp\/v2\/product"}],"about":[{"href":"https:\/\/9bits.com.ar\/v31\/wp-json\/wp\/v2\/types\/product"}],"replies":[{"embeddable":true,"href":"https:\/\/9bits.com.ar\/v31\/wp-json\/wp\/v2\/comments?post=63725"}],"wp:featuredmedia":[{"embeddable":true,"href":"https:\/\/9bits.com.ar\/v31\/wp-json\/wp\/v2\/media\/63736"}],"wp:attachment":[{"href":"https:\/\/9bits.com.ar\/v31\/wp-json\/wp\/v2\/media?parent=63725"}],"wp:term":[{"taxonomy":"product_brand","embeddable":true,"href":"https:\/\/9bits.com.ar\/v31\/wp-json\/wp\/v2\/product_brand?post=63725"},{"taxonomy":"product_cat","embeddable":true,"href":"https:\/\/9bits.com.ar\/v31\/wp-json\/wp\/v2\/product_cat?post=63725"},{"taxonomy":"product_tag","embeddable":true,"href":"https:\/\/9bits.com.ar\/v31\/wp-json\/wp\/v2\/product_tag?post=63725"}],"curies":[{"name":"wp","href":"https:\/\/api.w.org\/{rel}","templated":true}]}}