{"id":63647,"date":"2026-04-27T12:51:39","date_gmt":"2026-04-27T15:51:39","guid":{"rendered":"https:\/\/9bits.com.ar\/v31\/producto\/bateria-p-ups-12v-9-0-ah-trv-lp12-9-0\/"},"modified":"2026-04-27T16:46:05","modified_gmt":"2026-04-27T19:46:05","slug":"bateria-p-ups-12v-9-0-ah-trv-lp12-9-0","status":"publish","type":"product","link":"https:\/\/9bits.com.ar\/v31\/producto\/bateria-p-ups-12v-9-0-ah-trv-lp12-9-0\/","title":{"rendered":"BATERIA P\/UPS 12V 9.0 AH TRV LP12-9.0"},"content":{"rendered":"<p>Bateria de 12 v 9 Ah<br \/>\nLas bater\u00edas TRV son del tipo<br \/>\nVRLA-AGM.<br \/>\nLa bater\u00eda VRLA son de plomo-acido<br \/>\nest\u00e1 construida con una v\u00e1lvula<br \/>\nde seguridad que detecta el<br \/>\naumento de la presi\u00f3n interna y<br \/>\npermite que el gas sea expulsado<br \/>\nhacia fuera, como medida de<br \/>\nseguridad.<br \/>\nEl electrolito es absorbido en<br \/>\nlas placas separadoras de fibra<br \/>\nde vidrio (AGM) lo que permite<br \/>\nser utilizada en posici\u00f3n vertical<br \/>\ny horizontal.<br \/>\nEmbase de epoxi.<br \/>\nUsa una reacci\u00f3n de recombinaci\u00f3n<br \/>\npara impedir el escape de gases<br \/>\nhidr\u00f3geno y ox\u00edgeno.<br \/>\nLibre de mantenimiento.<br \/>\nProtecci\u00f3n contra descarga<br \/>\nprofunda<br \/>\nRejillas de placa de aleaci\u00f3n<br \/>\nde plomo &#8211; calcio , libre de<br \/>\nantimonio<br \/>\nResistencia a las vibraciones<br \/>\nBuen ciclado (cycling &#8211;<br \/>\nSe denomina ciclado de una<br \/>\nbater\u00eda a la sucesi\u00f3n de una<br \/>\ndescarga seguida de su posterior<br \/>\nrecarga hasta recuperar<br \/>\ncompletamente la energ\u00eda extra\u00edda).<br \/>\nBuena performance estacionaria<br \/>\n(Una bater\u00eda para uso estacionario<br \/>\nes la que se mantiene permanentemente<br \/>\ncargada mediante un regulador).<br \/>\nAlta tasa de descarga.<br \/>\n(se le puede demandar alta corriente<br \/>\nde descarga y sostiene la tensi\u00f3n<br \/>\nen bornes)<br \/>\nCiclo de vida \u00fatil entre 3 y 5 a\u00f1os.<br \/>\n(depende de la temperatura ambiente).<br \/>\nConexi\u00f3n a bornes mediante<br \/>\nterminales palas o tornillo<br \/>\nseg\u00fan modelos.<\/p>\n","protected":false},"excerpt":{"rendered":"<p>Bateria de 12 v 9 Ah Las bater\u00edas TRV son del tipo VRLA-AGM. La bater\u00eda VRLA son de plomo-acido est\u00e1&hellip;<\/p>\n","protected":false},"featured_media":63669,"comment_status":"open","ping_status":"closed","template":"","meta":{"advanced_seo_description":"","jetpack_seo_html_title":"","jetpack_seo_noindex":false},"product_brand":[],"product_cat":[49],"product_tag":[],"class_list":{"0":"post-63647","1":"product","2":"type-product","3":"status-publish","4":"has-post-thumbnail","6":"product_cat-ups-y-estabilizadores","8":"first","9":"instock","10":"shipping-taxable","11":"purchasable","12":"product-type-simple","13":"add-to-wishlist-before_image"},"jetpack_likes_enabled":false,"jetpack_sharing_enabled":true,"_links":{"self":[{"href":"https:\/\/9bits.com.ar\/v31\/wp-json\/wp\/v2\/product\/63647","targetHints":{"allow":["GET"]}}],"collection":[{"href":"https:\/\/9bits.com.ar\/v31\/wp-json\/wp\/v2\/product"}],"about":[{"href":"https:\/\/9bits.com.ar\/v31\/wp-json\/wp\/v2\/types\/product"}],"replies":[{"embeddable":true,"href":"https:\/\/9bits.com.ar\/v31\/wp-json\/wp\/v2\/comments?post=63647"}],"wp:featuredmedia":[{"embeddable":true,"href":"https:\/\/9bits.com.ar\/v31\/wp-json\/wp\/v2\/media\/63669"}],"wp:attachment":[{"href":"https:\/\/9bits.com.ar\/v31\/wp-json\/wp\/v2\/media?parent=63647"}],"wp:term":[{"taxonomy":"product_brand","embeddable":true,"href":"https:\/\/9bits.com.ar\/v31\/wp-json\/wp\/v2\/product_brand?post=63647"},{"taxonomy":"product_cat","embeddable":true,"href":"https:\/\/9bits.com.ar\/v31\/wp-json\/wp\/v2\/product_cat?post=63647"},{"taxonomy":"product_tag","embeddable":true,"href":"https:\/\/9bits.com.ar\/v31\/wp-json\/wp\/v2\/product_tag?post=63647"}],"curies":[{"name":"wp","href":"https:\/\/api.w.org\/{rel}","templated":true}]}}