{"id":63603,"date":"2026-04-16T16:50:30","date_gmt":"2026-04-16T19:50:30","guid":{"rendered":"https:\/\/9bits.com.ar\/v31\/producto\/ln-hp-m111w-lj-21-ppm-7md68a-wifi\/"},"modified":"2026-04-27T12:54:53","modified_gmt":"2026-04-27T15:54:53","slug":"ln-hp-m111w-lj-21-ppm-7md68a-wifi","status":"publish","type":"product","link":"https:\/\/9bits.com.ar\/v31\/producto\/ln-hp-m111w-lj-21-ppm-7md68a-wifi\/","title":{"rendered":"LN HP M111W LJ 21 PPM 7MD68A WIFI"},"content":{"rendered":"<p>Funciones: Impresi\u00f3n<br \/>\nCapacidad de entrada: Hasta 150 hojas<br \/>\nCapacidad de salida: Hasta 100 hojas<br \/>\nCiclo de trabajo (mensual, A4): Hasta 8000 p\u00e1ginas<br \/>\nConectividad, est\u00e1ndar: 1 USB 2.0 de alta velocidad; conexi\u00f3n inal\u00e1mbrica 802.11b\/g\/n de 2,4 GHz con Bluetooth\u00ae<br \/>\nPeso de soporte, admitido: 65 a 120 g\/m\u00b2<br \/>\nVelocidad de impresi\u00f3n monocrom\u00e1tica: Hasta 21 ppm<br \/>\nVolumen de p\u00e1ginas mensuales recomendado: 100 a 1000<br \/>\nCartuchos de reemplazo: T\u00f3ner HP LaserJet 150A,<br \/>\nnegro (aproximadamente 975 p\u00e1ginas), W1500A.<\/p>\n","protected":false},"excerpt":{"rendered":"<p>Funciones: Impresi\u00f3n Capacidad de entrada: Hasta 150 hojas Capacidad de salida: Hasta 100 hojas Ciclo de trabajo (mensual, A4): Hasta&hellip;<\/p>\n","protected":false},"featured_media":63634,"comment_status":"open","ping_status":"closed","template":"","meta":{"advanced_seo_description":"","jetpack_seo_html_title":"","jetpack_seo_noindex":false},"product_brand":[],"product_cat":[16],"product_tag":[],"class_list":{"0":"post-63603","1":"product","2":"type-product","3":"status-publish","4":"has-post-thumbnail","6":"product_cat-impresoras","8":"first","9":"instock","10":"shipping-taxable","11":"purchasable","12":"product-type-simple","13":"add-to-wishlist-before_image"},"jetpack_likes_enabled":false,"jetpack_sharing_enabled":true,"_links":{"self":[{"href":"https:\/\/9bits.com.ar\/v31\/wp-json\/wp\/v2\/product\/63603","targetHints":{"allow":["GET"]}}],"collection":[{"href":"https:\/\/9bits.com.ar\/v31\/wp-json\/wp\/v2\/product"}],"about":[{"href":"https:\/\/9bits.com.ar\/v31\/wp-json\/wp\/v2\/types\/product"}],"replies":[{"embeddable":true,"href":"https:\/\/9bits.com.ar\/v31\/wp-json\/wp\/v2\/comments?post=63603"}],"wp:featuredmedia":[{"embeddable":true,"href":"https:\/\/9bits.com.ar\/v31\/wp-json\/wp\/v2\/media\/63634"}],"wp:attachment":[{"href":"https:\/\/9bits.com.ar\/v31\/wp-json\/wp\/v2\/media?parent=63603"}],"wp:term":[{"taxonomy":"product_brand","embeddable":true,"href":"https:\/\/9bits.com.ar\/v31\/wp-json\/wp\/v2\/product_brand?post=63603"},{"taxonomy":"product_cat","embeddable":true,"href":"https:\/\/9bits.com.ar\/v31\/wp-json\/wp\/v2\/product_cat?post=63603"},{"taxonomy":"product_tag","embeddable":true,"href":"https:\/\/9bits.com.ar\/v31\/wp-json\/wp\/v2\/product_tag?post=63603"}],"curies":[{"name":"wp","href":"https:\/\/api.w.org\/{rel}","templated":true}]}}