{"id":63518,"date":"2026-03-17T19:12:57","date_gmt":"2026-03-17T22:12:57","guid":{"rendered":"https:\/\/9bits.com.ar\/v31\/producto\/estabilizador-de-tension-lyonn-tca-1200n-v-6-tomas-220v\/"},"modified":"2026-04-27T12:58:50","modified_gmt":"2026-04-27T15:58:50","slug":"estabilizador-de-tension-lyonn-tca-1200n-v-6-tomas-220v","status":"publish","type":"product","link":"https:\/\/9bits.com.ar\/v31\/producto\/estabilizador-de-tension-lyonn-tca-1200n-v-6-tomas-220v\/","title":{"rendered":"ESTABILIZADOR DE TENSION LYONN TCA-1200N-V 6 TOMAS 220V"},"content":{"rendered":"<p>ESTABILIZADOR AUTOM\u00c1TICO DE TENSI\u00d3N<br \/>\nTCA Series<br \/>\nLos Estabilizadores LYONN TCA1200N y TCA2000N<br \/>\nllevan la tensi\u00f3n a niveles seguros y proporcionan protecci\u00f3n contra bajas y sobretensiones breves y prolongadas.<br \/>\nSoportan hasta dos computadoras completas (TCA-1200N), impresoras l\u00e1ser y monitor hasta 19\u0094, o hasta cuatro<br \/>\ncomputadoras completas (TCA-2000N); TV LCD o LED todas las pulgadas y equipos de audio de hasta 5000 W PMPO.<br \/>\nAprobado por resoluci\u00f3n 92\/98 de seguridad el\u00e9ctrica (IRAM).<br \/>\nEst\u00e1n provistos de 6 Tomas.<\/p>\n","protected":false},"excerpt":{"rendered":"<p>ESTABILIZADOR AUTOM\u00c1TICO DE TENSI\u00d3N TCA Series Los Estabilizadores LYONN TCA1200N y TCA2000N llevan la tensi\u00f3n a niveles seguros y proporcionan&hellip;<\/p>\n","protected":false},"featured_media":63534,"comment_status":"open","ping_status":"closed","template":"","meta":{"advanced_seo_description":"","jetpack_seo_html_title":"","jetpack_seo_noindex":false},"product_brand":[],"product_cat":[49],"product_tag":[],"class_list":{"0":"post-63518","1":"product","2":"type-product","3":"status-publish","4":"has-post-thumbnail","6":"product_cat-ups-y-estabilizadores","8":"first","9":"instock","10":"shipping-taxable","11":"purchasable","12":"product-type-simple","13":"add-to-wishlist-before_image"},"jetpack_likes_enabled":false,"jetpack_sharing_enabled":true,"_links":{"self":[{"href":"https:\/\/9bits.com.ar\/v31\/wp-json\/wp\/v2\/product\/63518","targetHints":{"allow":["GET"]}}],"collection":[{"href":"https:\/\/9bits.com.ar\/v31\/wp-json\/wp\/v2\/product"}],"about":[{"href":"https:\/\/9bits.com.ar\/v31\/wp-json\/wp\/v2\/types\/product"}],"replies":[{"embeddable":true,"href":"https:\/\/9bits.com.ar\/v31\/wp-json\/wp\/v2\/comments?post=63518"}],"wp:featuredmedia":[{"embeddable":true,"href":"https:\/\/9bits.com.ar\/v31\/wp-json\/wp\/v2\/media\/63534"}],"wp:attachment":[{"href":"https:\/\/9bits.com.ar\/v31\/wp-json\/wp\/v2\/media?parent=63518"}],"wp:term":[{"taxonomy":"product_brand","embeddable":true,"href":"https:\/\/9bits.com.ar\/v31\/wp-json\/wp\/v2\/product_brand?post=63518"},{"taxonomy":"product_cat","embeddable":true,"href":"https:\/\/9bits.com.ar\/v31\/wp-json\/wp\/v2\/product_cat?post=63518"},{"taxonomy":"product_tag","embeddable":true,"href":"https:\/\/9bits.com.ar\/v31\/wp-json\/wp\/v2\/product_tag?post=63518"}],"curies":[{"name":"wp","href":"https:\/\/api.w.org\/{rel}","templated":true}]}}