{"id":63515,"date":"2026-03-17T19:12:47","date_gmt":"2026-03-17T22:12:47","guid":{"rendered":"https:\/\/9bits.com.ar\/v31\/producto\/reloj-soul-smw-evo400ne-negro\/"},"modified":"2026-04-16T13:02:32","modified_gmt":"2026-04-16T16:02:32","slug":"reloj-soul-smw-evo400ne-negro","status":"publish","type":"product","link":"https:\/\/9bits.com.ar\/v31\/producto\/reloj-soul-smw-evo400ne-negro\/","title":{"rendered":"SMARTWATCH RELOJ SOUL SMW-EVO400NE NEGRO"},"content":{"rendered":"<p>Pantalla led cuadrada t\u00e1ctil 1.83&#8243;. Bluetooth. Tiempo de uso: 3 d\u00edas. Alerta de mensajes y llamadas. Micr\u00f3fono incluido. Funci\u00f3n BT Calling para atender llamadas.\u00a0Sensores de salud: ritmo card\u00edaco\/presi\u00f3n arterial\/oxigeno en sangre. Contador de pasos. Deporte: caminata, running, ciclismo, cross training, funcional. Control de reproducci\u00f3n de m\u00fasica. Recordatorio de hidrataci\u00f3n. Clima. No sumergible. Bater\u00eda recargable 230mAh. Compatible con Android 5.0\/iOS 9.0. Malla de goma. Color: negro<\/p>\n","protected":false},"excerpt":{"rendered":"<p>Pantalla led cuadrada t\u00e1ctil 1.83&#8243;. Bluetooth. Tiempo de uso: 3 d\u00edas. Alerta de mensajes y llamadas. Micr\u00f3fono incluido. Funci\u00f3n BT&hellip;<\/p>\n","protected":false},"featured_media":63530,"comment_status":"open","ping_status":"closed","template":"","meta":{"advanced_seo_description":"","jetpack_seo_html_title":"","jetpack_seo_noindex":false},"product_brand":[],"product_cat":[91],"product_tag":[773],"class_list":{"0":"post-63515","1":"product","2":"type-product","3":"status-publish","4":"has-post-thumbnail","6":"product_cat-smartwatch","7":"product_tag-smartwatch","9":"first","10":"instock","11":"shipping-taxable","12":"purchasable","13":"product-type-simple","14":"add-to-wishlist-before_image"},"jetpack_likes_enabled":false,"jetpack_sharing_enabled":true,"_links":{"self":[{"href":"https:\/\/9bits.com.ar\/v31\/wp-json\/wp\/v2\/product\/63515","targetHints":{"allow":["GET"]}}],"collection":[{"href":"https:\/\/9bits.com.ar\/v31\/wp-json\/wp\/v2\/product"}],"about":[{"href":"https:\/\/9bits.com.ar\/v31\/wp-json\/wp\/v2\/types\/product"}],"replies":[{"embeddable":true,"href":"https:\/\/9bits.com.ar\/v31\/wp-json\/wp\/v2\/comments?post=63515"}],"wp:featuredmedia":[{"embeddable":true,"href":"https:\/\/9bits.com.ar\/v31\/wp-json\/wp\/v2\/media\/63530"}],"wp:attachment":[{"href":"https:\/\/9bits.com.ar\/v31\/wp-json\/wp\/v2\/media?parent=63515"}],"wp:term":[{"taxonomy":"product_brand","embeddable":true,"href":"https:\/\/9bits.com.ar\/v31\/wp-json\/wp\/v2\/product_brand?post=63515"},{"taxonomy":"product_cat","embeddable":true,"href":"https:\/\/9bits.com.ar\/v31\/wp-json\/wp\/v2\/product_cat?post=63515"},{"taxonomy":"product_tag","embeddable":true,"href":"https:\/\/9bits.com.ar\/v31\/wp-json\/wp\/v2\/product_tag?post=63515"}],"curies":[{"name":"wp","href":"https:\/\/api.w.org\/{rel}","templated":true}]}}