{"id":63514,"date":"2026-03-17T19:12:45","date_gmt":"2026-03-17T22:12:45","guid":{"rendered":"https:\/\/9bits.com.ar\/v31\/producto\/contadora-de-billetes-waggs-dbc-001\/"},"modified":"2026-04-16T13:02:25","modified_gmt":"2026-04-16T16:02:25","slug":"contadora-de-billetes-waggs-dbc-001","status":"publish","type":"product","link":"https:\/\/9bits.com.ar\/v31\/producto\/contadora-de-billetes-waggs-dbc-001\/","title":{"rendered":"CONTADORA DE BILLETES WAGGS DBC-001"},"content":{"rendered":"<p>Marca Waggs<br \/>\nModelo DBC-001<br \/>\nOtras caracter\u00edsticas Tipo de detecci\u00f3n UV y MG<br \/>\nMateriales Acero y pl\u00e1stico<br \/>\nTipo de pilas No<br \/>\nAltura x Largo x Ancho 173 cm x 273 cm x 243 cm<br \/>\nPeso 6 kg<br \/>\nCapacidad de bandeja 200<br \/>\nBilletes por minuto1000<br \/>\nCon detector de billetes falsos S\u00ed<br \/>\nEs port\u00e1til No<br \/>\nEs clasificadora No<br \/>\nFunci\u00f3n a bater\u00edaNo<br \/>\nIncluye bater\u00eda No<br \/>\nFunci\u00f3n de conteo por lote S\u00ed<br \/>\nPosee monitor externo S\u00ed<\/p>\n","protected":false},"excerpt":{"rendered":"<p>Marca Waggs Modelo DBC-001 Otras caracter\u00edsticas Tipo de detecci\u00f3n UV y MG Materiales Acero y pl\u00e1stico Tipo de pilas No&hellip;<\/p>\n","protected":false},"featured_media":63527,"comment_status":"open","ping_status":"closed","template":"","meta":{"advanced_seo_description":"","jetpack_seo_html_title":"","jetpack_seo_noindex":false},"product_brand":[],"product_cat":[818,783],"product_tag":[],"class_list":{"0":"post-63514","1":"product","2":"type-product","3":"status-publish","4":"has-post-thumbnail","6":"product_cat-accesorios","7":"product_cat-importados","9":"first","10":"instock","11":"shipping-taxable","12":"purchasable","13":"product-type-simple","14":"add-to-wishlist-before_image"},"jetpack_likes_enabled":false,"jetpack_sharing_enabled":true,"_links":{"self":[{"href":"https:\/\/9bits.com.ar\/v31\/wp-json\/wp\/v2\/product\/63514","targetHints":{"allow":["GET"]}}],"collection":[{"href":"https:\/\/9bits.com.ar\/v31\/wp-json\/wp\/v2\/product"}],"about":[{"href":"https:\/\/9bits.com.ar\/v31\/wp-json\/wp\/v2\/types\/product"}],"replies":[{"embeddable":true,"href":"https:\/\/9bits.com.ar\/v31\/wp-json\/wp\/v2\/comments?post=63514"}],"wp:featuredmedia":[{"embeddable":true,"href":"https:\/\/9bits.com.ar\/v31\/wp-json\/wp\/v2\/media\/63527"}],"wp:attachment":[{"href":"https:\/\/9bits.com.ar\/v31\/wp-json\/wp\/v2\/media?parent=63514"}],"wp:term":[{"taxonomy":"product_brand","embeddable":true,"href":"https:\/\/9bits.com.ar\/v31\/wp-json\/wp\/v2\/product_brand?post=63514"},{"taxonomy":"product_cat","embeddable":true,"href":"https:\/\/9bits.com.ar\/v31\/wp-json\/wp\/v2\/product_cat?post=63514"},{"taxonomy":"product_tag","embeddable":true,"href":"https:\/\/9bits.com.ar\/v31\/wp-json\/wp\/v2\/product_tag?post=63514"}],"curies":[{"name":"wp","href":"https:\/\/api.w.org\/{rel}","templated":true}]}}