{"id":63513,"date":"2026-03-17T19:12:31","date_gmt":"2026-03-17T22:12:31","guid":{"rendered":"https:\/\/9bits.com.ar\/v31\/producto\/smartwatch-reloj-mibro-c4-plateado\/"},"modified":"2026-04-16T13:01:00","modified_gmt":"2026-04-16T16:01:00","slug":"smartwatch-reloj-mibro-c4-plateado","status":"publish","type":"product","link":"https:\/\/9bits.com.ar\/v31\/producto\/smartwatch-reloj-mibro-c4-plateado\/","title":{"rendered":"SMARTWATCH RELOJ MIBRO C4 PLATEADO"},"content":{"rendered":"<p>Pantalla 2.01&#8243;. BT calling. Monitoreo del sue\u00f1o, ox\u00edgeno en sangre, frecuencia card\u00edaca. Impermeabilidad 2 atm. Bateria modo b\u00e1sico: 45 d\u00edas &#8211; modo diario: 10 d\u00edas. +100 deportes. 35 idiomas<\/p>\n","protected":false},"excerpt":{"rendered":"<p>Pantalla 2.01&#8243;. BT calling. Monitoreo del sue\u00f1o, ox\u00edgeno en sangre, frecuencia card\u00edaca. Impermeabilidad 2 atm. Bateria modo b\u00e1sico: 45 d\u00edas&hellip;<\/p>\n","protected":false},"featured_media":63525,"comment_status":"open","ping_status":"closed","template":"","meta":{"advanced_seo_description":"","jetpack_seo_html_title":"","jetpack_seo_noindex":false},"product_brand":[],"product_cat":[91],"product_tag":[773],"class_list":{"0":"post-63513","1":"product","2":"type-product","3":"status-publish","4":"has-post-thumbnail","6":"product_cat-smartwatch","7":"product_tag-smartwatch","9":"first","10":"instock","11":"shipping-taxable","12":"purchasable","13":"product-type-simple","14":"add-to-wishlist-before_image"},"jetpack_likes_enabled":false,"jetpack_sharing_enabled":true,"_links":{"self":[{"href":"https:\/\/9bits.com.ar\/v31\/wp-json\/wp\/v2\/product\/63513","targetHints":{"allow":["GET"]}}],"collection":[{"href":"https:\/\/9bits.com.ar\/v31\/wp-json\/wp\/v2\/product"}],"about":[{"href":"https:\/\/9bits.com.ar\/v31\/wp-json\/wp\/v2\/types\/product"}],"replies":[{"embeddable":true,"href":"https:\/\/9bits.com.ar\/v31\/wp-json\/wp\/v2\/comments?post=63513"}],"wp:featuredmedia":[{"embeddable":true,"href":"https:\/\/9bits.com.ar\/v31\/wp-json\/wp\/v2\/media\/63525"}],"wp:attachment":[{"href":"https:\/\/9bits.com.ar\/v31\/wp-json\/wp\/v2\/media?parent=63513"}],"wp:term":[{"taxonomy":"product_brand","embeddable":true,"href":"https:\/\/9bits.com.ar\/v31\/wp-json\/wp\/v2\/product_brand?post=63513"},{"taxonomy":"product_cat","embeddable":true,"href":"https:\/\/9bits.com.ar\/v31\/wp-json\/wp\/v2\/product_cat?post=63513"},{"taxonomy":"product_tag","embeddable":true,"href":"https:\/\/9bits.com.ar\/v31\/wp-json\/wp\/v2\/product_tag?post=63513"}],"curies":[{"name":"wp","href":"https:\/\/api.w.org\/{rel}","templated":true}]}}