{"id":63469,"date":"2026-03-16T16:47:24","date_gmt":"2026-03-16T19:47:24","guid":{"rendered":"https:\/\/9bits.com.ar\/v31\/producto\/cable-netmak-type-c-a-type-c-m-m-1m-nm-c57\/"},"modified":"2026-04-16T13:01:34","modified_gmt":"2026-04-16T16:01:34","slug":"cable-netmak-type-c-a-type-c-m-m-1m-nm-c57","status":"publish","type":"product","link":"https:\/\/9bits.com.ar\/v31\/producto\/cable-netmak-type-c-a-type-c-m-m-1m-nm-c57\/","title":{"rendered":"CABLE NETMAK TYPE-C A TYPE-C M\/M 1M NM-C57"},"content":{"rendered":"<p>&#8211; Soporta la carga y transmisi\u00f3n de datos<br \/>\n&#8211; Potencia de salida m\u00e1xima: 20V, 3A<br \/>\n&#8211; Velocidad de transmisi\u00f3n m\u00e1xima: 480 Mbps<br \/>\n&#8211; Longitud del cable: 1m<\/p>\n","protected":false},"excerpt":{"rendered":"<p>&#8211; Soporta la carga y transmisi\u00f3n de datos &#8211; Potencia de salida m\u00e1xima: 20V, 3A &#8211; Velocidad de transmisi\u00f3n m\u00e1xima:&hellip;<\/p>\n","protected":false},"featured_media":63484,"comment_status":"open","ping_status":"closed","template":"","meta":{"advanced_seo_description":"","jetpack_seo_html_title":"","jetpack_seo_noindex":false},"product_brand":[],"product_cat":[768],"product_tag":[],"class_list":{"0":"post-63469","1":"product","2":"type-product","3":"status-publish","4":"has-post-thumbnail","6":"product_cat-cables","8":"first","9":"instock","10":"shipping-taxable","11":"purchasable","12":"product-type-simple","13":"add-to-wishlist-before_image"},"jetpack_likes_enabled":false,"jetpack_sharing_enabled":true,"_links":{"self":[{"href":"https:\/\/9bits.com.ar\/v31\/wp-json\/wp\/v2\/product\/63469","targetHints":{"allow":["GET"]}}],"collection":[{"href":"https:\/\/9bits.com.ar\/v31\/wp-json\/wp\/v2\/product"}],"about":[{"href":"https:\/\/9bits.com.ar\/v31\/wp-json\/wp\/v2\/types\/product"}],"replies":[{"embeddable":true,"href":"https:\/\/9bits.com.ar\/v31\/wp-json\/wp\/v2\/comments?post=63469"}],"wp:featuredmedia":[{"embeddable":true,"href":"https:\/\/9bits.com.ar\/v31\/wp-json\/wp\/v2\/media\/63484"}],"wp:attachment":[{"href":"https:\/\/9bits.com.ar\/v31\/wp-json\/wp\/v2\/media?parent=63469"}],"wp:term":[{"taxonomy":"product_brand","embeddable":true,"href":"https:\/\/9bits.com.ar\/v31\/wp-json\/wp\/v2\/product_brand?post=63469"},{"taxonomy":"product_cat","embeddable":true,"href":"https:\/\/9bits.com.ar\/v31\/wp-json\/wp\/v2\/product_cat?post=63469"},{"taxonomy":"product_tag","embeddable":true,"href":"https:\/\/9bits.com.ar\/v31\/wp-json\/wp\/v2\/product_tag?post=63469"}],"curies":[{"name":"wp","href":"https:\/\/api.w.org\/{rel}","templated":true}]}}