{"id":63411,"date":"2026-03-09T12:33:36","date_gmt":"2026-03-09T15:33:36","guid":{"rendered":"https:\/\/9bits.com.ar\/v31\/producto\/auriculares-mic-genius-hs-gx570u-gamer-usb\/"},"modified":"2026-05-15T17:52:25","modified_gmt":"2026-05-15T20:52:25","slug":"auriculares-mic-genius-hs-gx570u-gamer-usb","status":"publish","type":"product","link":"https:\/\/9bits.com.ar\/v31\/producto\/auriculares-mic-genius-hs-gx570u-gamer-usb\/","title":{"rendered":"AURICULARES + MIC GENIUS HS-GX570U GAMER USB"},"content":{"rendered":"<p>Tipo: Auriculares gaming USB<br \/>\nConexi\u00f3n: USB A<br \/>\nUnidad de controlador: 50 mm<br \/>\nRespuesta de frecuencia: 20Hz~20KHz<br \/>\nSensibilidad: 112 \u00b1 3dB<br \/>\nImpedancia: 32 O \u00b1 10%<br \/>\nMicr\u00f3fono: S\u00ed<br \/>\nLongitud del cable (m): 1,8 m<br \/>\nPeso (g): Aprox. 228g \u00b1 10g (sin incluir el cable USB)<br \/>\nDimensiones (An x Al x Pr) mm (pulgadas)<br \/>\n184.2 x 228.9 x 107.5 mm (7.25 x 9.01 x 4.23 pulgadas)<br \/>\nRequisitos del sistema: Windows\u00ae 8, 10, 11 o superior<br \/>\nPuerto USB disponible<br \/>\nColores: Negro<br \/>\n*El color del producto y las im\u00e1genes del paquete son solo de referencia. Consulte el producto f\u00edsico para m\u00e1s precisi\u00f3n.<\/p>\n<p>Contenido del paquete<br \/>\nHS-GX570U<br \/>\nGu\u00eda r\u00e1pida multiling\u00fce<\/p>\n","protected":false},"excerpt":{"rendered":"<p>Tipo: Auriculares gaming USB Conexi\u00f3n: USB A Unidad de controlador: 50 mm Respuesta de frecuencia: 20Hz~20KHz Sensibilidad: 112 \u00b1 3dB&hellip;<\/p>\n","protected":false},"featured_media":63436,"comment_status":"open","ping_status":"closed","template":"","meta":{"advanced_seo_description":"","jetpack_seo_html_title":"","jetpack_seo_noindex":false},"product_brand":[],"product_cat":[38],"product_tag":[802],"class_list":{"0":"post-63411","1":"product","2":"type-product","3":"status-publish","4":"has-post-thumbnail","6":"product_cat-auriculares-y-microfonos","7":"product_tag-gamer","9":"first","10":"instock","11":"shipping-taxable","12":"purchasable","13":"product-type-simple","14":"add-to-wishlist-before_image"},"jetpack_likes_enabled":false,"jetpack_sharing_enabled":true,"_links":{"self":[{"href":"https:\/\/9bits.com.ar\/v31\/wp-json\/wp\/v2\/product\/63411","targetHints":{"allow":["GET"]}}],"collection":[{"href":"https:\/\/9bits.com.ar\/v31\/wp-json\/wp\/v2\/product"}],"about":[{"href":"https:\/\/9bits.com.ar\/v31\/wp-json\/wp\/v2\/types\/product"}],"replies":[{"embeddable":true,"href":"https:\/\/9bits.com.ar\/v31\/wp-json\/wp\/v2\/comments?post=63411"}],"wp:featuredmedia":[{"embeddable":true,"href":"https:\/\/9bits.com.ar\/v31\/wp-json\/wp\/v2\/media\/63436"}],"wp:attachment":[{"href":"https:\/\/9bits.com.ar\/v31\/wp-json\/wp\/v2\/media?parent=63411"}],"wp:term":[{"taxonomy":"product_brand","embeddable":true,"href":"https:\/\/9bits.com.ar\/v31\/wp-json\/wp\/v2\/product_brand?post=63411"},{"taxonomy":"product_cat","embeddable":true,"href":"https:\/\/9bits.com.ar\/v31\/wp-json\/wp\/v2\/product_cat?post=63411"},{"taxonomy":"product_tag","embeddable":true,"href":"https:\/\/9bits.com.ar\/v31\/wp-json\/wp\/v2\/product_tag?post=63411"}],"curies":[{"name":"wp","href":"https:\/\/api.w.org\/{rel}","templated":true}]}}