{"id":63260,"date":"2026-01-30T21:21:07","date_gmt":"2026-01-31T00:21:07","guid":{"rendered":"https:\/\/9bits.com.ar\/v31\/producto\/mfl-hp-m141w-lj-21ppm-7md74a\/"},"modified":"2026-04-16T12:58:00","modified_gmt":"2026-04-16T15:58:00","slug":"mfl-hp-m141w-lj-21ppm-7md74a","status":"publish","type":"product","link":"https:\/\/9bits.com.ar\/v31\/producto\/mfl-hp-m141w-lj-21ppm-7md74a\/","title":{"rendered":"MFL HP M141W LJ 21PPM 7MD74A"},"content":{"rendered":"<p>Funciones: Impresi\u00f3n, escanea y copia.<br \/>\nCapacidad de entrada: Hasta 150 hojas<br \/>\nCapacidad de salida: Hasta 100 hojas<br \/>\nCiclo de trabajo (mensual, A4): Hasta 8000 p\u00e1ginas<br \/>\nConectividad, est\u00e1ndar: 1 USB de alta velocidad (compatible con especificaciones de USB 2.0); Radio Wi-Fi 802.11b\/g\/n (2,4 GHz) + BLE; Conexi\u00f3n inal\u00e1mbrica<br \/>\nPeso de soporte, admitido: 65 a 120 g\/m\u00b2<br \/>\nCiclo de trabajo (mensual, A4): Hasta 8000 p\u00e1ginas<br \/>\nImpresi\u00f3n a doble cara: No<br \/>\nCopias, m\u00e1ximo: Hasta 99 copias<br \/>\nPrincipales caracter\u00edsticas: Escanear y enviar por correo electr\u00f3nico; Escanear y guardar como PDF; Tama\u00f1o compacto<br \/>\nTama\u00f1o de escaneo, m\u00e1ximo: 216 a 297 mm<br \/>\nTipo de esc\u00e1ner: Cama plana<br \/>\nVelocidad de copia (negro, calidad normal, A4): Hasta 20 cpm<br \/>\nCartuchos de reemplazo: T\u00f3ner HP LaserJet 150A,<br \/>\nnegro (aproximadamente 975 p\u00e1ginas), W1500A.<\/p>\n<p>&nbsp;<\/p>\n","protected":false},"excerpt":{"rendered":"<p>Funciones: Impresi\u00f3n, escanea y copia. Capacidad de entrada: Hasta 150 hojas Capacidad de salida: Hasta 100 hojas Ciclo de trabajo&hellip;<\/p>\n","protected":false},"featured_media":63315,"comment_status":"open","ping_status":"closed","template":"","meta":{"advanced_seo_description":"","jetpack_seo_html_title":"","jetpack_seo_noindex":false},"product_brand":[],"product_cat":[16],"product_tag":[],"class_list":{"0":"post-63260","1":"product","2":"type-product","3":"status-publish","4":"has-post-thumbnail","6":"product_cat-impresoras","8":"first","9":"instock","10":"shipping-taxable","11":"purchasable","12":"product-type-simple","13":"add-to-wishlist-before_image"},"jetpack_likes_enabled":false,"jetpack_sharing_enabled":true,"_links":{"self":[{"href":"https:\/\/9bits.com.ar\/v31\/wp-json\/wp\/v2\/product\/63260","targetHints":{"allow":["GET"]}}],"collection":[{"href":"https:\/\/9bits.com.ar\/v31\/wp-json\/wp\/v2\/product"}],"about":[{"href":"https:\/\/9bits.com.ar\/v31\/wp-json\/wp\/v2\/types\/product"}],"replies":[{"embeddable":true,"href":"https:\/\/9bits.com.ar\/v31\/wp-json\/wp\/v2\/comments?post=63260"}],"wp:featuredmedia":[{"embeddable":true,"href":"https:\/\/9bits.com.ar\/v31\/wp-json\/wp\/v2\/media\/63315"}],"wp:attachment":[{"href":"https:\/\/9bits.com.ar\/v31\/wp-json\/wp\/v2\/media?parent=63260"}],"wp:term":[{"taxonomy":"product_brand","embeddable":true,"href":"https:\/\/9bits.com.ar\/v31\/wp-json\/wp\/v2\/product_brand?post=63260"},{"taxonomy":"product_cat","embeddable":true,"href":"https:\/\/9bits.com.ar\/v31\/wp-json\/wp\/v2\/product_cat?post=63260"},{"taxonomy":"product_tag","embeddable":true,"href":"https:\/\/9bits.com.ar\/v31\/wp-json\/wp\/v2\/product_tag?post=63260"}],"curies":[{"name":"wp","href":"https:\/\/api.w.org\/{rel}","templated":true}]}}