{"id":63088,"date":"2026-01-12T12:40:43","date_gmt":"2026-01-12T15:40:43","guid":{"rendered":"https:\/\/9bits.com.ar\/v31\/producto\/auriculares-minnie-mouse-x-tech-inalambrico-mic\/"},"modified":"2026-04-16T13:02:50","modified_gmt":"2026-04-16T16:02:50","slug":"auriculares-minnie-mouse-x-tech-inalambrico-mic","status":"publish","type":"product","link":"https:\/\/9bits.com.ar\/v31\/producto\/auriculares-minnie-mouse-x-tech-inalambrico-mic\/","title":{"rendered":"AURICULARES MINNIE MOUSE X-TECH INALAMBRICO +MIC"},"content":{"rendered":"<p>Aud\u00edfonos est\u00e9reo con micr\u00f3fono y tecnolog\u00eda inal\u00e1mbrica<br \/>\nTransmite audio inal\u00e1mbricamente desde un tel\u00e9fono inteligente, tableta o computadora<br \/>\nBater\u00eda recargable integrada proporciona hasta 8 horas de reproducci\u00f3n<br \/>\nMicr\u00f3fono integrado para conversar con familiares y amigos<br \/>\nDiadema ajustable y almohadillas acolchadas para m\u00e1xima comodidad<br \/>\nEntrada auxiliar para conectar los aud\u00edfonos a un dispositivo y continuar escuchando m\u00fasica<br \/>\nMicroparlantes de 40mm brindan sonido detallado y natural desde varias fuentes de audio<br \/>\nControles integrados para encendido, apagado, m\u00fasica y gesti\u00f3n de llamadas<br \/>\nLas c\u00e1psulas se giran 90 grados para f\u00e1cil portabilidad<br \/>\nDise\u00f1o plegable para un transporte pr\u00e1ctico<br \/>\nEspecificaciones<br \/>\nAud\u00edfono<\/p>\n<p>Factor de forma: Supraaural<br \/>\nUnidad del parlante: f40mm<br \/>\nM\u00e1xima potencia de salida (R.M.S.): 40mW<br \/>\nRespuesta de frecuencia: 100Hz~20kHz<br \/>\nRelaci\u00f3n de se\u00f1al a ruido: 80dB<br \/>\nImpedancia: 32O<br \/>\nSensibilidad: 119+-3dB<br \/>\nColor: Aguamarina<br \/>\nMicr\u00f3fono<\/p>\n<p>Factor de forma: Integrado<br \/>\nDirectividad: Omnidireccional<br \/>\nFrecuencia: 100Hz-10kHz<br \/>\nImpedancia: 680O<br \/>\nSensibilidad: -42dB +-3dB<br \/>\nControl de volumen: Si<br \/>\nBater\u00eda<\/p>\n<p>Tipo: Bater\u00eda de litio de pol\u00edmero ternario recargable de 250mAh<br \/>\nTiempo de carga: 1,30 hora<br \/>\nTiempo de funcionamiento: 8 horas*<br \/>\nTiempo en modo de pausa: 30 horas<br \/>\nM\u00e9todo de carga: Micro USB (5V)<br \/>\nInformaci\u00f3n adicional<\/p>\n<p>Tipo de conexi\u00f3n: Bluetooth\u00ae JL v5.0, 3,5mm**<br \/>\nFrecuencia de RF inal\u00e1mbrica: 2.4GHz-2.480GHz<br \/>\nAlcance inal\u00e1mbrico: 10m<br \/>\nBotones: Encendido\/apagado\/reproducci\u00f3n\/pausa; Volumen -\/pista previa; Llamadas; Volumen +\/siguiente pista<br \/>\nLongitud del cable: Micro USB a USB: 70cm<br \/>\nPeso: 162g<br \/>\nDimensiones (AnxAlxPr): 16x18x7,4cm<br \/>\nGarant\u00eda: Garant\u00eda limitada de un a\u00f1o<br \/>\n*La duraci\u00f3n estimada de la bater\u00eda depende de los h\u00e1bitos de uso y de la regulaci\u00f3n del volumen<\/p>\n<p>**No incluye el cable auxiliar de 3,5mm<\/p>\n","protected":false},"excerpt":{"rendered":"<p>Aud\u00edfonos est\u00e9reo con micr\u00f3fono y tecnolog\u00eda inal\u00e1mbrica Transmite audio inal\u00e1mbricamente desde un tel\u00e9fono inteligente, tableta o computadora Bater\u00eda recargable integrada&hellip;<\/p>\n","protected":false},"featured_media":63128,"comment_status":"open","ping_status":"closed","template":"","meta":{"advanced_seo_description":"","jetpack_seo_html_title":"","jetpack_seo_noindex":false},"product_brand":[],"product_cat":[38],"product_tag":[790],"class_list":{"0":"post-63088","1":"product","2":"type-product","3":"status-publish","4":"has-post-thumbnail","6":"product_cat-auriculares-y-microfonos","7":"product_tag-tws","9":"first","10":"instock","11":"shipping-taxable","12":"purchasable","13":"product-type-simple","14":"add-to-wishlist-before_image"},"jetpack_likes_enabled":false,"jetpack_sharing_enabled":true,"_links":{"self":[{"href":"https:\/\/9bits.com.ar\/v31\/wp-json\/wp\/v2\/product\/63088","targetHints":{"allow":["GET"]}}],"collection":[{"href":"https:\/\/9bits.com.ar\/v31\/wp-json\/wp\/v2\/product"}],"about":[{"href":"https:\/\/9bits.com.ar\/v31\/wp-json\/wp\/v2\/types\/product"}],"replies":[{"embeddable":true,"href":"https:\/\/9bits.com.ar\/v31\/wp-json\/wp\/v2\/comments?post=63088"}],"wp:featuredmedia":[{"embeddable":true,"href":"https:\/\/9bits.com.ar\/v31\/wp-json\/wp\/v2\/media\/63128"}],"wp:attachment":[{"href":"https:\/\/9bits.com.ar\/v31\/wp-json\/wp\/v2\/media?parent=63088"}],"wp:term":[{"taxonomy":"product_brand","embeddable":true,"href":"https:\/\/9bits.com.ar\/v31\/wp-json\/wp\/v2\/product_brand?post=63088"},{"taxonomy":"product_cat","embeddable":true,"href":"https:\/\/9bits.com.ar\/v31\/wp-json\/wp\/v2\/product_cat?post=63088"},{"taxonomy":"product_tag","embeddable":true,"href":"https:\/\/9bits.com.ar\/v31\/wp-json\/wp\/v2\/product_tag?post=63088"}],"curies":[{"name":"wp","href":"https:\/\/api.w.org\/{rel}","templated":true}]}}