{"id":63083,"date":"2026-01-12T12:40:14","date_gmt":"2026-01-12T15:40:14","guid":{"rendered":"https:\/\/9bits.com.ar\/v31\/producto\/sistema-mesh-tp-link-deco-e4-pack-2-ac1200\/"},"modified":"2026-04-16T13:00:32","modified_gmt":"2026-04-16T16:00:32","slug":"sistema-mesh-tp-link-deco-e4-pack-2-ac1200","status":"publish","type":"product","link":"https:\/\/9bits.com.ar\/v31\/producto\/sistema-mesh-tp-link-deco-e4-pack-2-ac1200\/","title":{"rendered":"SISTEMA MESH TP-LINK DECO E4 (PACK 2) AC1200"},"content":{"rendered":"<p>Info: PACK de 2 DISPOSITIVOS<br \/>\nInfo: Deco utiliza un sistema de unidades para lograr una cobertura Wi-Fi perfecta en todo el hogar \u00a1elimine las \u00e1reas de se\u00f1al d\u00e9bil de una vez por todas!<br \/>\nInfo: Con la avanzada tecnolog\u00eda Deco Mesh, las unidades trabajan juntas para formar una red unificada con un solo nombre de red. Los dispositivos cambian autom\u00e1ticamente entre Decos a medida que se desplaza por su hogar para obtener las velocidades m\u00e1s r\u00e1pidas posibles.<br \/>\nInfo: Deco E4 proporciona conexiones r\u00e1pidas y estables con velocidades de hasta 1167 Mbps y funciona con los principales proveedores de servicios de Internet (ISP) y m\u00f3dem.<br \/>\nWifi: AC1200 &#8211; 5 GHz: 867 Mbps (802.11ac) &#8211; 2.4 GHz: 300 Mbps (802.11n)<br \/>\nWifi: 2 \u00d7 antenas (internas) Varias antenas forman una matriz de refuerzo de se\u00f1al para cubrir m\u00e1s direcciones y \u00e1reas grandes<br \/>\nPuertos: 2 puertos de 10\/100 Mbps &#8211; Fast Ethernet.<\/p>\n","protected":false},"excerpt":{"rendered":"<p>Info: PACK de 2 DISPOSITIVOS Info: Deco utiliza un sistema de unidades para lograr una cobertura Wi-Fi perfecta en todo&hellip;<\/p>\n","protected":false},"featured_media":63137,"comment_status":"open","ping_status":"closed","template":"","meta":{"advanced_seo_description":"","jetpack_seo_html_title":"","jetpack_seo_noindex":false},"product_brand":[],"product_cat":[47],"product_tag":[],"class_list":{"0":"post-63083","1":"product","2":"type-product","3":"status-publish","4":"has-post-thumbnail","6":"product_cat-redes-wireless","8":"first","9":"instock","10":"shipping-taxable","11":"purchasable","12":"product-type-simple","13":"add-to-wishlist-before_image"},"jetpack_likes_enabled":false,"jetpack_sharing_enabled":true,"_links":{"self":[{"href":"https:\/\/9bits.com.ar\/v31\/wp-json\/wp\/v2\/product\/63083","targetHints":{"allow":["GET"]}}],"collection":[{"href":"https:\/\/9bits.com.ar\/v31\/wp-json\/wp\/v2\/product"}],"about":[{"href":"https:\/\/9bits.com.ar\/v31\/wp-json\/wp\/v2\/types\/product"}],"replies":[{"embeddable":true,"href":"https:\/\/9bits.com.ar\/v31\/wp-json\/wp\/v2\/comments?post=63083"}],"wp:featuredmedia":[{"embeddable":true,"href":"https:\/\/9bits.com.ar\/v31\/wp-json\/wp\/v2\/media\/63137"}],"wp:attachment":[{"href":"https:\/\/9bits.com.ar\/v31\/wp-json\/wp\/v2\/media?parent=63083"}],"wp:term":[{"taxonomy":"product_brand","embeddable":true,"href":"https:\/\/9bits.com.ar\/v31\/wp-json\/wp\/v2\/product_brand?post=63083"},{"taxonomy":"product_cat","embeddable":true,"href":"https:\/\/9bits.com.ar\/v31\/wp-json\/wp\/v2\/product_cat?post=63083"},{"taxonomy":"product_tag","embeddable":true,"href":"https:\/\/9bits.com.ar\/v31\/wp-json\/wp\/v2\/product_tag?post=63083"}],"curies":[{"name":"wp","href":"https:\/\/api.w.org\/{rel}","templated":true}]}}