{"id":63070,"date":"2026-01-12T12:39:22","date_gmt":"2026-01-12T15:39:22","guid":{"rendered":"https:\/\/9bits.com.ar\/v31\/producto\/mouse-logitech-m196-bluethooth-white\/"},"modified":"2026-04-16T12:57:12","modified_gmt":"2026-04-16T15:57:12","slug":"mouse-logitech-m196-bluethooth-white","status":"publish","type":"product","link":"https:\/\/9bits.com.ar\/v31\/producto\/mouse-logitech-m196-bluethooth-white\/","title":{"rendered":"MOUSE LOGITECH M196 BLUETHOOTH WHITE"},"content":{"rendered":"<p>Dimensiones:<br \/>\nAltura: 100 mm<br \/>\nAnchura: 60 mm<br \/>\nProfundidad: 38 mm<br \/>\nPeso (con bater\u00edas): 76 g<br \/>\nEspecificaciones t\u00e9cnicas<br \/>\nTecnolog\u00eda de sensor<br \/>\nSeguimiento \u00f3ptico uniforme: 1000 DPI<br \/>\nDesplazamiento<br \/>\nDesplazamiento l\u00ednea por l\u00ednea<br \/>\nRueda de desplazamiento: 2D, mec\u00e1nico<br \/>\nDetalles de bater\u00eda<br \/>\nDuraci\u00f3n de bater\u00edas: 12 meses 1La duraci\u00f3n de las bater\u00edas depende de las condiciones de uso.<br \/>\nUna bater\u00eda AA (preinstalada)<br \/>\nConectividad<br \/>\nTipo de conexi\u00f3n: Tecnolog\u00eda Bluetooth Low Energy 2Dispositivos m\u00f3viles o computadoras con Bluetooth compatibles con mouse externos (perfil HID). Consulta al fabricante del dispositivo para obtener m\u00e1s informaci\u00f3n.<br \/>\nRadio de acci\u00f3n inal\u00e1mbrico: 10 m 3El radio de acci\u00f3n inal\u00e1mbrico depende del usuario, las condiciones del entorno y de los dispositivos.<br \/>\nConexi\u00f3n\/Alimentaci\u00f3n: interruptor de ENCENDIDO\/APAGADO, modo de emparejamiento con pulsaci\u00f3n larga<br \/>\nSostenibilidad<br \/>\nPl\u00e1stico en grafito: 67% de material reciclado posconsumo 4No incluye el conjunto de cableado impreso (PWA) ni el empaque.<br \/>\nPl\u00e1stico en blanco crudo y rosado: 66% de material reciclado posconsumo 5No incluye el conjunto de cableado impreso (PWA) ni el empaque.<br \/>\nInformaci\u00f3n de garant\u00eda<br \/>\nUn a\u00f1o de garant\u00eda de hardware limitada<\/p>\n","protected":false},"excerpt":{"rendered":"<p>Dimensiones: Altura: 100 mm Anchura: 60 mm Profundidad: 38 mm Peso (con bater\u00edas): 76 g Especificaciones t\u00e9cnicas Tecnolog\u00eda de sensor&hellip;<\/p>\n","protected":false},"featured_media":63102,"comment_status":"open","ping_status":"closed","template":"","meta":{"advanced_seo_description":"","jetpack_seo_html_title":"","jetpack_seo_noindex":false},"product_brand":[],"product_cat":[37],"product_tag":[],"class_list":{"0":"post-63070","1":"product","2":"type-product","3":"status-publish","4":"has-post-thumbnail","6":"product_cat-teclados-mouse-y-webcam","8":"first","9":"instock","10":"shipping-taxable","11":"purchasable","12":"product-type-simple","13":"add-to-wishlist-before_image"},"jetpack_likes_enabled":false,"jetpack_sharing_enabled":true,"_links":{"self":[{"href":"https:\/\/9bits.com.ar\/v31\/wp-json\/wp\/v2\/product\/63070","targetHints":{"allow":["GET"]}}],"collection":[{"href":"https:\/\/9bits.com.ar\/v31\/wp-json\/wp\/v2\/product"}],"about":[{"href":"https:\/\/9bits.com.ar\/v31\/wp-json\/wp\/v2\/types\/product"}],"replies":[{"embeddable":true,"href":"https:\/\/9bits.com.ar\/v31\/wp-json\/wp\/v2\/comments?post=63070"}],"wp:featuredmedia":[{"embeddable":true,"href":"https:\/\/9bits.com.ar\/v31\/wp-json\/wp\/v2\/media\/63102"}],"wp:attachment":[{"href":"https:\/\/9bits.com.ar\/v31\/wp-json\/wp\/v2\/media?parent=63070"}],"wp:term":[{"taxonomy":"product_brand","embeddable":true,"href":"https:\/\/9bits.com.ar\/v31\/wp-json\/wp\/v2\/product_brand?post=63070"},{"taxonomy":"product_cat","embeddable":true,"href":"https:\/\/9bits.com.ar\/v31\/wp-json\/wp\/v2\/product_cat?post=63070"},{"taxonomy":"product_tag","embeddable":true,"href":"https:\/\/9bits.com.ar\/v31\/wp-json\/wp\/v2\/product_tag?post=63070"}],"curies":[{"name":"wp","href":"https:\/\/api.w.org\/{rel}","templated":true}]}}