{"id":63007,"date":"2025-12-26T09:55:41","date_gmt":"2025-12-26T12:55:41","guid":{"rendered":"https:\/\/9bits.com.ar\/v31\/producto\/mouse-usb-wireles-nm-m680-s-gris-netmak\/"},"modified":"2026-04-16T13:01:17","modified_gmt":"2026-04-16T16:01:17","slug":"mouse-usb-wireles-nm-m680-s-gris-netmak","status":"publish","type":"product","link":"https:\/\/9bits.com.ar\/v31\/producto\/mouse-usb-wireles-nm-m680-s-gris-netmak\/","title":{"rendered":"MOUSE USB WIRELES NM-M680-S GRIS NETMAK"},"content":{"rendered":"<p>Conexi\u00f3n: 2.4Ghz Inal\u00e1mbrico<br \/>\nPlug and Play, s\u00f3lo conecta el receptor USB a tu equipo y listo.<br \/>\nModo ahorro de bater\u00eda, se apaga en reposo y se activa cuando lo mueves.<br \/>\nTama\u00f1o compacto, podr\u00e1s llev\u00e1rtelo a cualquier parte.<br \/>\nBater\u00eda: 1 Pila AA (no incluida).<br \/>\nAlcance: Hasta 10 Metros.<br \/>\nResoluci\u00f3n ajustable: 1200 DPI.<br \/>\nCompatible con todos los sistemas operativos.<br \/>\nCantidad de botones: 3.<br \/>\nMedidas: 102x64x35mm.<\/p>\n","protected":false},"excerpt":{"rendered":"<p>Conexi\u00f3n: 2.4Ghz Inal\u00e1mbrico Plug and Play, s\u00f3lo conecta el receptor USB a tu equipo y listo. Modo ahorro de bater\u00eda,&hellip;<\/p>\n","protected":false},"featured_media":63028,"comment_status":"open","ping_status":"closed","template":"","meta":{"advanced_seo_description":"","jetpack_seo_html_title":"","jetpack_seo_noindex":false},"product_brand":[],"product_cat":[37],"product_tag":[],"class_list":{"0":"post-63007","1":"product","2":"type-product","3":"status-publish","4":"has-post-thumbnail","6":"product_cat-teclados-mouse-y-webcam","8":"first","9":"instock","10":"shipping-taxable","11":"purchasable","12":"product-type-simple","13":"add-to-wishlist-before_image"},"jetpack_likes_enabled":false,"jetpack_sharing_enabled":true,"_links":{"self":[{"href":"https:\/\/9bits.com.ar\/v31\/wp-json\/wp\/v2\/product\/63007","targetHints":{"allow":["GET"]}}],"collection":[{"href":"https:\/\/9bits.com.ar\/v31\/wp-json\/wp\/v2\/product"}],"about":[{"href":"https:\/\/9bits.com.ar\/v31\/wp-json\/wp\/v2\/types\/product"}],"replies":[{"embeddable":true,"href":"https:\/\/9bits.com.ar\/v31\/wp-json\/wp\/v2\/comments?post=63007"}],"wp:featuredmedia":[{"embeddable":true,"href":"https:\/\/9bits.com.ar\/v31\/wp-json\/wp\/v2\/media\/63028"}],"wp:attachment":[{"href":"https:\/\/9bits.com.ar\/v31\/wp-json\/wp\/v2\/media?parent=63007"}],"wp:term":[{"taxonomy":"product_brand","embeddable":true,"href":"https:\/\/9bits.com.ar\/v31\/wp-json\/wp\/v2\/product_brand?post=63007"},{"taxonomy":"product_cat","embeddable":true,"href":"https:\/\/9bits.com.ar\/v31\/wp-json\/wp\/v2\/product_cat?post=63007"},{"taxonomy":"product_tag","embeddable":true,"href":"https:\/\/9bits.com.ar\/v31\/wp-json\/wp\/v2\/product_tag?post=63007"}],"curies":[{"name":"wp","href":"https:\/\/api.w.org\/{rel}","templated":true}]}}