{"id":62942,"date":"2025-12-23T10:13:33","date_gmt":"2025-12-23T13:13:33","guid":{"rendered":"https:\/\/9bits.com.ar\/v31\/producto\/maletin-p-notebook-13-xo-cb01-negro-mac\/"},"modified":"2026-04-16T13:00:19","modified_gmt":"2026-04-16T16:00:19","slug":"maletin-p-notebook-13-xo-cb01-negro-mac","status":"publish","type":"product","link":"https:\/\/9bits.com.ar\/v31\/producto\/maletin-p-notebook-13-xo-cb01-negro-mac\/","title":{"rendered":"MALETIN P\/NOTEBOOK 13&#8243; XO-CB01 NEGRO MAC"},"content":{"rendered":"<p>Bolso para notebook a prueba de salpicaduras<br \/>\n&#8211; Tama\u00f1o: Modelo de 14&#8243;: Dimensiones internas: 38,5 cm x 28,5 cm x 2,5 cm.<br \/>\nModelo de 13&#8243;: Dimensiones internas: 37 cm x 26 cm x 2,5 cm.<br \/>\n&#8211; Resistente al agua: Fabricada con poli\u00e9ster repelente al agua que protege el contenido frente a salpicaduras.<br \/>\n&#8211; Mango oculto: Permite utilizarla como malet\u00edn o bolso para port\u00e1til seg\u00fan la ocasi\u00f3n.<br \/>\n&#8211; Espacio adicional: Cuenta con un amplio bolsillo frontal con cremallera para guardar cargadores, cables, ratones y otros accesorios. Adem\u00e1s, incluye un bolsillo exterior abierto para objetos peque\u00f1os.<br \/>\n&#8211; Interior ultra suave: Forro de franela ultra suave que protege el port\u00e1til contra ara\u00f1azos, polvo y golpes.<\/p>\n","protected":false},"excerpt":{"rendered":"<p>Bolso para notebook a prueba de salpicaduras &#8211; Tama\u00f1o: Modelo de 14&#8243;: Dimensiones internas: 38,5 cm x 28,5 cm x&hellip;<\/p>\n","protected":false},"featured_media":62969,"comment_status":"open","ping_status":"closed","template":"","meta":{"advanced_seo_description":"","jetpack_seo_html_title":"","jetpack_seo_noindex":false},"product_brand":[],"product_cat":[820],"product_tag":[],"class_list":{"0":"post-62942","1":"product","2":"type-product","3":"status-publish","4":"has-post-thumbnail","6":"product_cat-mochilas-maletines","8":"first","9":"instock","10":"shipping-taxable","11":"purchasable","12":"product-type-simple","13":"add-to-wishlist-before_image"},"jetpack_likes_enabled":false,"jetpack_sharing_enabled":true,"_links":{"self":[{"href":"https:\/\/9bits.com.ar\/v31\/wp-json\/wp\/v2\/product\/62942","targetHints":{"allow":["GET"]}}],"collection":[{"href":"https:\/\/9bits.com.ar\/v31\/wp-json\/wp\/v2\/product"}],"about":[{"href":"https:\/\/9bits.com.ar\/v31\/wp-json\/wp\/v2\/types\/product"}],"replies":[{"embeddable":true,"href":"https:\/\/9bits.com.ar\/v31\/wp-json\/wp\/v2\/comments?post=62942"}],"wp:featuredmedia":[{"embeddable":true,"href":"https:\/\/9bits.com.ar\/v31\/wp-json\/wp\/v2\/media\/62969"}],"wp:attachment":[{"href":"https:\/\/9bits.com.ar\/v31\/wp-json\/wp\/v2\/media?parent=62942"}],"wp:term":[{"taxonomy":"product_brand","embeddable":true,"href":"https:\/\/9bits.com.ar\/v31\/wp-json\/wp\/v2\/product_brand?post=62942"},{"taxonomy":"product_cat","embeddable":true,"href":"https:\/\/9bits.com.ar\/v31\/wp-json\/wp\/v2\/product_cat?post=62942"},{"taxonomy":"product_tag","embeddable":true,"href":"https:\/\/9bits.com.ar\/v31\/wp-json\/wp\/v2\/product_tag?post=62942"}],"curies":[{"name":"wp","href":"https:\/\/api.w.org\/{rel}","templated":true}]}}