{"id":62905,"date":"2025-12-10T10:50:54","date_gmt":"2025-12-10T13:50:54","guid":{"rendered":"https:\/\/9bits.com.ar\/v31\/producto\/auricular-mic-x-tech-khi-gamer-usb-rosa\/"},"modified":"2026-05-15T17:54:24","modified_gmt":"2026-05-15T20:54:24","slug":"auricular-mic-x-tech-khi-gamer-usb-rosa","status":"publish","type":"product","link":"https:\/\/9bits.com.ar\/v31\/producto\/auricular-mic-x-tech-khi-gamer-usb-rosa\/","title":{"rendered":"AURICULAR + MIC X-TECH KHI GAMER USB ROSA"},"content":{"rendered":"<p>Iluminaci\u00f3n LED a\u00f1ade un toque colorido a tu ambiente de videojuegos<br \/>\nMicroparlantes de 40mm brindan sonido potente para escuchar detalles del juego y estar un paso adelante de tus rivales<br \/>\nDiadema autoajustable con estructura flexible y almohadillas de cuerina aseguran un acoplamiento personalizado<br \/>\nMicr\u00f3fono omnidireccional flexible permite posicionarlo en el \u00e1ngulo de tu preferencia y asegura comunicaciones claras con tus compa\u00f1eros de equipo<br \/>\nSu compatibilidad multiplataforma los hace vers\u00e1tiles para usarlos con videojuegos de computadora y consolas de juegos<br \/>\nDise\u00f1o liviano para extensas sesiones de juego<br \/>\nTipo de conexi\u00f3n: 3,5mm (TRRS) y USB para alimentaci\u00f3n. Incluye un adaptador divisor hembra de 3,5mm a enchufes duales de 3,5mm (TRS)<\/p>\n","protected":false},"excerpt":{"rendered":"<p>Iluminaci\u00f3n LED a\u00f1ade un toque colorido a tu ambiente de videojuegos Microparlantes de 40mm brindan sonido potente para escuchar detalles&hellip;<\/p>\n","protected":false},"featured_media":62907,"comment_status":"open","ping_status":"closed","template":"","meta":{"advanced_seo_description":"","jetpack_seo_html_title":"","jetpack_seo_noindex":false},"product_brand":[],"product_cat":[38],"product_tag":[802],"class_list":{"0":"post-62905","1":"product","2":"type-product","3":"status-publish","4":"has-post-thumbnail","6":"product_cat-auriculares-y-microfonos","7":"product_tag-gamer","9":"first","10":"instock","11":"shipping-taxable","12":"purchasable","13":"product-type-simple","14":"add-to-wishlist-before_image"},"jetpack_likes_enabled":false,"jetpack_sharing_enabled":true,"_links":{"self":[{"href":"https:\/\/9bits.com.ar\/v31\/wp-json\/wp\/v2\/product\/62905","targetHints":{"allow":["GET"]}}],"collection":[{"href":"https:\/\/9bits.com.ar\/v31\/wp-json\/wp\/v2\/product"}],"about":[{"href":"https:\/\/9bits.com.ar\/v31\/wp-json\/wp\/v2\/types\/product"}],"replies":[{"embeddable":true,"href":"https:\/\/9bits.com.ar\/v31\/wp-json\/wp\/v2\/comments?post=62905"}],"wp:featuredmedia":[{"embeddable":true,"href":"https:\/\/9bits.com.ar\/v31\/wp-json\/wp\/v2\/media\/62907"}],"wp:attachment":[{"href":"https:\/\/9bits.com.ar\/v31\/wp-json\/wp\/v2\/media?parent=62905"}],"wp:term":[{"taxonomy":"product_brand","embeddable":true,"href":"https:\/\/9bits.com.ar\/v31\/wp-json\/wp\/v2\/product_brand?post=62905"},{"taxonomy":"product_cat","embeddable":true,"href":"https:\/\/9bits.com.ar\/v31\/wp-json\/wp\/v2\/product_cat?post=62905"},{"taxonomy":"product_tag","embeddable":true,"href":"https:\/\/9bits.com.ar\/v31\/wp-json\/wp\/v2\/product_tag?post=62905"}],"curies":[{"name":"wp","href":"https:\/\/api.w.org\/{rel}","templated":true}]}}