{"id":62673,"date":"2025-10-16T20:18:12","date_gmt":"2025-10-16T23:18:12","guid":{"rendered":"https:\/\/9bits.com.ar\/v31\/producto\/smart-watch-performance-p85-black\/"},"modified":"2026-04-16T13:02:18","modified_gmt":"2026-04-16T16:02:18","slug":"smart-watch-performance-p85-black","status":"publish","type":"product","link":"https:\/\/9bits.com.ar\/v31\/producto\/smart-watch-performance-p85-black\/","title":{"rendered":"SMART WATCH PERFORMANCE P85 BLACK"},"content":{"rendered":"<p>Android 5.1 o superior, iOS 8.0 o superior<br \/>\nRAM+ROM: 640 KB ROM: 64 MB<br \/>\nTipo de LCD: TFT<br \/>\nTama\u00f1o de la pantalla: 1,93 pulgadas<br \/>\nResoluci\u00f3n: 240 x 288<br \/>\nPantalla: t\u00e1ctil<br \/>\nBluetooth 5.3<br \/>\nLlamadas Bluetooth: S\u00ed<br \/>\nBater\u00eda: 300 mAh<br \/>\nResistencia al polvo y al agua hasta 1 ATM.<br \/>\nTama\u00f1o (mm): 46 x 38,7 x 11<br \/>\nPeso: 37 g<br \/>\nColor: negro<br \/>\nFunciones del software: contador de pasos, sue\u00f1o, frecuencia card\u00edaca, registro de entrenamiento, control de m\u00fasica<br \/>\nSelecci\u00f3n de esferas de reloj, notificaciones de mensajes y aplicaciones, despertador diario, control de c\u00e1mara<br \/>\nEncuentra el reloj, Hora en modo No molestar, Funci\u00f3n de activaci\u00f3n al levantar.<br \/>\nLlamadas Bluetooth: Realizar y responder llamadas, rechazar llamadas, ver registros de llamadas y a\u00f1adir contactos<br \/>\nRegistro de ejercicios: Pasos, distancia, calor\u00edas, modo de ejercicio (m\u00e1s de 100)<br \/>\nGesti\u00f3n de la salud: frecuencia card\u00edaca, saturaci\u00f3n de ox\u00edgeno en sangre, presi\u00f3n arterial, seguimiento del sue\u00f1o, recordatorios fisiol\u00f3gicos femeninos<br \/>\nOtras funciones: calculadora, cron\u00f3metro, pron\u00f3stico del tiempo, despertador, asistente de voz, control de fotos, control y reproducci\u00f3n de m\u00fasica<\/p>\n","protected":false},"excerpt":{"rendered":"<p>Android 5.1 o superior, iOS 8.0 o superior RAM+ROM: 640 KB ROM: 64 MB Tipo de LCD: TFT Tama\u00f1o de&hellip;<\/p>\n","protected":false},"featured_media":62701,"comment_status":"open","ping_status":"closed","template":"","meta":{"advanced_seo_description":"","jetpack_seo_html_title":"","jetpack_seo_noindex":false},"product_brand":[],"product_cat":[91],"product_tag":[773],"class_list":{"0":"post-62673","1":"product","2":"type-product","3":"status-publish","4":"has-post-thumbnail","6":"product_cat-smartwatch","7":"product_tag-smartwatch","9":"first","10":"instock","11":"shipping-taxable","12":"purchasable","13":"product-type-simple","14":"add-to-wishlist-before_image"},"jetpack_likes_enabled":false,"jetpack_sharing_enabled":true,"_links":{"self":[{"href":"https:\/\/9bits.com.ar\/v31\/wp-json\/wp\/v2\/product\/62673","targetHints":{"allow":["GET"]}}],"collection":[{"href":"https:\/\/9bits.com.ar\/v31\/wp-json\/wp\/v2\/product"}],"about":[{"href":"https:\/\/9bits.com.ar\/v31\/wp-json\/wp\/v2\/types\/product"}],"replies":[{"embeddable":true,"href":"https:\/\/9bits.com.ar\/v31\/wp-json\/wp\/v2\/comments?post=62673"}],"wp:featuredmedia":[{"embeddable":true,"href":"https:\/\/9bits.com.ar\/v31\/wp-json\/wp\/v2\/media\/62701"}],"wp:attachment":[{"href":"https:\/\/9bits.com.ar\/v31\/wp-json\/wp\/v2\/media?parent=62673"}],"wp:term":[{"taxonomy":"product_brand","embeddable":true,"href":"https:\/\/9bits.com.ar\/v31\/wp-json\/wp\/v2\/product_brand?post=62673"},{"taxonomy":"product_cat","embeddable":true,"href":"https:\/\/9bits.com.ar\/v31\/wp-json\/wp\/v2\/product_cat?post=62673"},{"taxonomy":"product_tag","embeddable":true,"href":"https:\/\/9bits.com.ar\/v31\/wp-json\/wp\/v2\/product_tag?post=62673"}],"curies":[{"name":"wp","href":"https:\/\/api.w.org\/{rel}","templated":true}]}}