{"id":62664,"date":"2025-10-16T20:17:26","date_gmt":"2025-10-16T23:17:26","guid":{"rendered":"https:\/\/9bits.com.ar\/v31\/producto\/tecmouse-logitech-mk270-wireless-black-latino\/"},"modified":"2026-04-16T12:57:12","modified_gmt":"2026-04-16T15:57:12","slug":"tecmouse-logitech-mk270-wireless-black-latino","status":"publish","type":"product","link":"https:\/\/9bits.com.ar\/v31\/producto\/tecmouse-logitech-mk270-wireless-black-latino\/","title":{"rendered":"TEC+MOUSE LOGITECH MK270 WIRELESS BLACK LATINO"},"content":{"rendered":"<p>Especificaciones t\u00e9cnicasRadio de acci\u00f3n inal\u00e1mbrico: 10 m 1El radio de acci\u00f3n inal\u00e1mbrico depende de las condiciones del entorno y de los dispositivos.TecladoDise\u00f1o resistente a salpicaduras 2Pruebas realizadas en condiciones limitadas (m\u00e1ximo de 60 ml de l\u00edquido). No sumerjas el teclado en ning\u00fan l\u00edquido.Altura de teclado ajustableTeclado num\u00e9rico con 10 teclasTipo de teclas: c\u00f3ncavasIndicador luminoso de bloqueo de may\u00fasculasConmutador de encendido\/apagado2 bater\u00edas AAA (alcalinas)Duraci\u00f3n de bater\u00edas: 36 meses 3Duraci\u00f3n de bater\u00edas de teclado calculada seg\u00fan una estimaci\u00f3n de dos millones de pulsaciones al a\u00f1o en un entorno empresarial. No se garantiza la misma experiencia. La duraci\u00f3n de las bater\u00edas del mouse depende del uso y de los dispositivos.MouseTecnolog\u00eda del sensor: Seguimiento \u00f3ptico uniformeN\u00famero de botones: 3 (click izquierdo\/derecho, click de bot\u00f3n central)Desplazamiento: l\u00ednea a l\u00edneaRueda de desplazamiento: S\u00ed, 2D, \u00f3pticoConexi\u00f3n\/alimentaci\u00f3n: Bot\u00f3n de encendido\/apagado1 bater\u00eda AA (alcalina)Duraci\u00f3n de pilas: 12 meses 4Duraci\u00f3n de bater\u00edas de teclado calculada seg\u00fan una estimaci\u00f3n de dos millones de pulsaciones al a\u00f1o en un entorno empresarial. No se garantiza la misma experiencia. La duraci\u00f3n de las bater\u00edas del mouse depende del uso y de los dispositivos.<\/p>\n","protected":false},"excerpt":{"rendered":"<p>Especificaciones t\u00e9cnicasRadio de acci\u00f3n inal\u00e1mbrico: 10 m 1El radio de acci\u00f3n inal\u00e1mbrico depende de las condiciones del entorno y de&hellip;<\/p>\n","protected":false},"featured_media":62687,"comment_status":"open","ping_status":"closed","template":"","meta":{"advanced_seo_description":"","jetpack_seo_html_title":"","jetpack_seo_noindex":false},"product_brand":[],"product_cat":[37],"product_tag":[],"class_list":{"0":"post-62664","1":"product","2":"type-product","3":"status-publish","4":"has-post-thumbnail","6":"product_cat-teclados-mouse-y-webcam","8":"first","9":"instock","10":"shipping-taxable","11":"purchasable","12":"product-type-simple","13":"add-to-wishlist-before_image"},"jetpack_likes_enabled":false,"jetpack_sharing_enabled":true,"_links":{"self":[{"href":"https:\/\/9bits.com.ar\/v31\/wp-json\/wp\/v2\/product\/62664","targetHints":{"allow":["GET"]}}],"collection":[{"href":"https:\/\/9bits.com.ar\/v31\/wp-json\/wp\/v2\/product"}],"about":[{"href":"https:\/\/9bits.com.ar\/v31\/wp-json\/wp\/v2\/types\/product"}],"replies":[{"embeddable":true,"href":"https:\/\/9bits.com.ar\/v31\/wp-json\/wp\/v2\/comments?post=62664"}],"wp:featuredmedia":[{"embeddable":true,"href":"https:\/\/9bits.com.ar\/v31\/wp-json\/wp\/v2\/media\/62687"}],"wp:attachment":[{"href":"https:\/\/9bits.com.ar\/v31\/wp-json\/wp\/v2\/media?parent=62664"}],"wp:term":[{"taxonomy":"product_brand","embeddable":true,"href":"https:\/\/9bits.com.ar\/v31\/wp-json\/wp\/v2\/product_brand?post=62664"},{"taxonomy":"product_cat","embeddable":true,"href":"https:\/\/9bits.com.ar\/v31\/wp-json\/wp\/v2\/product_cat?post=62664"},{"taxonomy":"product_tag","embeddable":true,"href":"https:\/\/9bits.com.ar\/v31\/wp-json\/wp\/v2\/product_tag?post=62664"}],"curies":[{"name":"wp","href":"https:\/\/api.w.org\/{rel}","templated":true}]}}