{"id":62534,"date":"2025-09-23T16:52:16","date_gmt":"2025-09-23T19:52:16","guid":{"rendered":"https:\/\/9bits.com.ar\/v31\/producto\/nb-hp-15-6-250-i5-1334u-16gb-ssd512gb-w11home\/"},"modified":"2026-05-15T17:55:59","modified_gmt":"2026-05-15T20:55:59","slug":"nb-hp-15-6-250-i5-1334u-16gb-ssd512gb-w11home","status":"publish","type":"product","link":"https:\/\/9bits.com.ar\/v31\/producto\/nb-hp-15-6-250-i5-1334u-16gb-ssd512gb-w11home\/","title":{"rendered":"NB HP 15.6 250 I5-1334U 16GB SSD512GB W11HOME"},"content":{"rendered":"<p>GENERACION : Laptop HP 250 G9 de 15,6<br \/>\nRJ45 : Incluye<br \/>\nSISTEMA OPERATIVO : Win 11 home<br \/>\nVIDEO : Gr\u00e1ficos Intel\u00ae UHD<br \/>\nMICROPROCESADOR : Intel\u00ae Core\u0099 i5-1334U (hasta 4,6 GHz con tecnolog\u00eda Intel\u00ae Turbo Boost, 12 MB de cach\u00e9 L3, 10 n\u00facleos y 12 subprocesos)<br \/>\nCHIPSET : Integrado con el procesador<br \/>\nMEMORIA : 16 GB de RAM DDR4-3200 MHz (2 x 8 GB) Velocidades de transferencia de hasta 3200 MT\/s<br \/>\nMEMORIA MAXIMA : 32GB (16 x slot)<br \/>\nCANTIDAD DE SLOT DDR : 2 SODIMM (0 disponible)<br \/>\nDISCO : Unidad de estado s\u00f3lido PCIe\u00ae NVMe\u0099 de 512 GB<br \/>\nCANTIDAD DE SLOT SATA: No trae<br \/>\nCANTIDAD DE SLOT M.2.: 1 utilizado<br \/>\nPANTALLA : Pantalla HD, antirreflectante, con bisel angosto, de 39,6 cm (15,6) en diagonal, 250 nits y 45 % de NTSC (1366 x 768)<br \/>\nDVD \/ ODD : No incluye<br \/>\nINTERFAZ DE RED : No incluye<br \/>\nWIFI : Tarjeta inal\u00e1mbrica Realtek Wi-Fi 6 RTL8852BE (2&#215;2)<br \/>\nBLUETOOTH : Bluetooth\u00ae 5.3<br \/>\nTECLADO : Teclado de tama\u00f1o completo resistente a salpicaduras con teclado num\u00e9rico<br \/>\nMOUSE : Mousepad que admite gestos multit\u00e1ctiles<br \/>\nPARLANTE : Altavoces est\u00e9reo, micr\u00f3fono digital integrad<br \/>\nGTIA FABRICA : 1\/1\/0 (1 a\u00f1o partes | 1 a\u00f1o mano de obra | 0 a\u00f1o in situ)<br \/>\nGTIA EXTENDIDA : Ver En F6<br \/>\nPUERTOS : 1 RJ45 ; 1 USB Type-C\u00ae; 2 USB Type-A; 1 alimentaci\u00f3n de CA; 1 HDMI 1.4b; 1 conector est\u00e9reo para combinaci\u00f3n de auriculares y micr\u00f3fono;.<br \/>\nBATERIA : Iones de litio de 3 celdas y 41 Wh de larga duraci\u00f3n HP<br \/>\nPESO : Starting at 1.52 kg2<br \/>\nCOLOR : Plateado ceniza oscuro<br \/>\nSEGURIDAD : McAfee Security<br \/>\nCAMARA : C\u00e1mara HD de 720p<\/p>\n","protected":false},"excerpt":{"rendered":"<p>GENERACION : Laptop HP 250 G9 de 15,6 RJ45 : Incluye SISTEMA OPERATIVO : Win 11 home VIDEO : Gr\u00e1ficos&hellip;<\/p>\n","protected":false},"featured_media":62572,"comment_status":"open","ping_status":"closed","template":"","meta":{"advanced_seo_description":"","jetpack_seo_html_title":"","jetpack_seo_noindex":false},"product_brand":[],"product_cat":[46],"product_tag":[781],"class_list":{"0":"post-62534","1":"product","2":"type-product","3":"status-publish","4":"has-post-thumbnail","6":"product_cat-notebook","7":"product_tag-notebook","9":"first","10":"instock","11":"shipping-taxable","12":"purchasable","13":"product-type-simple","14":"add-to-wishlist-before_image"},"jetpack_likes_enabled":false,"jetpack_sharing_enabled":true,"_links":{"self":[{"href":"https:\/\/9bits.com.ar\/v31\/wp-json\/wp\/v2\/product\/62534","targetHints":{"allow":["GET"]}}],"collection":[{"href":"https:\/\/9bits.com.ar\/v31\/wp-json\/wp\/v2\/product"}],"about":[{"href":"https:\/\/9bits.com.ar\/v31\/wp-json\/wp\/v2\/types\/product"}],"replies":[{"embeddable":true,"href":"https:\/\/9bits.com.ar\/v31\/wp-json\/wp\/v2\/comments?post=62534"}],"wp:featuredmedia":[{"embeddable":true,"href":"https:\/\/9bits.com.ar\/v31\/wp-json\/wp\/v2\/media\/62572"}],"wp:attachment":[{"href":"https:\/\/9bits.com.ar\/v31\/wp-json\/wp\/v2\/media?parent=62534"}],"wp:term":[{"taxonomy":"product_brand","embeddable":true,"href":"https:\/\/9bits.com.ar\/v31\/wp-json\/wp\/v2\/product_brand?post=62534"},{"taxonomy":"product_cat","embeddable":true,"href":"https:\/\/9bits.com.ar\/v31\/wp-json\/wp\/v2\/product_cat?post=62534"},{"taxonomy":"product_tag","embeddable":true,"href":"https:\/\/9bits.com.ar\/v31\/wp-json\/wp\/v2\/product_tag?post=62534"}],"curies":[{"name":"wp","href":"https:\/\/api.w.org\/{rel}","templated":true}]}}