{"id":62454,"date":"2025-09-05T18:27:06","date_gmt":"2025-09-05T21:27:06","guid":{"rendered":"https:\/\/9bits.com.ar\/v31\/producto\/aio-22-cx-intel-i5-12450h16gbssd480-webcam\/"},"modified":"2026-05-15T17:55:04","modified_gmt":"2026-05-15T20:55:04","slug":"aio-22-cx-intel-i5-12450h16gbssd480-webcam","status":"publish","type":"product","link":"https:\/\/9bits.com.ar\/v31\/producto\/aio-22-cx-intel-i5-12450h16gbssd480-webcam\/","title":{"rendered":"AIO 22 CX INTEL I5 12450H+16GB+SSD480 WEBCAM"},"content":{"rendered":"<p>***NO TRAE KIT DE TECLADO Y MOUSE<\/p>\n<p>Tama\u00f1o de panel 21,5<br \/>\nTipo de panel IPS<br \/>\nResoluci\u00f3n: FHD<br \/>\nFrecuencia de actualizaci\u00f3n 60Hz<br \/>\nRelaci\u00f3n de aspecto 16:09<br \/>\nInclinaci\u00f3n: -5\u00b0 a +20\u00b0<br \/>\nProcesador: Intel Core I5 12450H<br \/>\nMemoria: 16GB DDR4 &#8211; M\u00e1ximo 64GB<br \/>\nSlot: 2*Sodimm DDR4<br \/>\nAlmacenamiento: SSD 480<br \/>\nCompatible: SATA o PCIe<br \/>\nPuertos y ranuras<br \/>\nRed: Puerto Lan 1 Gbps<br \/>\nVideo: 1*HDMI + 1*D-Sub<br \/>\nUSB: 2*3.0 + 4*2.0<br \/>\nConectores de Audio<br \/>\nWIFI: Si<br \/>\nWebcam: 3MP<br \/>\nParlantes Estero: Si<br \/>\nSistema operativo (opcional): Windows 11<\/p>\n","protected":false},"excerpt":{"rendered":"<p>***NO TRAE KIT DE TECLADO Y MOUSE Tama\u00f1o de panel 21,5 Tipo de panel IPS Resoluci\u00f3n: FHD Frecuencia de actualizaci\u00f3n&hellip;<\/p>\n","protected":false},"featured_media":62462,"comment_status":"open","ping_status":"closed","template":"","meta":{"advanced_seo_description":"","jetpack_seo_html_title":"","jetpack_seo_noindex":false},"product_brand":[],"product_cat":[46,87],"product_tag":[],"class_list":{"0":"post-62454","1":"product","2":"type-product","3":"status-publish","4":"has-post-thumbnail","6":"product_cat-notebook","7":"product_cat-pc-de-escritorio","9":"first","10":"instock","11":"shipping-taxable","12":"purchasable","13":"product-type-simple","14":"add-to-wishlist-before_image"},"jetpack_likes_enabled":false,"jetpack_sharing_enabled":true,"_links":{"self":[{"href":"https:\/\/9bits.com.ar\/v31\/wp-json\/wp\/v2\/product\/62454","targetHints":{"allow":["GET"]}}],"collection":[{"href":"https:\/\/9bits.com.ar\/v31\/wp-json\/wp\/v2\/product"}],"about":[{"href":"https:\/\/9bits.com.ar\/v31\/wp-json\/wp\/v2\/types\/product"}],"replies":[{"embeddable":true,"href":"https:\/\/9bits.com.ar\/v31\/wp-json\/wp\/v2\/comments?post=62454"}],"wp:featuredmedia":[{"embeddable":true,"href":"https:\/\/9bits.com.ar\/v31\/wp-json\/wp\/v2\/media\/62462"}],"wp:attachment":[{"href":"https:\/\/9bits.com.ar\/v31\/wp-json\/wp\/v2\/media?parent=62454"}],"wp:term":[{"taxonomy":"product_brand","embeddable":true,"href":"https:\/\/9bits.com.ar\/v31\/wp-json\/wp\/v2\/product_brand?post=62454"},{"taxonomy":"product_cat","embeddable":true,"href":"https:\/\/9bits.com.ar\/v31\/wp-json\/wp\/v2\/product_cat?post=62454"},{"taxonomy":"product_tag","embeddable":true,"href":"https:\/\/9bits.com.ar\/v31\/wp-json\/wp\/v2\/product_tag?post=62454"}],"curies":[{"name":"wp","href":"https:\/\/api.w.org\/{rel}","templated":true}]}}