{"id":62453,"date":"2025-09-05T18:27:00","date_gmt":"2025-09-05T21:27:00","guid":{"rendered":"https:\/\/9bits.com.ar\/v31\/producto\/tecmouse-wireless-dell-km3322w-latino-black\/"},"modified":"2026-04-16T13:03:16","modified_gmt":"2026-04-16T16:03:16","slug":"tecmouse-wireless-dell-km3322w-latino-black","status":"publish","type":"product","link":"https:\/\/9bits.com.ar\/v31\/producto\/tecmouse-wireless-dell-km3322w-latino-black\/","title":{"rendered":"TEC+MOUSE WIRELESS DELL KM3322W LATINO BLACK"},"content":{"rendered":"<p>Nombre del modelo: KM3322W-LTN<br \/>\nFrecuencia RF: 2,4 GHz<br \/>\nTeclas de funci\u00f3n: si<br \/>\nConexi\u00f3n: USB<br \/>\nMotor de sensor de rat\u00f3n: \u00d3ptico<br \/>\nResoluci\u00f3n del rat\u00f3n (DPI): 1000<br \/>\nRequisitos del sistema Windows\u00ae 8, 10, 11 o posterior \/ Mac OS X 10.8 o posterior \/ Puerto USB disponible<br \/>\nColor: Negro<br \/>\nSKU: 580-AKCU<br \/>\nEAN: 884116194682<\/p>\n","protected":false},"excerpt":{"rendered":"<p>Nombre del modelo: KM3322W-LTN Frecuencia RF: 2,4 GHz Teclas de funci\u00f3n: si Conexi\u00f3n: USB Motor de sensor de rat\u00f3n: \u00d3ptico&hellip;<\/p>\n","protected":false},"featured_media":62464,"comment_status":"open","ping_status":"closed","template":"","meta":{"advanced_seo_description":"","jetpack_seo_html_title":"","jetpack_seo_noindex":false},"product_brand":[],"product_cat":[37],"product_tag":[],"class_list":{"0":"post-62453","1":"product","2":"type-product","3":"status-publish","4":"has-post-thumbnail","6":"product_cat-teclados-mouse-y-webcam","8":"first","9":"instock","10":"shipping-taxable","11":"purchasable","12":"product-type-simple","13":"add-to-wishlist-before_image"},"jetpack_likes_enabled":false,"jetpack_sharing_enabled":true,"_links":{"self":[{"href":"https:\/\/9bits.com.ar\/v31\/wp-json\/wp\/v2\/product\/62453","targetHints":{"allow":["GET"]}}],"collection":[{"href":"https:\/\/9bits.com.ar\/v31\/wp-json\/wp\/v2\/product"}],"about":[{"href":"https:\/\/9bits.com.ar\/v31\/wp-json\/wp\/v2\/types\/product"}],"replies":[{"embeddable":true,"href":"https:\/\/9bits.com.ar\/v31\/wp-json\/wp\/v2\/comments?post=62453"}],"wp:featuredmedia":[{"embeddable":true,"href":"https:\/\/9bits.com.ar\/v31\/wp-json\/wp\/v2\/media\/62464"}],"wp:attachment":[{"href":"https:\/\/9bits.com.ar\/v31\/wp-json\/wp\/v2\/media?parent=62453"}],"wp:term":[{"taxonomy":"product_brand","embeddable":true,"href":"https:\/\/9bits.com.ar\/v31\/wp-json\/wp\/v2\/product_brand?post=62453"},{"taxonomy":"product_cat","embeddable":true,"href":"https:\/\/9bits.com.ar\/v31\/wp-json\/wp\/v2\/product_cat?post=62453"},{"taxonomy":"product_tag","embeddable":true,"href":"https:\/\/9bits.com.ar\/v31\/wp-json\/wp\/v2\/product_tag?post=62453"}],"curies":[{"name":"wp","href":"https:\/\/api.w.org\/{rel}","templated":true}]}}