{"id":62452,"date":"2025-09-05T18:26:58","date_gmt":"2025-09-05T21:26:58","guid":{"rendered":"https:\/\/9bits.com.ar\/v31\/producto\/mouse-xpg-primer-gamer-rgb\/"},"modified":"2026-05-15T17:54:29","modified_gmt":"2026-05-15T20:54:29","slug":"mouse-xpg-primer-gamer-rgb","status":"publish","type":"product","link":"https:\/\/9bits.com.ar\/v31\/producto\/mouse-xpg-primer-gamer-rgb\/","title":{"rendered":"MOUSE XPG PRIMER GAMER RGB"},"content":{"rendered":"<p>Interfaz USB Tipo A<br \/>\nConmutador Omron con un valor nominal de 20 millones de clics<br \/>\nResoluci\u00f3n 400, 800, 1600, 3200, 6400 o 12 000 ppp<br \/>\nDimensiones 126 x 65,6 x 37,9 mm\/4,9 x 2,58 x 1,49 pulgadas<br \/>\nPeso 98 g \u00b1 5 %<br \/>\nAceleraci\u00f3n m\u00e1xima 50 G<br \/>\nTasa de informes 250\/500\/1000 Hz<br \/>\nEfecto de iluminaci\u00f3n Onda de color, Respiraci\u00f3n, Est\u00e1tico, Desactivado<br \/>\nRequisito del sistema Windows 10, 8 y 7<br \/>\nVoltaje 5 V<br \/>\nCorriente 220 mA<br \/>\nLongitud del cable 1,8 m<br \/>\nCertificaci\u00f3n CE\/FCC\/BSMI\/KC\/VCCI\/RCM\/EAC<br \/>\nGarant\u00eda 2 a\u00f1os<\/p>\n","protected":false},"excerpt":{"rendered":"<p>Interfaz USB Tipo A Conmutador Omron con un valor nominal de 20 millones de clics Resoluci\u00f3n 400, 800, 1600, 3200,&hellip;<\/p>\n","protected":false},"featured_media":62466,"comment_status":"open","ping_status":"closed","template":"","meta":{"advanced_seo_description":"","jetpack_seo_html_title":"","jetpack_seo_noindex":false},"product_brand":[],"product_cat":[37],"product_tag":[802],"class_list":{"0":"post-62452","1":"product","2":"type-product","3":"status-publish","4":"has-post-thumbnail","6":"product_cat-teclados-mouse-y-webcam","7":"product_tag-gamer","9":"first","10":"instock","11":"shipping-taxable","12":"purchasable","13":"product-type-simple","14":"add-to-wishlist-before_image"},"jetpack_likes_enabled":false,"jetpack_sharing_enabled":true,"_links":{"self":[{"href":"https:\/\/9bits.com.ar\/v31\/wp-json\/wp\/v2\/product\/62452","targetHints":{"allow":["GET"]}}],"collection":[{"href":"https:\/\/9bits.com.ar\/v31\/wp-json\/wp\/v2\/product"}],"about":[{"href":"https:\/\/9bits.com.ar\/v31\/wp-json\/wp\/v2\/types\/product"}],"replies":[{"embeddable":true,"href":"https:\/\/9bits.com.ar\/v31\/wp-json\/wp\/v2\/comments?post=62452"}],"wp:featuredmedia":[{"embeddable":true,"href":"https:\/\/9bits.com.ar\/v31\/wp-json\/wp\/v2\/media\/62466"}],"wp:attachment":[{"href":"https:\/\/9bits.com.ar\/v31\/wp-json\/wp\/v2\/media?parent=62452"}],"wp:term":[{"taxonomy":"product_brand","embeddable":true,"href":"https:\/\/9bits.com.ar\/v31\/wp-json\/wp\/v2\/product_brand?post=62452"},{"taxonomy":"product_cat","embeddable":true,"href":"https:\/\/9bits.com.ar\/v31\/wp-json\/wp\/v2\/product_cat?post=62452"},{"taxonomy":"product_tag","embeddable":true,"href":"https:\/\/9bits.com.ar\/v31\/wp-json\/wp\/v2\/product_tag?post=62452"}],"curies":[{"name":"wp","href":"https:\/\/api.w.org\/{rel}","templated":true}]}}