{"id":62400,"date":"2025-08-26T17:19:46","date_gmt":"2025-08-26T20:19:46","guid":{"rendered":"https:\/\/9bits.com.ar\/v31\/producto\/auricular-vincha-bluetooth-noga-net-ng-a208bt-rs-rosa\/"},"modified":"2026-04-16T13:01:56","modified_gmt":"2026-04-16T16:01:56","slug":"auricular-vincha-bluetooth-noga-net-ng-a208bt-rs-rosa","status":"publish","type":"product","link":"https:\/\/9bits.com.ar\/v31\/producto\/auricular-vincha-bluetooth-noga-net-ng-a208bt-rs-rosa\/","title":{"rendered":"AURICULAR VINCHA BLUETOOTH NOGA NET NG-A208BT RS ROSA"},"content":{"rendered":"<p>AURICULARES ARIS BLUETOOTH<br \/>\nNG-A208BT<br \/>\nAris es una l\u00ednea de Auriculares Bluetooth que te brindan comodidad y elegancia.<br \/>\nCon un Dise\u00f1o Ergon\u00f3mico de alto nivel de sujeci\u00f3n, el NG-A208BT presenta vincha ajustable y flexible para mayor comodidad y plegable para poder guardarlo y transportarlo con total comodidad.<br \/>\nPosee Sistema de Manos Libres con Micr\u00f3fono incorporado para atender tus llamadas de tu celular.<br \/>\nPueden conectarse a Smartphone o Tablet por Tecnolog\u00eda BT o con cable miniplug 3.5 Stereo desmontable.<br \/>\nDisponible en 4 diferentes colores.<br \/>\nPotencia total: 35 mW<br \/>\n&#8211; Tecnolog\u00eda Inal\u00e1mbrica BT 5.0<br \/>\n&#8211; Distancia de transmisi\u00f3n: hasta 10 metros<br \/>\n&#8211; Sistema de Manos Libres con Micr\u00f3fono incorporado<br \/>\n&#8211; Controles Multimedia: Power ON\/OFF, Recepci\u00f3n de llamadas\/Play\/Pause, Volumen-\/Anterior, Volumen+\/Siguiente, Bot\u00f3n Mode<br \/>\n&#8211; LED de Funcionamiento e Indicador de Carga<br \/>\n&#8211; Pueden conectarse a Smartphone o Tablet por Tecnolog\u00eda BT o con cable miniplug 3.5 Stereo desmontable (inclu\u00eddo)<br \/>\n&#8211; Funciona con Bater\u00eda interna de 150mAH<br \/>\n&#8211; Puerto micro USB para recarga de energ\u00eda (incluye cable micro USB\/USB)<br \/>\n&#8211; Tiempo de carga: 2 horas aproximadamente<br \/>\n&#8211; Duraci\u00f3n de la Bater\u00eda: hasta 6 horas de reproducci\u00f3n<br \/>\n&#8211; Vincha ajustable, flexible y plegable<br \/>\n&#8211; Speakers acolchados<br \/>\n&#8211; Dise\u00f1o Ergon\u00f3mico con un alto nivel de sujeci\u00f3n<br \/>\n&#8211; Incluye Manual de Instrucciones<br \/>\n&#8211; Disponible en 4 diferentes colores<\/p>\n","protected":false},"excerpt":{"rendered":"<p>AURICULARES ARIS BLUETOOTH NG-A208BT Aris es una l\u00ednea de Auriculares Bluetooth que te brindan comodidad y elegancia. Con un Dise\u00f1o&hellip;<\/p>\n","protected":false},"featured_media":62405,"comment_status":"open","ping_status":"closed","template":"","meta":{"advanced_seo_description":"","jetpack_seo_html_title":"","jetpack_seo_noindex":false},"product_brand":[],"product_cat":[38],"product_tag":[790],"class_list":{"0":"post-62400","1":"product","2":"type-product","3":"status-publish","4":"has-post-thumbnail","6":"product_cat-auriculares-y-microfonos","7":"product_tag-tws","9":"first","10":"instock","11":"shipping-taxable","12":"purchasable","13":"product-type-simple","14":"add-to-wishlist-before_image"},"jetpack_likes_enabled":false,"jetpack_sharing_enabled":true,"_links":{"self":[{"href":"https:\/\/9bits.com.ar\/v31\/wp-json\/wp\/v2\/product\/62400","targetHints":{"allow":["GET"]}}],"collection":[{"href":"https:\/\/9bits.com.ar\/v31\/wp-json\/wp\/v2\/product"}],"about":[{"href":"https:\/\/9bits.com.ar\/v31\/wp-json\/wp\/v2\/types\/product"}],"replies":[{"embeddable":true,"href":"https:\/\/9bits.com.ar\/v31\/wp-json\/wp\/v2\/comments?post=62400"}],"wp:featuredmedia":[{"embeddable":true,"href":"https:\/\/9bits.com.ar\/v31\/wp-json\/wp\/v2\/media\/62405"}],"wp:attachment":[{"href":"https:\/\/9bits.com.ar\/v31\/wp-json\/wp\/v2\/media?parent=62400"}],"wp:term":[{"taxonomy":"product_brand","embeddable":true,"href":"https:\/\/9bits.com.ar\/v31\/wp-json\/wp\/v2\/product_brand?post=62400"},{"taxonomy":"product_cat","embeddable":true,"href":"https:\/\/9bits.com.ar\/v31\/wp-json\/wp\/v2\/product_cat?post=62400"},{"taxonomy":"product_tag","embeddable":true,"href":"https:\/\/9bits.com.ar\/v31\/wp-json\/wp\/v2\/product_tag?post=62400"}],"curies":[{"name":"wp","href":"https:\/\/api.w.org\/{rel}","templated":true}]}}