{"id":62337,"date":"2025-08-22T15:29:59","date_gmt":"2025-08-22T18:29:59","guid":{"rendered":"https:\/\/9bits.com.ar\/v31\/producto\/auriculares-genius-hs-810bt-bt5-3-black\/"},"modified":"2026-04-16T12:59:13","modified_gmt":"2026-04-16T15:59:13","slug":"auriculares-genius-hs-810bt-bt5-3-black","status":"publish","type":"product","link":"https:\/\/9bits.com.ar\/v31\/producto\/auriculares-genius-hs-810bt-bt5-3-black\/","title":{"rendered":"AURICULARES GENIUS HS-810BT BT5.3 BLACK"},"content":{"rendered":"<p>Tipo: Diadema ajustable<br \/>\nConectividad: Bluetooth 5.3<br \/>\nUnidad de controlador: 40 mm<br \/>\nTiempo de reproducci\u00f3n \/ llamada<br \/>\nHasta 8 horas<br \/>\nDistancia de funcionamiento: 10 metros<br \/>\nBater\u00eda integrada: 3.7 V \/ 300 mAh<br \/>\nRespuesta de frecuencia: 20 Hz \u0096 20 kHz<br \/>\nSensibilidad: 109 dB \u00b1 3 dB<br \/>\nImpedancia: 32 ohm \u00b1 5%<br \/>\nMicr\u00f3fono incorporado: S\u00ed<br \/>\nCable de carga Type-C: S\u00ed<br \/>\nOtros<br \/>\n&#8211;<br \/>\nPeso (g): Aprox. 225 g<br \/>\nDimensiones (An x Al x Pr) mm (pulgadas): 175 x 185.4 x 84.7 mm (6.88 x 7.29 x 3.33 pulgadas)<br \/>\nRequisitos del sistema<br \/>\nIdeal para tel\u00e9fonos m\u00f3viles, tabletas, PC, port\u00e1tiles o dispositivos de m\u00fasica con Bluetooth.<br \/>\nColores: Negro<br \/>\n*El color y las im\u00e1genes del producto en el paquete son solo de referencia. Para los art\u00edculos reales, consulte el producto f\u00edsico incluido.<\/p>\n<p>Qu\u00e9 incluye<br \/>\nHS-810BT<br \/>\nCable de audio de 3.5 mm<br \/>\nCable de carga Type-C<br \/>\nGu\u00eda r\u00e1pida multiling\u00fce<\/p>\n","protected":false},"excerpt":{"rendered":"<p>Tipo: Diadema ajustable Conectividad: Bluetooth 5.3 Unidad de controlador: 40 mm Tiempo de reproducci\u00f3n \/ llamada Hasta 8 horas Distancia&hellip;<\/p>\n","protected":false},"featured_media":62381,"comment_status":"open","ping_status":"closed","template":"","meta":{"advanced_seo_description":"","jetpack_seo_html_title":"","jetpack_seo_noindex":false},"product_brand":[],"product_cat":[38],"product_tag":[790],"class_list":{"0":"post-62337","1":"product","2":"type-product","3":"status-publish","4":"has-post-thumbnail","6":"product_cat-auriculares-y-microfonos","7":"product_tag-tws","9":"first","10":"instock","11":"shipping-taxable","12":"purchasable","13":"product-type-simple","14":"add-to-wishlist-before_image"},"jetpack_likes_enabled":false,"jetpack_sharing_enabled":true,"_links":{"self":[{"href":"https:\/\/9bits.com.ar\/v31\/wp-json\/wp\/v2\/product\/62337","targetHints":{"allow":["GET"]}}],"collection":[{"href":"https:\/\/9bits.com.ar\/v31\/wp-json\/wp\/v2\/product"}],"about":[{"href":"https:\/\/9bits.com.ar\/v31\/wp-json\/wp\/v2\/types\/product"}],"replies":[{"embeddable":true,"href":"https:\/\/9bits.com.ar\/v31\/wp-json\/wp\/v2\/comments?post=62337"}],"wp:featuredmedia":[{"embeddable":true,"href":"https:\/\/9bits.com.ar\/v31\/wp-json\/wp\/v2\/media\/62381"}],"wp:attachment":[{"href":"https:\/\/9bits.com.ar\/v31\/wp-json\/wp\/v2\/media?parent=62337"}],"wp:term":[{"taxonomy":"product_brand","embeddable":true,"href":"https:\/\/9bits.com.ar\/v31\/wp-json\/wp\/v2\/product_brand?post=62337"},{"taxonomy":"product_cat","embeddable":true,"href":"https:\/\/9bits.com.ar\/v31\/wp-json\/wp\/v2\/product_cat?post=62337"},{"taxonomy":"product_tag","embeddable":true,"href":"https:\/\/9bits.com.ar\/v31\/wp-json\/wp\/v2\/product_tag?post=62337"}],"curies":[{"name":"wp","href":"https:\/\/api.w.org\/{rel}","templated":true}]}}