{"id":62335,"date":"2025-08-22T15:29:59","date_gmt":"2025-08-22T18:29:59","guid":{"rendered":"https:\/\/9bits.com.ar\/v31\/producto\/mouse-genius-nx-8008s-black-wireless-silencioso\/"},"modified":"2026-04-27T12:55:47","modified_gmt":"2026-04-27T15:55:47","slug":"mouse-genius-nx-8008s-black-wireless-silencioso","status":"publish","type":"product","link":"https:\/\/9bits.com.ar\/v31\/producto\/mouse-genius-nx-8008s-black-wireless-silencioso\/","title":{"rendered":"MOUSE GENIUS NX-8008S BLACK WIRELESS SILENCIOSO"},"content":{"rendered":"<p>Nombre del modelo: NX-8008S<br \/>\nFrecuencia RF: 2.4 GHz<br \/>\nMotor de sensores: Ojo azul<br \/>\nResoluci\u00f3n (DPI): 1200<br \/>\nN\u00famero de botones: 3(Izquierda, derecha, bot\u00f3n central con desplazamiento )<br \/>\nTipo de Bater\u00eda: AA<br \/>\nPeso (gramos): Aprox. 54.5g (incluye receptor)<br \/>\nDimensiones (L x A x P) mm (pulgadas): 60 x 100 x 38.8 ( 5.5 x 17.3 x 1.2 )<br \/>\nManual de usuario S\u00ed,<br \/>\nNX-8008S (Multi-idioma) Descargar<br \/>\nRequisitos del sistema Windows 7, 8, 10, 11 o posterior \/ macOS X 10.8 posterior \/ SO Linux \/ Puerto USB disponible<br \/>\nColores: Azul, Rojo, Negro, Blanco+Gris<br \/>\n* Las im\u00e1genes y colores de productos que se muestran en el paquete son \u00daNICAMENTE para referencia. Vea los art\u00edculos incluidos para determinar sus caracter\u00edsticas reales.<\/p>\n<p>Qu\u00e9 est\u00e1 incluido:<br \/>\nNX-8008S ( mouse inal\u00e1mbrico )<br \/>\nReceptor USB x 1<br \/>\nPila Alcalina AA x 1<br \/>\nGuia r\u00e1pida en multilenguaje<\/p>\n","protected":false},"excerpt":{"rendered":"<p>Nombre del modelo: NX-8008S Frecuencia RF: 2.4 GHz Motor de sensores: Ojo azul Resoluci\u00f3n (DPI): 1200 N\u00famero de botones: 3(Izquierda,&hellip;<\/p>\n","protected":false},"featured_media":62383,"comment_status":"open","ping_status":"closed","template":"","meta":{"advanced_seo_description":"","jetpack_seo_html_title":"","jetpack_seo_noindex":false},"product_brand":[],"product_cat":[37],"product_tag":[],"class_list":{"0":"post-62335","1":"product","2":"type-product","3":"status-publish","4":"has-post-thumbnail","6":"product_cat-teclados-mouse-y-webcam","8":"first","9":"instock","10":"shipping-taxable","11":"purchasable","12":"product-type-simple","13":"add-to-wishlist-before_image"},"jetpack_likes_enabled":false,"jetpack_sharing_enabled":true,"_links":{"self":[{"href":"https:\/\/9bits.com.ar\/v31\/wp-json\/wp\/v2\/product\/62335","targetHints":{"allow":["GET"]}}],"collection":[{"href":"https:\/\/9bits.com.ar\/v31\/wp-json\/wp\/v2\/product"}],"about":[{"href":"https:\/\/9bits.com.ar\/v31\/wp-json\/wp\/v2\/types\/product"}],"replies":[{"embeddable":true,"href":"https:\/\/9bits.com.ar\/v31\/wp-json\/wp\/v2\/comments?post=62335"}],"wp:featuredmedia":[{"embeddable":true,"href":"https:\/\/9bits.com.ar\/v31\/wp-json\/wp\/v2\/media\/62383"}],"wp:attachment":[{"href":"https:\/\/9bits.com.ar\/v31\/wp-json\/wp\/v2\/media?parent=62335"}],"wp:term":[{"taxonomy":"product_brand","embeddable":true,"href":"https:\/\/9bits.com.ar\/v31\/wp-json\/wp\/v2\/product_brand?post=62335"},{"taxonomy":"product_cat","embeddable":true,"href":"https:\/\/9bits.com.ar\/v31\/wp-json\/wp\/v2\/product_cat?post=62335"},{"taxonomy":"product_tag","embeddable":true,"href":"https:\/\/9bits.com.ar\/v31\/wp-json\/wp\/v2\/product_tag?post=62335"}],"curies":[{"name":"wp","href":"https:\/\/api.w.org\/{rel}","templated":true}]}}