{"id":62227,"date":"2025-08-11T12:30:33","date_gmt":"2025-08-11T15:30:33","guid":{"rendered":"https:\/\/9bits.com.ar\/v31\/producto\/cable-x-tech-c-conec-hdmi-macho-a-hdmi-macho-15m\/"},"modified":"2026-04-16T13:02:50","modified_gmt":"2026-04-16T16:02:50","slug":"cable-x-tech-c-conec-hdmi-macho-a-hdmi-macho-15m","status":"publish","type":"product","link":"https:\/\/9bits.com.ar\/v31\/producto\/cable-x-tech-c-conec-hdmi-macho-a-hdmi-macho-15m\/","title":{"rendered":"CABLE HDMI X-TECH C\/CONEC HDMI MACHO A HDMI MACHO 15M"},"content":{"rendered":"<p>Perfecto para formatos de video est\u00e1ndar y de alta definici\u00f3n<br \/>\nAdmite hasta 3840&#215;2160 a 30Hz (4K) de resoluci\u00f3n m\u00e1xima<br \/>\nAdmite HDR, ARC y 3D<br \/>\nDise\u00f1ado para velocidades de transferencia superiores y resistencia a la corrosi\u00f3n<br \/>\nFabricado con PVC duradero y enchufes moldeados<br \/>\nConectores chapados en oro<br \/>\nEspecificaciones<br \/>\nTipo: Cable para audio y video digital<br \/>\nTipo de conector: HDMI\u00ae macho a HDMI\u00ae macho<br \/>\nResoluci\u00f3n: Hasta 3840&#215;2160@30Hz*<br \/>\nCalibre del cable: 26 AWG<br \/>\nDi\u00e1metro exterior: 8,2mm<br \/>\nMaterial del contacto: Contactos enchapados en oro<br \/>\nMaterial del conductor: Acero recubierto de cobre<br \/>\nRevestimiento: PVC<br \/>\nColor: Negro<br \/>\nLongitud: 15,24m<br \/>\nAdmite Ethernet: S\u00ed<br \/>\nAdmite HDR, ARC y 3D: S\u00ed<br \/>\nGarant\u00eda: Un a\u00f1o<\/p>\n","protected":false},"excerpt":{"rendered":"<p>Perfecto para formatos de video est\u00e1ndar y de alta definici\u00f3n Admite hasta 3840&#215;2160 a 30Hz (4K) de resoluci\u00f3n m\u00e1xima Admite&hellip;<\/p>\n","protected":false},"featured_media":11713,"comment_status":"open","ping_status":"closed","template":"","meta":{"advanced_seo_description":"","jetpack_seo_html_title":"","jetpack_seo_noindex":false},"product_brand":[],"product_cat":[768],"product_tag":[],"class_list":{"0":"post-62227","1":"product","2":"type-product","3":"status-publish","4":"has-post-thumbnail","6":"product_cat-cables","8":"first","9":"instock","10":"shipping-taxable","11":"purchasable","12":"product-type-simple","13":"add-to-wishlist-before_image"},"jetpack_likes_enabled":false,"jetpack_sharing_enabled":true,"_links":{"self":[{"href":"https:\/\/9bits.com.ar\/v31\/wp-json\/wp\/v2\/product\/62227","targetHints":{"allow":["GET"]}}],"collection":[{"href":"https:\/\/9bits.com.ar\/v31\/wp-json\/wp\/v2\/product"}],"about":[{"href":"https:\/\/9bits.com.ar\/v31\/wp-json\/wp\/v2\/types\/product"}],"replies":[{"embeddable":true,"href":"https:\/\/9bits.com.ar\/v31\/wp-json\/wp\/v2\/comments?post=62227"}],"wp:featuredmedia":[{"embeddable":true,"href":"https:\/\/9bits.com.ar\/v31\/wp-json\/wp\/v2\/media\/11713"}],"wp:attachment":[{"href":"https:\/\/9bits.com.ar\/v31\/wp-json\/wp\/v2\/media?parent=62227"}],"wp:term":[{"taxonomy":"product_brand","embeddable":true,"href":"https:\/\/9bits.com.ar\/v31\/wp-json\/wp\/v2\/product_brand?post=62227"},{"taxonomy":"product_cat","embeddable":true,"href":"https:\/\/9bits.com.ar\/v31\/wp-json\/wp\/v2\/product_cat?post=62227"},{"taxonomy":"product_tag","embeddable":true,"href":"https:\/\/9bits.com.ar\/v31\/wp-json\/wp\/v2\/product_tag?post=62227"}],"curies":[{"name":"wp","href":"https:\/\/api.w.org\/{rel}","templated":true}]}}