{"id":62126,"date":"2025-08-02T11:44:21","date_gmt":"2025-08-02T14:44:21","guid":{"rendered":"https:\/\/9bits.com.ar\/v31\/producto\/monitor-27-asus-vg279q3a-j-tuf-gaming-180hz-hdmi-d\/"},"modified":"2026-05-15T17:51:50","modified_gmt":"2026-05-15T20:51:50","slug":"monitor-27-asus-vg279q3a-j-tuf-gaming-180hz-hdmi-d","status":"publish","type":"product","link":"https:\/\/9bits.com.ar\/v31\/producto\/monitor-27-asus-vg279q3a-j-tuf-gaming-180hz-hdmi-d\/","title":{"rendered":"MONITOR 27 ASUS VG279Q3A-J TUF GAMING 180HZ HDMI\/D"},"content":{"rendered":"<p><a href=\"https:\/\/www.asus.com\/latin\/displays-desktops\/monitors\/tuf-gaming\/tuf-gaming-vg279q3a\/techspec\/\">https:\/\/www.asus.com\/latin\/displays-desktops\/monitors\/tuf-gaming\/tuf-gaming-vg279q3a\/techspec\/<\/a><\/p>\n<p>Model TUF GAMING VG279Q3A-J<br \/>\nPantalla<br \/>\nPanel Size (inch) : 27<br \/>\nAspect Ratio : 16:9<br \/>\nDisplay Viewing Area (H x V) : 597.6 x 336.15<br \/>\nDisplay Surface : Non-Glare<br \/>\nBacklight Type : LED<br \/>\nPanel Type : Fast IPS<br \/>\nViewing Angle (CR?10, H\/V) : 178\u00b0\/ 178\u00b0<br \/>\nPixel Pitch : 0.311mm<br \/>\nResolution : 1920&#215;1080<br \/>\nColor Space (sRGB) : 99%<br \/>\nBrightness (Typ.) : 250cd\/?<br \/>\nContrast Ratio (Typ.) : 1000:1<br \/>\nDisplay Colors : 16.7M<br \/>\nResponse Time : 1ms(GTG)<br \/>\nRefresh Rate (Max) : 180Hz<br \/>\nFlicker-free : Yes<br \/>\nVideo<br \/>\nTrace Free Technology : Yes<br \/>\nGameVisual : Yes<br \/>\nColor Temp. Selection : Yes(4 modes)<br \/>\nGamePlus : Yes<br \/>\nHDCP : Yes, 2.2<br \/>\nExtreme Low Motion Blur : Yes<br \/>\nELMB Sync: Yes<br \/>\nVRR Technology : Yes (Adaptive-Sync)<br \/>\nGameFast Input technology : Yes<br \/>\nShadow Boost : Yes<br \/>\nDisplayWidget : Yes, DisplayWidget Center<br \/>\nLow Blue Light : Yes<br \/>\nAudio<br \/>\nBocinas :Yes(2Wx2)<br \/>\nPuertos E\/S<br \/>\nDisplayPort 1.2 x 1<br \/>\nHDMI(v2.0) x 2<br \/>\nEarphone Jack : Yes<br \/>\nFrecuencia de la se\u00f1al<br \/>\nDigital Signal Frequency : DisplayPort: 250~250 KHz(H) \/ 48~180 Hz (V)<br \/>\nHDMI: 30~225 KHz (H) \/ 48~180 Hz (V)<br \/>\nConsumo de energ\u00eda<br \/>\nPower Consumption : &lt;18W<br \/>\nPower Saving Mode : &lt;0.5W<br \/>\nPower Off Mode : &lt;0.3W<br \/>\nVoltage : 100-240V, 50\/60Hz<br \/>\nDise\u00f1o mec\u00e1nico<br \/>\nTilt : Yes (+23\u00b0 ~ -5\u00b0)<br \/>\nVESA Wall Mounting : 100x100mm<br \/>\nKensington Lock : Yes<br \/>\nDimensiones<br \/>\nPhys. Dimension (W x H x D) : 61.50 x 45.30 x 19.30 cm (24.21 x 17.83 x 7.60)<br \/>\nPhys. Dimension without Stand (W x H x D) : 61.50 x 36.90 x 6.00 cm (24.21 x 14.53 x 2.36)<br \/>\nBox Dimension (W x H x D) : 68.00 x 45.00 x 17.10 cm (26.77 x 17.72 x 6.73)<br \/>\nPeso<br \/>\nNet Weight : 4.6 kg (10.14 lbs)<br \/>\nNet Weight without Stand : 3.8 kg (8.38 lbs)<br \/>\nGross Weight : 6.9 kg (15.21 lbs)<br \/>\nAccesorios (var\u00edan seg\u00fan la regi\u00f3n)<br \/>\nHDMI cable<br \/>\nL-shaped Screwdriver<br \/>\nPower cord<br \/>\nQuick start guide<br \/>\nWarranty Card<br \/>\nCertificado<br \/>\nT\u00dcV Flicker-free<br \/>\nT\u00dcV Low Blue Light<br \/>\nVESA AdaptiveSync Display 180Hz<br \/>\nAMD FreeSync Premium<br \/>\nG-SYNC Compatible<br \/>\nFSC MIX<\/p>\n","protected":false},"excerpt":{"rendered":"<p>https:\/\/www.asus.com\/latin\/displays-desktops\/monitors\/tuf-gaming\/tuf-gaming-vg279q3a\/techspec\/ Model TUF GAMING VG279Q3A-J Pantalla Panel Size (inch) : 27 Aspect Ratio : 16:9 Display Viewing Area (H x&hellip;<\/p>\n","protected":false},"featured_media":62130,"comment_status":"open","ping_status":"closed","template":"","meta":{"advanced_seo_description":"","jetpack_seo_html_title":"","jetpack_seo_noindex":false},"product_brand":[],"product_cat":[72],"product_tag":[802],"class_list":{"0":"post-62126","1":"product","2":"type-product","3":"status-publish","4":"has-post-thumbnail","6":"product_cat-monitores","7":"product_tag-gamer","9":"first","10":"instock","11":"shipping-taxable","12":"purchasable","13":"product-type-simple","14":"add-to-wishlist-before_image"},"jetpack_likes_enabled":false,"jetpack_sharing_enabled":true,"_links":{"self":[{"href":"https:\/\/9bits.com.ar\/v31\/wp-json\/wp\/v2\/product\/62126","targetHints":{"allow":["GET"]}}],"collection":[{"href":"https:\/\/9bits.com.ar\/v31\/wp-json\/wp\/v2\/product"}],"about":[{"href":"https:\/\/9bits.com.ar\/v31\/wp-json\/wp\/v2\/types\/product"}],"replies":[{"embeddable":true,"href":"https:\/\/9bits.com.ar\/v31\/wp-json\/wp\/v2\/comments?post=62126"}],"wp:featuredmedia":[{"embeddable":true,"href":"https:\/\/9bits.com.ar\/v31\/wp-json\/wp\/v2\/media\/62130"}],"wp:attachment":[{"href":"https:\/\/9bits.com.ar\/v31\/wp-json\/wp\/v2\/media?parent=62126"}],"wp:term":[{"taxonomy":"product_brand","embeddable":true,"href":"https:\/\/9bits.com.ar\/v31\/wp-json\/wp\/v2\/product_brand?post=62126"},{"taxonomy":"product_cat","embeddable":true,"href":"https:\/\/9bits.com.ar\/v31\/wp-json\/wp\/v2\/product_cat?post=62126"},{"taxonomy":"product_tag","embeddable":true,"href":"https:\/\/9bits.com.ar\/v31\/wp-json\/wp\/v2\/product_tag?post=62126"}],"curies":[{"name":"wp","href":"https:\/\/api.w.org\/{rel}","templated":true}]}}