{"id":62055,"date":"2025-07-26T20:43:50","date_gmt":"2025-07-26T23:43:50","guid":{"rendered":"https:\/\/9bits.com.ar\/v31\/producto\/adaptador-bluetooth-mercusys-ma530-bt5-3-nano\/"},"modified":"2026-04-27T12:56:49","modified_gmt":"2026-04-27T15:56:49","slug":"adaptador-bluetooth-mercusys-ma530-bt5-3-nano","status":"publish","type":"product","link":"https:\/\/9bits.com.ar\/v31\/producto\/adaptador-bluetooth-mercusys-ma530-bt5-3-nano\/","title":{"rendered":"ADAPTADOR BLUETOOTH MERCUSYS MA530 BT5.3 NANO"},"content":{"rendered":"<div>Bluetooth 5.3:\u00a0mejora de la velocidad, la cobertura, la seguridad\u00a0y la fiabilidad con respecto al Bluetooth de \u00faltima generaci\u00f3n<\/div>\n<div>Conectividad inal\u00e1mbrica\u00a0: proporciona una comunicaci\u00f3n estable y conveniente entre los dispositivos Bluetooth y su PC o computadora port\u00e1til<\/div>\n<div>Tama\u00f1o nano: ultrapeque\u00f1o para una portabilidad conveniente con un alto\u00a0rendimiento\u00a0confiable<\/div>\n<div>Compatibilidad\u00a0con versiones anteriores: trabaje con dispositivos compatibles con la versi\u00f3n anterior de Bluetooth<\/div>\n<div>Sistema operativo\u00a0compatible\u00a0: Windows\u00a011\/10\/8.1\/7&#8243;<\/div>\n","protected":false},"excerpt":{"rendered":"<p>Bluetooth 5.3:\u00a0mejora de la velocidad, la cobertura, la seguridad\u00a0y la fiabilidad con respecto al Bluetooth de \u00faltima generaci\u00f3n Conectividad inal\u00e1mbrica\u00a0:&hellip;<\/p>\n","protected":false},"featured_media":62086,"comment_status":"open","ping_status":"closed","template":"","meta":{"advanced_seo_description":"","jetpack_seo_html_title":"","jetpack_seo_noindex":false},"product_brand":[],"product_cat":[818],"product_tag":[],"class_list":{"0":"post-62055","1":"product","2":"type-product","3":"status-publish","4":"has-post-thumbnail","6":"product_cat-accesorios","8":"first","9":"instock","10":"shipping-taxable","11":"purchasable","12":"product-type-simple","13":"add-to-wishlist-before_image"},"jetpack_likes_enabled":false,"jetpack_sharing_enabled":true,"_links":{"self":[{"href":"https:\/\/9bits.com.ar\/v31\/wp-json\/wp\/v2\/product\/62055","targetHints":{"allow":["GET"]}}],"collection":[{"href":"https:\/\/9bits.com.ar\/v31\/wp-json\/wp\/v2\/product"}],"about":[{"href":"https:\/\/9bits.com.ar\/v31\/wp-json\/wp\/v2\/types\/product"}],"replies":[{"embeddable":true,"href":"https:\/\/9bits.com.ar\/v31\/wp-json\/wp\/v2\/comments?post=62055"}],"wp:featuredmedia":[{"embeddable":true,"href":"https:\/\/9bits.com.ar\/v31\/wp-json\/wp\/v2\/media\/62086"}],"wp:attachment":[{"href":"https:\/\/9bits.com.ar\/v31\/wp-json\/wp\/v2\/media?parent=62055"}],"wp:term":[{"taxonomy":"product_brand","embeddable":true,"href":"https:\/\/9bits.com.ar\/v31\/wp-json\/wp\/v2\/product_brand?post=62055"},{"taxonomy":"product_cat","embeddable":true,"href":"https:\/\/9bits.com.ar\/v31\/wp-json\/wp\/v2\/product_cat?post=62055"},{"taxonomy":"product_tag","embeddable":true,"href":"https:\/\/9bits.com.ar\/v31\/wp-json\/wp\/v2\/product_tag?post=62055"}],"curies":[{"name":"wp","href":"https:\/\/api.w.org\/{rel}","templated":true}]}}