{"id":62052,"date":"2025-07-26T20:43:44","date_gmt":"2025-07-26T23:43:44","guid":{"rendered":"https:\/\/9bits.com.ar\/v31\/producto\/smart-watch-redmi-watch-4-silver-gray-gps\/"},"modified":"2026-04-16T13:00:36","modified_gmt":"2026-04-16T16:00:36","slug":"smart-watch-redmi-watch-4-silver-gray-gps","status":"publish","type":"product","link":"https:\/\/9bits.com.ar\/v31\/producto\/smart-watch-redmi-watch-4-silver-gray-gps\/","title":{"rendered":"SMART WATCH REDMI WATCH 4 SILVER GRAY GPS"},"content":{"rendered":"<p><a href=\"https:\/\/www.mi.com\/global\/product\/redmi-watch-4\/specs\">https:\/\/www.mi.com\/global\/product\/redmi-watch-4\/specs<\/a><\/p>\n<p>Marco de aleaci\u00f3n de aluminio<br \/>\nGris plata: Correa de TPU<br \/>\nSensor de frecuencia card\u00edaca<br \/>\n(con sensor de ox\u00edgeno en sangre)<br \/>\n| Aceler\u00f3metro<br \/>\n| Giroscopio<br \/>\n| Sensor de luz ambiental<br \/>\n| Br\u00fajula electr\u00f3nica<br \/>\nGPS | Galileo | Glonass | BeiDou | QZSS<br \/>\nTiempo de uso t\u00edpico: 20 d\u00edas<br \/>\nCapacidad: 470mAh<br \/>\nPantalla AMOLED cuadrada ultragrande de 1,97<br \/>\nFrecuencia de actualizaci\u00f3n de 60 Hz<br \/>\nLTPS de 5 Hz<br \/>\nBrillo: hasta 600 nits<br \/>\nGNSS incorporado: compatible<br \/>\nOrador: compatible<br \/>\nLlamada Bluetooth: compatible<br \/>\nResistencia al agua de 5 ATM<\/p>\n","protected":false},"excerpt":{"rendered":"<p>https:\/\/www.mi.com\/global\/product\/redmi-watch-4\/specs Marco de aleaci\u00f3n de aluminio Gris plata: Correa de TPU Sensor de frecuencia card\u00edaca (con sensor de ox\u00edgeno en&hellip;<\/p>\n","protected":false},"featured_media":62082,"comment_status":"open","ping_status":"closed","template":"","meta":{"advanced_seo_description":"","jetpack_seo_html_title":"","jetpack_seo_noindex":false},"product_brand":[],"product_cat":[91],"product_tag":[773],"class_list":{"0":"post-62052","1":"product","2":"type-product","3":"status-publish","4":"has-post-thumbnail","6":"product_cat-smartwatch","7":"product_tag-smartwatch","9":"first","10":"instock","11":"shipping-taxable","12":"purchasable","13":"product-type-simple","14":"add-to-wishlist-before_image"},"jetpack_likes_enabled":false,"jetpack_sharing_enabled":true,"_links":{"self":[{"href":"https:\/\/9bits.com.ar\/v31\/wp-json\/wp\/v2\/product\/62052","targetHints":{"allow":["GET"]}}],"collection":[{"href":"https:\/\/9bits.com.ar\/v31\/wp-json\/wp\/v2\/product"}],"about":[{"href":"https:\/\/9bits.com.ar\/v31\/wp-json\/wp\/v2\/types\/product"}],"replies":[{"embeddable":true,"href":"https:\/\/9bits.com.ar\/v31\/wp-json\/wp\/v2\/comments?post=62052"}],"wp:featuredmedia":[{"embeddable":true,"href":"https:\/\/9bits.com.ar\/v31\/wp-json\/wp\/v2\/media\/62082"}],"wp:attachment":[{"href":"https:\/\/9bits.com.ar\/v31\/wp-json\/wp\/v2\/media?parent=62052"}],"wp:term":[{"taxonomy":"product_brand","embeddable":true,"href":"https:\/\/9bits.com.ar\/v31\/wp-json\/wp\/v2\/product_brand?post=62052"},{"taxonomy":"product_cat","embeddable":true,"href":"https:\/\/9bits.com.ar\/v31\/wp-json\/wp\/v2\/product_cat?post=62052"},{"taxonomy":"product_tag","embeddable":true,"href":"https:\/\/9bits.com.ar\/v31\/wp-json\/wp\/v2\/product_tag?post=62052"}],"curies":[{"name":"wp","href":"https:\/\/api.w.org\/{rel}","templated":true}]}}