{"id":62050,"date":"2025-07-26T20:43:17","date_gmt":"2025-07-26T23:43:17","guid":{"rendered":"https:\/\/9bits.com.ar\/v31\/producto\/adaptador-bluetooth-tp-link-ub500-nano-usb\/"},"modified":"2026-04-16T12:59:30","modified_gmt":"2026-04-16T15:59:30","slug":"adaptador-bluetooth-tp-link-ub500-nano-usb","status":"publish","type":"product","link":"https:\/\/9bits.com.ar\/v31\/producto\/adaptador-bluetooth-tp-link-ub500-nano-usb\/","title":{"rendered":"ADAPTADOR BLUETOOTH TP-LINK UB500 NANO USB"},"content":{"rendered":"<p>Bluetooth 5.0 : aplica la \u00faltima tecnolog\u00eda Bluetooth 5.0, compatible con versiones anteriores de Bluetooth V4.0 \/ 3.0 \/ 2.1 \/ 2.0 \/ 1.1<br \/>\nConectividad inal\u00e1mbrica : proporciona una comunicaci\u00f3n estable y conveniente entre los dispositivos Bluetooth y su PC o ordenador port\u00e1til<br \/>\nTama\u00f1o nanom\u00e9trico: ultrapeque\u00f1o para una portabilidad conveniente con un alto rendimiento confiable<br \/>\nSistema operativo compatible : Windows 10 \/ 8.1 \/ 7<\/p>\n","protected":false},"excerpt":{"rendered":"<p>Bluetooth 5.0 : aplica la \u00faltima tecnolog\u00eda Bluetooth 5.0, compatible con versiones anteriores de Bluetooth V4.0 \/ 3.0 \/ 2.1&hellip;<\/p>\n","protected":false},"featured_media":62079,"comment_status":"open","ping_status":"closed","template":"","meta":{"advanced_seo_description":"","jetpack_seo_html_title":"","jetpack_seo_noindex":false},"product_brand":[],"product_cat":[818],"product_tag":[],"class_list":{"0":"post-62050","1":"product","2":"type-product","3":"status-publish","4":"has-post-thumbnail","6":"product_cat-accesorios","8":"first","9":"instock","10":"shipping-taxable","11":"purchasable","12":"product-type-simple","13":"add-to-wishlist-before_image"},"jetpack_likes_enabled":false,"jetpack_sharing_enabled":true,"_links":{"self":[{"href":"https:\/\/9bits.com.ar\/v31\/wp-json\/wp\/v2\/product\/62050","targetHints":{"allow":["GET"]}}],"collection":[{"href":"https:\/\/9bits.com.ar\/v31\/wp-json\/wp\/v2\/product"}],"about":[{"href":"https:\/\/9bits.com.ar\/v31\/wp-json\/wp\/v2\/types\/product"}],"replies":[{"embeddable":true,"href":"https:\/\/9bits.com.ar\/v31\/wp-json\/wp\/v2\/comments?post=62050"}],"wp:featuredmedia":[{"embeddable":true,"href":"https:\/\/9bits.com.ar\/v31\/wp-json\/wp\/v2\/media\/62079"}],"wp:attachment":[{"href":"https:\/\/9bits.com.ar\/v31\/wp-json\/wp\/v2\/media?parent=62050"}],"wp:term":[{"taxonomy":"product_brand","embeddable":true,"href":"https:\/\/9bits.com.ar\/v31\/wp-json\/wp\/v2\/product_brand?post=62050"},{"taxonomy":"product_cat","embeddable":true,"href":"https:\/\/9bits.com.ar\/v31\/wp-json\/wp\/v2\/product_cat?post=62050"},{"taxonomy":"product_tag","embeddable":true,"href":"https:\/\/9bits.com.ar\/v31\/wp-json\/wp\/v2\/product_tag?post=62050"}],"curies":[{"name":"wp","href":"https:\/\/api.w.org\/{rel}","templated":true}]}}