{"id":61970,"date":"2025-07-04T10:59:16","date_gmt":"2025-07-04T13:59:16","guid":{"rendered":"https:\/\/9bits.com.ar\/v31\/producto\/sistema-mesh-tp-link-deco-e4-pack-1-ac1200\/"},"modified":"2026-05-15T17:53:10","modified_gmt":"2026-05-15T20:53:10","slug":"sistema-mesh-tp-link-deco-e4-pack-1-ac1200","status":"publish","type":"product","link":"https:\/\/9bits.com.ar\/v31\/producto\/sistema-mesh-tp-link-deco-e4-pack-1-ac1200\/","title":{"rendered":"SISTEMA MESH TP-LINK DECO E4 (PACK 1) AC1200"},"content":{"rendered":"<p>Info: PACK de 1 DISPOSITIVO<br \/>\nInfo: Deco utiliza un sistema de unidades para lograr una cobertura Wi-Fi perfecta en todo el hogar \u00a1elimine las \u00e1reas de se\u00f1al d\u00e9bil de una vez por todas!<br \/>\nInfo: Con la avanzada tecnolog\u00eda Deco Mesh, las unidades trabajan juntas para formar una red unificada con un solo nombre de red. Los dispositivos cambian autom\u00e1ticamente entre Decos a medida que se desplaza por su hogar para obtener las velocidades m\u00e1s r\u00e1pidas posibles.<br \/>\nInfo: Deco E4 proporciona conexiones r\u00e1pidas y estables con velocidades de hasta 1167 Mbps y funciona con los principales proveedores de servicios de Internet (ISP) y m\u00f3dem.<br \/>\nWifi: AC1200 &#8211; 5 GHz: 867 Mbps (802.11ac) &#8211; 2.4 GHz: 300 Mbps (802.11n)<br \/>\nWifi: 2 \u00d7 antenas (internas) Varias antenas forman una matriz de refuerzo de se\u00f1al para cubrir m\u00e1s direcciones y \u00e1reas grandes<br \/>\nPuertos: 2 puertos de 10\/100 Mbps &#8211; Fast Ethernet.<\/p>\n","protected":false},"excerpt":{"rendered":"<p>Info: PACK de 1 DISPOSITIVO Info: Deco utiliza un sistema de unidades para lograr una cobertura Wi-Fi perfecta en todo&hellip;<\/p>\n","protected":false},"featured_media":62005,"comment_status":"open","ping_status":"closed","template":"","meta":{"advanced_seo_description":"","jetpack_seo_html_title":"","jetpack_seo_noindex":false},"product_brand":[],"product_cat":[44,47],"product_tag":[779],"class_list":{"0":"post-61970","1":"product","2":"type-product","3":"status-publish","4":"has-post-thumbnail","6":"product_cat-redes-cableadas","7":"product_cat-redes-wireless","8":"product_tag-extensor-wifi","10":"first","11":"instock","12":"shipping-taxable","13":"purchasable","14":"product-type-simple","15":"add-to-wishlist-before_image"},"jetpack_likes_enabled":false,"jetpack_sharing_enabled":true,"_links":{"self":[{"href":"https:\/\/9bits.com.ar\/v31\/wp-json\/wp\/v2\/product\/61970","targetHints":{"allow":["GET"]}}],"collection":[{"href":"https:\/\/9bits.com.ar\/v31\/wp-json\/wp\/v2\/product"}],"about":[{"href":"https:\/\/9bits.com.ar\/v31\/wp-json\/wp\/v2\/types\/product"}],"replies":[{"embeddable":true,"href":"https:\/\/9bits.com.ar\/v31\/wp-json\/wp\/v2\/comments?post=61970"}],"wp:featuredmedia":[{"embeddable":true,"href":"https:\/\/9bits.com.ar\/v31\/wp-json\/wp\/v2\/media\/62005"}],"wp:attachment":[{"href":"https:\/\/9bits.com.ar\/v31\/wp-json\/wp\/v2\/media?parent=61970"}],"wp:term":[{"taxonomy":"product_brand","embeddable":true,"href":"https:\/\/9bits.com.ar\/v31\/wp-json\/wp\/v2\/product_brand?post=61970"},{"taxonomy":"product_cat","embeddable":true,"href":"https:\/\/9bits.com.ar\/v31\/wp-json\/wp\/v2\/product_cat?post=61970"},{"taxonomy":"product_tag","embeddable":true,"href":"https:\/\/9bits.com.ar\/v31\/wp-json\/wp\/v2\/product_tag?post=61970"}],"curies":[{"name":"wp","href":"https:\/\/api.w.org\/{rel}","templated":true}]}}