{"id":61905,"date":"2025-06-26T18:15:16","date_gmt":"2025-06-26T21:15:16","guid":{"rendered":"https:\/\/9bits.com.ar\/v31\/producto\/mouse-spider-man-tech-optico-7-botones\/"},"modified":"2026-05-15T17:54:23","modified_gmt":"2026-05-15T20:54:23","slug":"mouse-spider-man-tech-optico-7-botones","status":"publish","type":"product","link":"https:\/\/9bits.com.ar\/v31\/producto\/mouse-spider-man-tech-optico-7-botones\/","title":{"rendered":"MOUSE SPIDER-MAN -TECH OPTICO 7 BOTONES"},"content":{"rendered":"<p><a href=\"https:\/\/www.xtechamericas.com\/es\/st-productos\/interna\/mouse-optico-de-7-botones-para-videojuegos-XTM-M520SM-es\/\">https:\/\/www.xtechamericas.com\/es\/st-productos\/interna\/mouse-optico-de-7-botones-para-videojuegos-XTM-M520SM-es\/<\/a><\/p>\n<p>Mouse \u00f3ptico de 7 botones con resoluci\u00f3n ajustable de hasta 2400DPI<br \/>\nCuenta con el efecto de modo c\u00edclico<br \/>\nCubierta ergon\u00f3mica ofrece comodidad y evita la fatiga en las manos durante sesiones de juego extensas<br \/>\nFabricado con materiales durables para soportar sesiones intensas de juego<br \/>\nControla tus movimientos con 7 botones programables mediante software<br \/>\nApropiado para videojuegos en PC<br \/>\nDise\u00f1o intr\u00e9pido de Marvel, el elemento perfecto para agregar a tu colecci\u00f3n<br \/>\nEspecificaciones<br \/>\nTipo: Mouse 3D al\u00e1mbrico de 7 botones para videojuegos<br \/>\nSensor: \u00d3ptico<br \/>\nResoluci\u00f3n: Configuraci\u00f3n DPI seleccionable 800DPI \/ 1200DPI \/ 1600DPI \/ 2400DPI<br \/>\nTipo de agarre: De palma<br \/>\nVelocidad de respuesta: 125Hz<br \/>\nInterfaz: USB<br \/>\nSoftware: Solamente para Windows<br \/>\nN\u00famero de botones: 7<br \/>\nBotones programables: S\u00ed, 7 mediante software<br \/>\nIluminaci\u00f3n de fondo: Efecto c\u00edclico y 4 modos: lento\/veloz\/est\u00e1tico\/apagado<br \/>\nFrecuencia de imagen: 6000 cuadros\/seg<br \/>\nVelocidad m\u00e1xima: 32IPS<br \/>\nAceleraci\u00f3n m\u00e1xima: 15G<br \/>\nRequisitos del sistema: Windows 2000\/7\/VISTA\/8\/10<br \/>\nTipo de cable: Trenzado<br \/>\nLongitud del cable: 1,5m<br \/>\nDimensiones (LaxAnxAl): 12,4x7x4cm<br \/>\nPeso: 112g<br \/>\nGarant\u00eda: Un a\u00f1o<\/p>\n","protected":false},"excerpt":{"rendered":"<p>https:\/\/www.xtechamericas.com\/es\/st-productos\/interna\/mouse-optico-de-7-botones-para-videojuegos-XTM-M520SM-es\/ Mouse \u00f3ptico de 7 botones con resoluci\u00f3n ajustable de hasta 2400DPI Cuenta con el efecto de modo c\u00edclico Cubierta&hellip;<\/p>\n","protected":false},"featured_media":61923,"comment_status":"open","ping_status":"closed","template":"","meta":{"advanced_seo_description":"","jetpack_seo_html_title":"","jetpack_seo_noindex":false},"product_brand":[],"product_cat":[37],"product_tag":[802],"class_list":{"0":"post-61905","1":"product","2":"type-product","3":"status-publish","4":"has-post-thumbnail","6":"product_cat-teclados-mouse-y-webcam","7":"product_tag-gamer","9":"first","10":"instock","11":"shipping-taxable","12":"purchasable","13":"product-type-simple","14":"add-to-wishlist-before_image"},"jetpack_likes_enabled":false,"jetpack_sharing_enabled":true,"_links":{"self":[{"href":"https:\/\/9bits.com.ar\/v31\/wp-json\/wp\/v2\/product\/61905","targetHints":{"allow":["GET"]}}],"collection":[{"href":"https:\/\/9bits.com.ar\/v31\/wp-json\/wp\/v2\/product"}],"about":[{"href":"https:\/\/9bits.com.ar\/v31\/wp-json\/wp\/v2\/types\/product"}],"replies":[{"embeddable":true,"href":"https:\/\/9bits.com.ar\/v31\/wp-json\/wp\/v2\/comments?post=61905"}],"wp:featuredmedia":[{"embeddable":true,"href":"https:\/\/9bits.com.ar\/v31\/wp-json\/wp\/v2\/media\/61923"}],"wp:attachment":[{"href":"https:\/\/9bits.com.ar\/v31\/wp-json\/wp\/v2\/media?parent=61905"}],"wp:term":[{"taxonomy":"product_brand","embeddable":true,"href":"https:\/\/9bits.com.ar\/v31\/wp-json\/wp\/v2\/product_brand?post=61905"},{"taxonomy":"product_cat","embeddable":true,"href":"https:\/\/9bits.com.ar\/v31\/wp-json\/wp\/v2\/product_cat?post=61905"},{"taxonomy":"product_tag","embeddable":true,"href":"https:\/\/9bits.com.ar\/v31\/wp-json\/wp\/v2\/product_tag?post=61905"}],"curies":[{"name":"wp","href":"https:\/\/api.w.org\/{rel}","templated":true}]}}