{"id":61883,"date":"2025-06-26T18:13:57","date_gmt":"2025-06-26T21:13:57","guid":{"rendered":"https:\/\/9bits.com.ar\/v31\/producto\/mouse-genius-eco-8100-wireless-black-recargable\/"},"modified":"2026-04-27T12:55:47","modified_gmt":"2026-04-27T15:55:47","slug":"mouse-genius-eco-8100-wireless-black-recargable","status":"publish","type":"product","link":"https:\/\/9bits.com.ar\/v31\/producto\/mouse-genius-eco-8100-wireless-black-recargable\/","title":{"rendered":"MOUSE GENIUS ECO-8100 WIRELESS BLACK RECARGABLE"},"content":{"rendered":"<p>Nombre del modelo: ECO-8100<br \/>\nFrecuencia RF: 2.4 GHz<br \/>\nUnidad de sensor: \u00d3ptico<br \/>\nResoluci\u00f3n (DPI): 800 &#8211; 1600<br \/>\nCantidad de botones: Tres (izquierda, derecha y central con desplazamiento)<br \/>\nTipo de bater\u00eda Bateria: NiMH recargable(Antes del primer uso, cargue completamente la bater\u00eda durante 10 horas ininterrumpidas.)<br \/>\nPeso (g): Aprox. 81 g (incluye receptor y NiMH recargable)<br \/>\nDimensiones (A x A x P): 59,5 x 106 x 37,1 mm<br \/>\nSoporte SmartGenius: S\u00ed, descarga de la aplicaci\u00f3n SmartGenius en: Descargas<\/p>\n<p>Nota: El hardware del producto y el firmware vienen preconfigurados de f\u00e1brica. Puedes ajustar la configuraci\u00f3n de acuerdo a tus necesidades.<br \/>\nPara una actualizaci\u00f3n de firmware, puedes consultar nuestro sitio web.<\/p>\n<p>Compatible con sistema operativo: Windows\u00ae 7, 8, 8.1, 10<br \/>\nMac OS X 10.8 o superior<\/p>\n<p>Color: Negro<br \/>\n*Las im\u00e1genes y colores de productos que se muestran en el paquete son \u00daNICAMENTE para referencia. Vea los art\u00edculos incluidos para determinar sus caracter\u00edsticas reales<\/p>\n<p>Contenido de la caja:<br \/>\nECO-8100 Bater\u00eda recargable de bater\u00edas NiMH<br \/>\nMini-receptor<\/p>\n","protected":false},"excerpt":{"rendered":"<p>Nombre del modelo: ECO-8100 Frecuencia RF: 2.4 GHz Unidad de sensor: \u00d3ptico Resoluci\u00f3n (DPI): 800 &#8211; 1600 Cantidad de botones:&hellip;<\/p>\n","protected":false},"featured_media":61925,"comment_status":"open","ping_status":"closed","template":"","meta":{"advanced_seo_description":"","jetpack_seo_html_title":"","jetpack_seo_noindex":false},"product_brand":[],"product_cat":[37],"product_tag":[],"class_list":{"0":"post-61883","1":"product","2":"type-product","3":"status-publish","4":"has-post-thumbnail","6":"product_cat-teclados-mouse-y-webcam","8":"first","9":"instock","10":"shipping-taxable","11":"purchasable","12":"product-type-simple","13":"add-to-wishlist-before_image"},"jetpack_likes_enabled":false,"jetpack_sharing_enabled":true,"_links":{"self":[{"href":"https:\/\/9bits.com.ar\/v31\/wp-json\/wp\/v2\/product\/61883","targetHints":{"allow":["GET"]}}],"collection":[{"href":"https:\/\/9bits.com.ar\/v31\/wp-json\/wp\/v2\/product"}],"about":[{"href":"https:\/\/9bits.com.ar\/v31\/wp-json\/wp\/v2\/types\/product"}],"replies":[{"embeddable":true,"href":"https:\/\/9bits.com.ar\/v31\/wp-json\/wp\/v2\/comments?post=61883"}],"wp:featuredmedia":[{"embeddable":true,"href":"https:\/\/9bits.com.ar\/v31\/wp-json\/wp\/v2\/media\/61925"}],"wp:attachment":[{"href":"https:\/\/9bits.com.ar\/v31\/wp-json\/wp\/v2\/media?parent=61883"}],"wp:term":[{"taxonomy":"product_brand","embeddable":true,"href":"https:\/\/9bits.com.ar\/v31\/wp-json\/wp\/v2\/product_brand?post=61883"},{"taxonomy":"product_cat","embeddable":true,"href":"https:\/\/9bits.com.ar\/v31\/wp-json\/wp\/v2\/product_cat?post=61883"},{"taxonomy":"product_tag","embeddable":true,"href":"https:\/\/9bits.com.ar\/v31\/wp-json\/wp\/v2\/product_tag?post=61883"}],"curies":[{"name":"wp","href":"https:\/\/api.w.org\/{rel}","templated":true}]}}