{"id":61804,"date":"2025-06-10T18:52:05","date_gmt":"2025-06-10T21:52:05","guid":{"rendered":"https:\/\/9bits.com.ar\/v31\/producto\/hub-genius-uh-545-usb-c-a-usb-cx1-usb-a-x3-rj45x1\/"},"modified":"2026-04-16T12:59:13","modified_gmt":"2026-04-16T15:59:13","slug":"hub-genius-uh-545-usb-c-a-usb-cx1-usb-a-x3-rj45x1","status":"publish","type":"product","link":"https:\/\/9bits.com.ar\/v31\/producto\/hub-genius-uh-545-usb-c-a-usb-cx1-usb-a-x3-rj45x1\/","title":{"rendered":"HUB GENIUS UH-545 USB-C A USB-CX1\/USB-A X3\/RJ45X1"},"content":{"rendered":"<p><a href=\"https:\/\/www.geniusnet.com\/es\/products\/view\/uh_545\">https:\/\/www.geniusnet.com\/es\/products\/view\/uh_545<\/a><\/p>\n<p>Modelo: UH-545<br \/>\nInterface: USB-C 5V 3A (fuente de poder)<br \/>\nNota: USB-C no transfiere datos<br \/>\nUSB 3.0 x 3 (5 Gbps)<br \/>\nRJ45 (Ethernet Gigabit)<br \/>\nLongitud de Cable: 15 cm<br \/>\nOtros \u0097<br \/>\nPeso (gramos): Aprox. 60 g<br \/>\nDimensiones (W x H x D) mm (pulgadas) 120 x 28 x 17 ( 4.29 x 1.24 x 0.43 )<br \/>\nColores Gris Hierro<br \/>\n* Color e imagen del producto demostrado en el paquete es de re \u00fanicamente. Dir\u00edjase al producto f\u00edsico para referencia real.<br \/>\nManual de Usuario: Si,<br \/>\nUH-545 (Multi-language) Download<\/p>\n<p>Contenido:<br \/>\nUH-545 (Hub USB)<br \/>\nGuia r\u00e1pida en multilenguaje<\/p>\n","protected":false},"excerpt":{"rendered":"<p>https:\/\/www.geniusnet.com\/es\/products\/view\/uh_545 Modelo: UH-545 Interface: USB-C 5V 3A (fuente de poder) Nota: USB-C no transfiere datos USB 3.0 x 3 (5&hellip;<\/p>\n","protected":false},"featured_media":61828,"comment_status":"open","ping_status":"closed","template":"","meta":{"advanced_seo_description":"","jetpack_seo_html_title":"","jetpack_seo_noindex":false},"product_brand":[],"product_cat":[818],"product_tag":[],"class_list":{"0":"post-61804","1":"product","2":"type-product","3":"status-publish","4":"has-post-thumbnail","6":"product_cat-accesorios","8":"first","9":"instock","10":"shipping-taxable","11":"purchasable","12":"product-type-simple","13":"add-to-wishlist-before_image"},"jetpack_likes_enabled":false,"jetpack_sharing_enabled":true,"_links":{"self":[{"href":"https:\/\/9bits.com.ar\/v31\/wp-json\/wp\/v2\/product\/61804","targetHints":{"allow":["GET"]}}],"collection":[{"href":"https:\/\/9bits.com.ar\/v31\/wp-json\/wp\/v2\/product"}],"about":[{"href":"https:\/\/9bits.com.ar\/v31\/wp-json\/wp\/v2\/types\/product"}],"replies":[{"embeddable":true,"href":"https:\/\/9bits.com.ar\/v31\/wp-json\/wp\/v2\/comments?post=61804"}],"wp:featuredmedia":[{"embeddable":true,"href":"https:\/\/9bits.com.ar\/v31\/wp-json\/wp\/v2\/media\/61828"}],"wp:attachment":[{"href":"https:\/\/9bits.com.ar\/v31\/wp-json\/wp\/v2\/media?parent=61804"}],"wp:term":[{"taxonomy":"product_brand","embeddable":true,"href":"https:\/\/9bits.com.ar\/v31\/wp-json\/wp\/v2\/product_brand?post=61804"},{"taxonomy":"product_cat","embeddable":true,"href":"https:\/\/9bits.com.ar\/v31\/wp-json\/wp\/v2\/product_cat?post=61804"},{"taxonomy":"product_tag","embeddable":true,"href":"https:\/\/9bits.com.ar\/v31\/wp-json\/wp\/v2\/product_tag?post=61804"}],"curies":[{"name":"wp","href":"https:\/\/api.w.org\/{rel}","templated":true}]}}