{"id":61749,"date":"2025-05-30T10:33:33","date_gmt":"2025-05-30T13:33:33","guid":{"rendered":"https:\/\/9bits.com.ar\/v31\/producto\/pen-drive-256gb-kingston-3-2-onyx\/"},"modified":"2026-04-16T13:01:30","modified_gmt":"2026-04-16T16:01:30","slug":"pen-drive-256gb-kingston-3-2-onyx","status":"publish","type":"product","link":"https:\/\/9bits.com.ar\/v31\/producto\/pen-drive-256gb-kingston-3-2-onyx\/","title":{"rendered":"PEN DRIVE 256GB KINGSTON 3.2 ONYX"},"content":{"rendered":"<p>Capacidades2 64 GB, 128 GB, 256 GB<br \/>\nVelocidad1 Compatible con USB 3.2 Gen 1<br \/>\nDimensiones 60,7 mm x 21 mm x 10,2 mm<br \/>\nPeso 8 g<br \/>\nTemperatura de servicio 0\u00b0C~60\u00b0C<br \/>\nTemperatura de almacenamiento -20\u00b0C~85\u00b0C<br \/>\nGarant\u00eda 5 a\u00f1os de garant\u00eda y asistencia t\u00e9cnica gratuita<br \/>\nCompatible con Windows\u00ae 11, 10, macOS\u00ae (v.10.15.x +), Linux (v. 4.4 +), Chrome OS\u0099<\/p>\n","protected":false},"excerpt":{"rendered":"<p>Capacidades2 64 GB, 128 GB, 256 GB Velocidad1 Compatible con USB 3.2 Gen 1 Dimensiones 60,7 mm x 21 mm&hellip;<\/p>\n","protected":false},"featured_media":61764,"comment_status":"open","ping_status":"closed","template":"","meta":{"advanced_seo_description":"","jetpack_seo_html_title":"","jetpack_seo_noindex":false},"product_brand":[],"product_cat":[39],"product_tag":[],"class_list":{"0":"post-61749","1":"product","2":"type-product","3":"status-publish","4":"has-post-thumbnail","6":"product_cat-pendrive","8":"first","9":"instock","10":"shipping-taxable","11":"purchasable","12":"product-type-simple","13":"add-to-wishlist-before_image"},"jetpack_likes_enabled":false,"jetpack_sharing_enabled":true,"_links":{"self":[{"href":"https:\/\/9bits.com.ar\/v31\/wp-json\/wp\/v2\/product\/61749","targetHints":{"allow":["GET"]}}],"collection":[{"href":"https:\/\/9bits.com.ar\/v31\/wp-json\/wp\/v2\/product"}],"about":[{"href":"https:\/\/9bits.com.ar\/v31\/wp-json\/wp\/v2\/types\/product"}],"replies":[{"embeddable":true,"href":"https:\/\/9bits.com.ar\/v31\/wp-json\/wp\/v2\/comments?post=61749"}],"wp:featuredmedia":[{"embeddable":true,"href":"https:\/\/9bits.com.ar\/v31\/wp-json\/wp\/v2\/media\/61764"}],"wp:attachment":[{"href":"https:\/\/9bits.com.ar\/v31\/wp-json\/wp\/v2\/media?parent=61749"}],"wp:term":[{"taxonomy":"product_brand","embeddable":true,"href":"https:\/\/9bits.com.ar\/v31\/wp-json\/wp\/v2\/product_brand?post=61749"},{"taxonomy":"product_cat","embeddable":true,"href":"https:\/\/9bits.com.ar\/v31\/wp-json\/wp\/v2\/product_cat?post=61749"},{"taxonomy":"product_tag","embeddable":true,"href":"https:\/\/9bits.com.ar\/v31\/wp-json\/wp\/v2\/product_tag?post=61749"}],"curies":[{"name":"wp","href":"https:\/\/api.w.org\/{rel}","templated":true}]}}