{"id":61742,"date":"2025-05-30T10:32:40","date_gmt":"2025-05-30T13:32:40","guid":{"rendered":"https:\/\/9bits.com.ar\/v31\/producto\/base-genius-stand-p-nb-10-17-g-stand-m250-aluminio\/"},"modified":"2026-04-27T12:55:48","modified_gmt":"2026-04-27T15:55:48","slug":"base-genius-stand-p-nb-10-17-g-stand-m250-aluminio","status":"publish","type":"product","link":"https:\/\/9bits.com.ar\/v31\/producto\/base-genius-stand-p-nb-10-17-g-stand-m250-aluminio\/","title":{"rendered":"BASE GENIUS STAND P\/ NB 10\/17 G-STAND M250 ALUMINIO"},"content":{"rendered":"<p><a href=\"https:\/\/www.geniusnet.com\/es\/products\/view\/g_stand_m250\">https:\/\/www.geniusnet.com\/es\/products\/view\/g_stand_m250<\/a><\/p>\n<p>Material<br \/>\nAleaci\u00f3n de aluminio, Silicona<br \/>\nOtro<br \/>\n\u0097<br \/>\nPeso (gramos): Aprox. 229 g<br \/>\nDimensiones (An x Al x Pr) mm (pulgadas): 43 x 14 x 243 mm (1.69 x 0.55 x 9.56)<br \/>\nDispositivos compatibles: Port\u00e1tiles, Tabletas, Smartphones<br \/>\nColores: Gris hierro<br \/>\n*El color del producto y las im\u00e1genes mostradas en el paquete son solo de referencia. Para los art\u00edculos reales, referirse a los bienes f\u00edsicos contenidos aqu\u00ed.<\/p>\n<p>Qu\u00e9 incluye<br \/>\nG-Stand M250<br \/>\nLazos de cable de velcro<\/p>\n","protected":false},"excerpt":{"rendered":"<p>https:\/\/www.geniusnet.com\/es\/products\/view\/g_stand_m250 Material Aleaci\u00f3n de aluminio, Silicona Otro \u0097 Peso (gramos): Aprox. 229 g Dimensiones (An x Al x Pr) mm&hellip;<\/p>\n","protected":false},"featured_media":61782,"comment_status":"open","ping_status":"closed","template":"","meta":{"advanced_seo_description":"","jetpack_seo_html_title":"","jetpack_seo_noindex":false},"product_brand":[],"product_cat":[818,46],"product_tag":[],"class_list":{"0":"post-61742","1":"product","2":"type-product","3":"status-publish","4":"has-post-thumbnail","6":"product_cat-accesorios","7":"product_cat-notebook","9":"first","10":"instock","11":"shipping-taxable","12":"purchasable","13":"product-type-simple","14":"add-to-wishlist-before_image"},"jetpack_likes_enabled":false,"jetpack_sharing_enabled":true,"_links":{"self":[{"href":"https:\/\/9bits.com.ar\/v31\/wp-json\/wp\/v2\/product\/61742","targetHints":{"allow":["GET"]}}],"collection":[{"href":"https:\/\/9bits.com.ar\/v31\/wp-json\/wp\/v2\/product"}],"about":[{"href":"https:\/\/9bits.com.ar\/v31\/wp-json\/wp\/v2\/types\/product"}],"replies":[{"embeddable":true,"href":"https:\/\/9bits.com.ar\/v31\/wp-json\/wp\/v2\/comments?post=61742"}],"wp:featuredmedia":[{"embeddable":true,"href":"https:\/\/9bits.com.ar\/v31\/wp-json\/wp\/v2\/media\/61782"}],"wp:attachment":[{"href":"https:\/\/9bits.com.ar\/v31\/wp-json\/wp\/v2\/media?parent=61742"}],"wp:term":[{"taxonomy":"product_brand","embeddable":true,"href":"https:\/\/9bits.com.ar\/v31\/wp-json\/wp\/v2\/product_brand?post=61742"},{"taxonomy":"product_cat","embeddable":true,"href":"https:\/\/9bits.com.ar\/v31\/wp-json\/wp\/v2\/product_cat?post=61742"},{"taxonomy":"product_tag","embeddable":true,"href":"https:\/\/9bits.com.ar\/v31\/wp-json\/wp\/v2\/product_tag?post=61742"}],"curies":[{"name":"wp","href":"https:\/\/api.w.org\/{rel}","templated":true}]}}