{"id":61532,"date":"2025-04-15T10:46:53","date_gmt":"2025-04-15T13:46:53","guid":{"rendered":"https:\/\/9bits.com.ar\/v31\/producto\/ssd-m-2-nvme-1tb-g4-kingston-nv3\/"},"modified":"2026-04-16T13:01:30","modified_gmt":"2026-04-16T16:01:30","slug":"ssd-m-2-nvme-1tb-g4-kingston-nv3","status":"publish","type":"product","link":"https:\/\/9bits.com.ar\/v31\/producto\/ssd-m-2-nvme-1tb-g4-kingston-nv3\/","title":{"rendered":"SSD M.2 NVME 1TB G4 KINGSTON NV3"},"content":{"rendered":"<p>Factor de forma M.2 2280<br \/>\nInterfaz NVMe PCIe 4.0 x4<br \/>\nCapacidades2 500GB, 1TB, 2TB, 4TB3<br \/>\nLectura\/escritura secuenciales1 500GB-5.000\/3.000MB\/s<br \/>\n1TB-6.000\/4.000MB\/s<br \/>\n2TB-4TB3-6.000\/5.000MB\/s<br \/>\nNAND 3D<br \/>\nResistencia (total de bytes escritos)4 500GB-160TB<br \/>\n1TB-320TB<br \/>\n2TB-640TB<br \/>\n4TB-1280TB<br \/>\nTemperatura de almacenamiento -40\u00b0C~85\u00b0C<br \/>\nTemperatura de funcionamiento 0\u00b0C~70\u00b0C<br \/>\nDimensiones 22mm \u00d7 80mm \u00d7 2,3mm<br \/>\nPeso 7g (todas las capacidades)<br \/>\nVibraciones en reposo 10G (10-1.000Hz)<br \/>\nTiempo medio entre fallos (MTBF) 2.000.000 horas<br \/>\nGarant\u00eda y asistencia5 Garant\u00eda limitada de 3 a\u00f1os con asistencia t\u00e9cnica gratuita<\/p>\n","protected":false},"excerpt":{"rendered":"<p>Factor de forma M.2 2280 Interfaz NVMe PCIe 4.0 x4 Capacidades2 500GB, 1TB, 2TB, 4TB3 Lectura\/escritura secuenciales1 500GB-5.000\/3.000MB\/s 1TB-6.000\/4.000MB\/s 2TB-4TB3-6.000\/5.000MB\/s&hellip;<\/p>\n","protected":false},"featured_media":61554,"comment_status":"open","ping_status":"closed","template":"","meta":{"advanced_seo_description":"","jetpack_seo_html_title":"","jetpack_seo_noindex":false},"product_brand":[],"product_cat":[45],"product_tag":[],"class_list":{"0":"post-61532","1":"product","2":"type-product","3":"status-publish","4":"has-post-thumbnail","6":"product_cat-discos","8":"first","9":"instock","10":"shipping-taxable","11":"purchasable","12":"product-type-simple","13":"add-to-wishlist-before_image"},"jetpack_likes_enabled":false,"jetpack_sharing_enabled":true,"_links":{"self":[{"href":"https:\/\/9bits.com.ar\/v31\/wp-json\/wp\/v2\/product\/61532","targetHints":{"allow":["GET"]}}],"collection":[{"href":"https:\/\/9bits.com.ar\/v31\/wp-json\/wp\/v2\/product"}],"about":[{"href":"https:\/\/9bits.com.ar\/v31\/wp-json\/wp\/v2\/types\/product"}],"replies":[{"embeddable":true,"href":"https:\/\/9bits.com.ar\/v31\/wp-json\/wp\/v2\/comments?post=61532"}],"wp:featuredmedia":[{"embeddable":true,"href":"https:\/\/9bits.com.ar\/v31\/wp-json\/wp\/v2\/media\/61554"}],"wp:attachment":[{"href":"https:\/\/9bits.com.ar\/v31\/wp-json\/wp\/v2\/media?parent=61532"}],"wp:term":[{"taxonomy":"product_brand","embeddable":true,"href":"https:\/\/9bits.com.ar\/v31\/wp-json\/wp\/v2\/product_brand?post=61532"},{"taxonomy":"product_cat","embeddable":true,"href":"https:\/\/9bits.com.ar\/v31\/wp-json\/wp\/v2\/product_cat?post=61532"},{"taxonomy":"product_tag","embeddable":true,"href":"https:\/\/9bits.com.ar\/v31\/wp-json\/wp\/v2\/product_tag?post=61532"}],"curies":[{"name":"wp","href":"https:\/\/api.w.org\/{rel}","templated":true}]}}