{"id":61494,"date":"2025-04-01T09:59:33","date_gmt":"2025-04-01T12:59:33","guid":{"rendered":"https:\/\/9bits.com.ar\/v31\/producto\/mouse-inalmbrico-etheos-amii-3bin\/"},"modified":"2026-05-15T17:54:19","modified_gmt":"2026-05-15T20:54:19","slug":"mouse-inalmbrico-etheos-amii-3bin","status":"publish","type":"product","link":"https:\/\/9bits.com.ar\/v31\/producto\/mouse-inalmbrico-etheos-amii-3bin\/","title":{"rendered":"Mouse inal?mbrico etheos AMII-3BIN"},"content":{"rendered":"<p>Material: ABS<br \/>\nMedidas: 116 mm \u00d7 61.8 mm \u00d7 38.1 mm<br \/>\nAlcance m\u00e1ximo: 10 m<br \/>\nOn\/off switch<br \/>\nFrecuencia 2.4 GHz<br \/>\nResoluci\u00f3n: 1200 DPI<br \/>\nBotones: 3<br \/>\nCompatible con todos los sistemas de Windows<br \/>\nIncluye: Receptor USB<br \/>\nFuente de alimentaci\u00f3n: 1 pila AA (no incluida)<\/p>\n","protected":false},"excerpt":{"rendered":"<p>Material: ABS Medidas: 116 mm \u00d7 61.8 mm \u00d7 38.1 mm Alcance m\u00e1ximo: 10 m On\/off switch Frecuencia 2.4 GHz&hellip;<\/p>\n","protected":false},"featured_media":61506,"comment_status":"open","ping_status":"closed","template":"","meta":{"advanced_seo_description":"","jetpack_seo_html_title":"","jetpack_seo_noindex":false},"product_brand":[],"product_cat":[37],"product_tag":[],"class_list":{"0":"post-61494","1":"product","2":"type-product","3":"status-publish","4":"has-post-thumbnail","6":"product_cat-teclados-mouse-y-webcam","8":"first","9":"instock","10":"sale","11":"shipping-taxable","12":"purchasable","13":"product-type-simple","14":"add-to-wishlist-before_image"},"jetpack_likes_enabled":false,"jetpack_sharing_enabled":true,"_links":{"self":[{"href":"https:\/\/9bits.com.ar\/v31\/wp-json\/wp\/v2\/product\/61494","targetHints":{"allow":["GET"]}}],"collection":[{"href":"https:\/\/9bits.com.ar\/v31\/wp-json\/wp\/v2\/product"}],"about":[{"href":"https:\/\/9bits.com.ar\/v31\/wp-json\/wp\/v2\/types\/product"}],"replies":[{"embeddable":true,"href":"https:\/\/9bits.com.ar\/v31\/wp-json\/wp\/v2\/comments?post=61494"}],"wp:featuredmedia":[{"embeddable":true,"href":"https:\/\/9bits.com.ar\/v31\/wp-json\/wp\/v2\/media\/61506"}],"wp:attachment":[{"href":"https:\/\/9bits.com.ar\/v31\/wp-json\/wp\/v2\/media?parent=61494"}],"wp:term":[{"taxonomy":"product_brand","embeddable":true,"href":"https:\/\/9bits.com.ar\/v31\/wp-json\/wp\/v2\/product_brand?post=61494"},{"taxonomy":"product_cat","embeddable":true,"href":"https:\/\/9bits.com.ar\/v31\/wp-json\/wp\/v2\/product_cat?post=61494"},{"taxonomy":"product_tag","embeddable":true,"href":"https:\/\/9bits.com.ar\/v31\/wp-json\/wp\/v2\/product_tag?post=61494"}],"curies":[{"name":"wp","href":"https:\/\/api.w.org\/{rel}","templated":true}]}}