{"id":61461,"date":"2025-03-26T19:14:54","date_gmt":"2025-03-26T22:14:54","guid":{"rendered":"https:\/\/9bits.com.ar\/v31\/producto\/monitor-27-hikvision-ds-d5027f2-vga-hdmi\/"},"modified":"2026-04-16T12:58:08","modified_gmt":"2026-04-16T15:58:08","slug":"monitor-27-hikvision-ds-d5027f2-vga-hdmi","status":"publish","type":"product","link":"https:\/\/9bits.com.ar\/v31\/producto\/monitor-27-hikvision-ds-d5027f2-vga-hdmi\/","title":{"rendered":"MONITOR 27 HIKVISION DS-D5027F2 VGA\/HDMI"},"content":{"rendered":"<p>incluye cable hdmi<br \/>\npantalla<br \/>\nTama\u00f1o<br \/>\n27 inch<br \/>\n\u00c1rea de visualizaci\u00f3n activa<br \/>\n597.888 (H) mm \u00d7 336.312 (V) mm<br \/>\nResoluci\u00f3n<br \/>\n1920 \u00d7 1080<br \/>\nContraluz<br \/>\nE-LED<br \/>\nTama\u00f1o de p\u00edxel<br \/>\n0.3114 (H) mm \u00d7 0.3114 (V) mm<br \/>\nBrillo<br \/>\n300 cd\/m\u00b2<br \/>\n\u00c1ngulo de visi\u00f3n<br \/>\n178\u00b0 (H) \/ 178\u00b0 (V)<br \/>\nProfundidad del color<br \/>\n8 bit ,16.7 M<br \/>\nRelaci\u00f3n de contraste<br \/>\n1300 : 1<br \/>\nTiempo de respuesta<br \/>\n14 (Typ) ms , 5 (OD) ms<br \/>\nFrecuencia de actualizaci\u00f3n<br \/>\nMax. 100Hz , Typ. 60 Hz<br \/>\nCalina<br \/>\nHaze 25%, 3H<br \/>\nFiabilidad<br \/>\n7 \u00d7 12 H<br \/>\nGama de colores<br \/>\n72% NTSC<br \/>\nInterfaz<br \/>\nEntrada de video y audio<br \/>\nHDMI 1.4 \u00d7 1, VGA \u00d7 1<br \/>\nSalida de v\u00eddeo y audio<br \/>\nNone<br \/>\nInterfaz de transmisi\u00f3n de datos<br \/>\nNone<br \/>\nInterfaz de control<br \/>\nNone<br \/>\nalimentaci\u00f3n<br \/>\nFuente de alimentaci\u00f3n<br \/>\nDC 12V, 2.5A<br \/>\nConsumo de energ\u00eda<br \/>\n= 30 W<br \/>\nConsumo en espera<br \/>\n= 0.5 W<br \/>\nAmbiente de trabajo<br \/>\nTemperatura de trabajo<br \/>\n0? to 40 ? (32 ? to 104 ?)<br \/>\nCondiciones de Humedad<br \/>\n20% to 90% RH (Non-Condensing)<br \/>\nTemperatura de almacenamiento<br \/>\n-20 ? to 60 ? (-4 ? to 140 ?)<br \/>\nHumedad de almacenamiento<br \/>\n10% to 90% RH (Non-Condensing)<br \/>\nGeneral<br \/>\nMaterial de la carcasa<br \/>\nPlastic<br \/>\nVESA<br \/>\n100 mm \u00d7 100 mm ( 4-M4 \u00d7 10 mm)<br \/>\nAncho de marco<br \/>\n2.1 mm (top\/left\/right), 21.4 mm (bottom)<br \/>\nDimensiones del producto (W \u00d7 H \u00d7 D)<br \/>\nWith base: 613 (W) mm \u00d7 449.7 (H) mm \u00d7 216(D) mm<\/p>\n<p>Without base: 613 (W) mm \u00d7 367.3 (H) mm \u00d7 41.3 (D) mm<\/p>\n<p>Dimensiones del paquete (W \u00d7 H \u00d7 D)<br \/>\n690 (W) mm \u00d7 450 (H) mm \u00d7 140 (D) mm<br \/>\nPeso neto<br \/>\n3.93 \u00b1 0.5 kg<br \/>\nPeso bruto<br \/>\n5.36 \u00b1 0.5 kg<br \/>\nLista de empaque<br \/>\nMonitor \u00d7 1, Base component \u00d7 1, Power adapter (12 V, 2.5 A) \u00d7 1, HDMI cable (1.5 m) \u00d7 1, User manual \u00d7 1, Multilingual manual \u00d7 1<br \/>\nObservaciones<br \/>\nThe base is included by default.<\/p>\n<p>The product appearance and parameters in this specification may vary from your actual device. Please consult our local sales staff for further information<\/p>\n<p>https:\/\/www.hikvision.com\/es-la\/products\/display-and-control\/monitors\/Value-Series\/ds-d5027f2-1p2\/<\/p>\n","protected":false},"excerpt":{"rendered":"<p>incluye cable hdmi pantalla Tama\u00f1o 27 inch \u00c1rea de visualizaci\u00f3n activa 597.888 (H) mm \u00d7 336.312 (V) mm Resoluci\u00f3n 1920&hellip;<\/p>\n","protected":false},"featured_media":61484,"comment_status":"open","ping_status":"closed","template":"","meta":{"advanced_seo_description":"","jetpack_seo_html_title":"","jetpack_seo_noindex":false},"product_brand":[],"product_cat":[72],"product_tag":[],"class_list":{"0":"post-61461","1":"product","2":"type-product","3":"status-publish","4":"has-post-thumbnail","6":"product_cat-monitores","8":"first","9":"instock","10":"shipping-taxable","11":"purchasable","12":"product-type-simple","13":"add-to-wishlist-before_image"},"jetpack_likes_enabled":false,"jetpack_sharing_enabled":true,"_links":{"self":[{"href":"https:\/\/9bits.com.ar\/v31\/wp-json\/wp\/v2\/product\/61461","targetHints":{"allow":["GET"]}}],"collection":[{"href":"https:\/\/9bits.com.ar\/v31\/wp-json\/wp\/v2\/product"}],"about":[{"href":"https:\/\/9bits.com.ar\/v31\/wp-json\/wp\/v2\/types\/product"}],"replies":[{"embeddable":true,"href":"https:\/\/9bits.com.ar\/v31\/wp-json\/wp\/v2\/comments?post=61461"}],"wp:featuredmedia":[{"embeddable":true,"href":"https:\/\/9bits.com.ar\/v31\/wp-json\/wp\/v2\/media\/61484"}],"wp:attachment":[{"href":"https:\/\/9bits.com.ar\/v31\/wp-json\/wp\/v2\/media?parent=61461"}],"wp:term":[{"taxonomy":"product_brand","embeddable":true,"href":"https:\/\/9bits.com.ar\/v31\/wp-json\/wp\/v2\/product_brand?post=61461"},{"taxonomy":"product_cat","embeddable":true,"href":"https:\/\/9bits.com.ar\/v31\/wp-json\/wp\/v2\/product_cat?post=61461"},{"taxonomy":"product_tag","embeddable":true,"href":"https:\/\/9bits.com.ar\/v31\/wp-json\/wp\/v2\/product_tag?post=61461"}],"curies":[{"name":"wp","href":"https:\/\/api.w.org\/{rel}","templated":true}]}}