{"id":61440,"date":"2025-03-20T17:56:52","date_gmt":"2025-03-20T20:56:52","guid":{"rendered":"https:\/\/9bits.com.ar\/v31\/producto\/control-remoto-universal-para-tv-etheos-ctrunvtv\/"},"modified":"2026-04-16T13:02:37","modified_gmt":"2026-04-16T16:02:37","slug":"control-remoto-universal-para-tv-etheos-ctrunvtv","status":"publish","type":"product","link":"https:\/\/9bits.com.ar\/v31\/producto\/control-remoto-universal-para-tv-etheos-ctrunvtv\/","title":{"rendered":"Control remoto universal para TV etheos CTRUNVTV"},"content":{"rendered":"<p><strong>Control remoto universal para TV<\/strong><br \/>\nMaterial: ABS<br \/>\nMedidas: 175 mm \u00d7 45 mm \u00d7 20 mm<br \/>\nModo de b\u00fasqueda: manual \/ autom\u00e1tica<br \/>\nBotones: Home, Netflix, YouTube<br \/>\nCompatible con la mayor\u00eda de las marcas de televisores<br \/>\nAlimentaci\u00f3n: 2 \u00d7 AAA (no incluidas)<\/p>\n","protected":false},"excerpt":{"rendered":"<p>Control remoto universal para TV Material: ABS Medidas: 175 mm \u00d7 45 mm \u00d7 20 mm Modo de b\u00fasqueda: manual&hellip;<\/p>\n","protected":false},"featured_media":61447,"comment_status":"open","ping_status":"closed","template":"","meta":{"advanced_seo_description":"","jetpack_seo_html_title":"","jetpack_seo_noindex":false},"product_brand":[],"product_cat":[818],"product_tag":[],"class_list":{"0":"post-61440","1":"product","2":"type-product","3":"status-publish","4":"has-post-thumbnail","6":"product_cat-accesorios","8":"first","9":"instock","10":"shipping-taxable","11":"purchasable","12":"product-type-simple","13":"add-to-wishlist-before_image"},"jetpack_likes_enabled":false,"jetpack_sharing_enabled":true,"_links":{"self":[{"href":"https:\/\/9bits.com.ar\/v31\/wp-json\/wp\/v2\/product\/61440","targetHints":{"allow":["GET"]}}],"collection":[{"href":"https:\/\/9bits.com.ar\/v31\/wp-json\/wp\/v2\/product"}],"about":[{"href":"https:\/\/9bits.com.ar\/v31\/wp-json\/wp\/v2\/types\/product"}],"replies":[{"embeddable":true,"href":"https:\/\/9bits.com.ar\/v31\/wp-json\/wp\/v2\/comments?post=61440"}],"wp:featuredmedia":[{"embeddable":true,"href":"https:\/\/9bits.com.ar\/v31\/wp-json\/wp\/v2\/media\/61447"}],"wp:attachment":[{"href":"https:\/\/9bits.com.ar\/v31\/wp-json\/wp\/v2\/media?parent=61440"}],"wp:term":[{"taxonomy":"product_brand","embeddable":true,"href":"https:\/\/9bits.com.ar\/v31\/wp-json\/wp\/v2\/product_brand?post=61440"},{"taxonomy":"product_cat","embeddable":true,"href":"https:\/\/9bits.com.ar\/v31\/wp-json\/wp\/v2\/product_cat?post=61440"},{"taxonomy":"product_tag","embeddable":true,"href":"https:\/\/9bits.com.ar\/v31\/wp-json\/wp\/v2\/product_tag?post=61440"}],"curies":[{"name":"wp","href":"https:\/\/api.w.org\/{rel}","templated":true}]}}