{"id":61374,"date":"2025-03-02T17:12:57","date_gmt":"2025-03-02T20:12:57","guid":{"rendered":"https:\/\/9bits.com.ar\/v31\/producto\/mouse-genius-dx-125s-usb-black-grey\/"},"modified":"2026-04-16T12:57:12","modified_gmt":"2026-04-16T15:57:12","slug":"mouse-genius-dx-125s-usb-black-grey","status":"publish","type":"product","link":"https:\/\/9bits.com.ar\/v31\/producto\/mouse-genius-dx-125s-usb-black-grey\/","title":{"rendered":"MOUSE GENIUS DX-125S USB BLACK\/GREY"},"content":{"rendered":"<p>Nombre del modelo: DX-125S<br \/>\nInterfaz: USB<br \/>\nMotor del sensor: \u00d3ptico<br \/>\nResoluci\u00f3n (DPI): 1200<br \/>\nN\u00famero de botones: 3 (bot\u00f3n izquierdo, derecho, bot\u00f3n central con desplazamiento)<br \/>\nLongitud del cable: 1.5m<br \/>\nOtros<br \/>\n&#8211;<br \/>\nPeso (g): Aprox. 85 g<br \/>\nDimensiones (An x Al x Pr) mm (pulgadas): 60 x 105 x 37 mm (2.36 x 4.13 x 1.46 pulgadas)<br \/>\nRequisitos del sistema: Windows 7, 8, 8.1, 10 \/ macOS 10.8 o posterior<br \/>\nColores: Negro \/ Blanco<br \/>\n*El color del producto y las im\u00e1genes mostradas en el paquete son solo de referencia. Para los art\u00edculos reales, consulte los bienes f\u00edsicos contenidos en este paquete.<\/p>\n<p>Qu\u00e9 incluye<br \/>\nDX-125<\/p>\n","protected":false},"excerpt":{"rendered":"<p>Nombre del modelo: DX-125S Interfaz: USB Motor del sensor: \u00d3ptico Resoluci\u00f3n (DPI): 1200 N\u00famero de botones: 3 (bot\u00f3n izquierdo, derecho,&hellip;<\/p>\n","protected":false},"featured_media":61403,"comment_status":"open","ping_status":"closed","template":"","meta":{"advanced_seo_description":"","jetpack_seo_html_title":"","jetpack_seo_noindex":false},"product_brand":[],"product_cat":[37],"product_tag":[],"class_list":{"0":"post-61374","1":"product","2":"type-product","3":"status-publish","4":"has-post-thumbnail","6":"product_cat-teclados-mouse-y-webcam","8":"first","9":"instock","10":"shipping-taxable","11":"purchasable","12":"product-type-simple","13":"add-to-wishlist-before_image"},"jetpack_likes_enabled":false,"jetpack_sharing_enabled":true,"_links":{"self":[{"href":"https:\/\/9bits.com.ar\/v31\/wp-json\/wp\/v2\/product\/61374","targetHints":{"allow":["GET"]}}],"collection":[{"href":"https:\/\/9bits.com.ar\/v31\/wp-json\/wp\/v2\/product"}],"about":[{"href":"https:\/\/9bits.com.ar\/v31\/wp-json\/wp\/v2\/types\/product"}],"replies":[{"embeddable":true,"href":"https:\/\/9bits.com.ar\/v31\/wp-json\/wp\/v2\/comments?post=61374"}],"wp:featuredmedia":[{"embeddable":true,"href":"https:\/\/9bits.com.ar\/v31\/wp-json\/wp\/v2\/media\/61403"}],"wp:attachment":[{"href":"https:\/\/9bits.com.ar\/v31\/wp-json\/wp\/v2\/media?parent=61374"}],"wp:term":[{"taxonomy":"product_brand","embeddable":true,"href":"https:\/\/9bits.com.ar\/v31\/wp-json\/wp\/v2\/product_brand?post=61374"},{"taxonomy":"product_cat","embeddable":true,"href":"https:\/\/9bits.com.ar\/v31\/wp-json\/wp\/v2\/product_cat?post=61374"},{"taxonomy":"product_tag","embeddable":true,"href":"https:\/\/9bits.com.ar\/v31\/wp-json\/wp\/v2\/product_tag?post=61374"}],"curies":[{"name":"wp","href":"https:\/\/api.w.org\/{rel}","templated":true}]}}