{"id":61214,"date":"2025-02-05T19:18:50","date_gmt":"2025-02-05T22:18:50","guid":{"rendered":"https:\/\/9bits.com.ar\/v31\/producto\/placa-red-usb-tp-link-archer-tx20u-nano-ax1800-wf6\/"},"modified":"2026-04-27T12:55:56","modified_gmt":"2026-04-27T15:55:56","slug":"placa-red-usb-tp-link-archer-tx20u-nano-ax1800-wf6","status":"publish","type":"product","link":"https:\/\/9bits.com.ar\/v31\/producto\/placa-red-usb-tp-link-archer-tx20u-nano-ax1800-wf6\/","title":{"rendered":"PLACA RED USB TP-LINK ARCHER TX20U NANO AX1800 WF6"},"content":{"rendered":"<p>Fast WiFi 6 &#8211; Rompe la barrera del gigabit con velocidades de hasta 1201 Mbps<br \/>\n(5 GHz) + 574 Mbps (2,4 GHz).<br \/>\nDoble banda inal\u00e1mbrica &#8211; Bandas de 2,4 GHz y 5 GHz para una conectividad flexible.<br \/>\nJuego con menor latencia &#8211; OFDMA y MU-MIMO garantizan la conexi\u00f3n WiFi<br \/>\nm\u00e1s eficiente para tu PC.<br \/>\nSeguridad mejorada &#8211; WPA3 proporciona las \u00faltimas mejoras<br \/>\nde seguridad para la protecci\u00f3n de contrase\u00f1as personales.<br \/>\nDise\u00f1o Nano &#8211; Su dise\u00f1o peque\u00f1o y discreto le permite conectarlo<br \/>\ny olvidarse de que est\u00e1 ah\u00ed.<br \/>\nConfiguraci\u00f3n F\u00e1cil &#8211; TX20U Nano viene con su controlador precargado.<br \/>\nS\u00f3lo tiene que conectarlo e instalarlo.<\/p>\n","protected":false},"excerpt":{"rendered":"<p>Fast WiFi 6 &#8211; Rompe la barrera del gigabit con velocidades de hasta 1201 Mbps (5 GHz) + 574 Mbps&hellip;<\/p>\n","protected":false},"featured_media":61242,"comment_status":"open","ping_status":"closed","template":"","meta":{"advanced_seo_description":"","jetpack_seo_html_title":"","jetpack_seo_noindex":false},"product_brand":[],"product_cat":[47],"product_tag":[],"class_list":{"0":"post-61214","1":"product","2":"type-product","3":"status-publish","4":"has-post-thumbnail","6":"product_cat-redes-wireless","8":"first","9":"instock","10":"shipping-taxable","11":"purchasable","12":"product-type-simple","13":"add-to-wishlist-before_image"},"jetpack_likes_enabled":false,"jetpack_sharing_enabled":true,"_links":{"self":[{"href":"https:\/\/9bits.com.ar\/v31\/wp-json\/wp\/v2\/product\/61214","targetHints":{"allow":["GET"]}}],"collection":[{"href":"https:\/\/9bits.com.ar\/v31\/wp-json\/wp\/v2\/product"}],"about":[{"href":"https:\/\/9bits.com.ar\/v31\/wp-json\/wp\/v2\/types\/product"}],"replies":[{"embeddable":true,"href":"https:\/\/9bits.com.ar\/v31\/wp-json\/wp\/v2\/comments?post=61214"}],"wp:featuredmedia":[{"embeddable":true,"href":"https:\/\/9bits.com.ar\/v31\/wp-json\/wp\/v2\/media\/61242"}],"wp:attachment":[{"href":"https:\/\/9bits.com.ar\/v31\/wp-json\/wp\/v2\/media?parent=61214"}],"wp:term":[{"taxonomy":"product_brand","embeddable":true,"href":"https:\/\/9bits.com.ar\/v31\/wp-json\/wp\/v2\/product_brand?post=61214"},{"taxonomy":"product_cat","embeddable":true,"href":"https:\/\/9bits.com.ar\/v31\/wp-json\/wp\/v2\/product_cat?post=61214"},{"taxonomy":"product_tag","embeddable":true,"href":"https:\/\/9bits.com.ar\/v31\/wp-json\/wp\/v2\/product_tag?post=61214"}],"curies":[{"name":"wp","href":"https:\/\/api.w.org\/{rel}","templated":true}]}}