{"id":60846,"date":"2025-01-28T18:27:12","date_gmt":"2025-01-28T21:27:12","guid":{"rendered":"https:\/\/9bits.com.ar\/v31\/producto\/auriculares-klipxtreme-twin-touch-inalam-blanco\/"},"modified":"2026-04-27T12:58:27","modified_gmt":"2026-04-27T15:58:27","slug":"auriculares-klipxtreme-twin-touch-inalam-blanco","status":"publish","type":"product","link":"https:\/\/9bits.com.ar\/v31\/producto\/auriculares-klipxtreme-twin-touch-inalam-blanco\/","title":{"rendered":"AURICULARES KLIPXTREME TWIN TOUCH INALAM BLANCO"},"content":{"rendered":"<p>Tipo: Aud\u00edfonos TWS<br \/>\nFactor de forma: Intraaural<br \/>\nM\u00e1xima potencia de salida RMS: 3mWx2<br \/>\nFrecuencia: 20Hz-20kHz<br \/>\nImpedancia: 32O \u00b1 15%<br \/>\nSensibilidad: 115\u00b13dB<br \/>\nClasificaci\u00f3n IP: IPX4 resistentes al agua<br \/>\nBot\u00f3n t\u00e1ctil: S\u00ed, toque inteligente<br \/>\nAsistente de voz: Compatible con Google Assistant y el asistente de voz Siri<br \/>\nIndicador LED de bater\u00eda en el estuche de carga: S\u00ed<br \/>\nFactor de forma?: Micr\u00f3fono de silicona<br \/>\nDirectividad: Omnidireccional<br \/>\nControl de volumen: En los aud\u00edfonos<br \/>\nTipo de conexi\u00f3n de carga: Tipo C<br \/>\nTiempo total de carga del estuche y de los aud\u00edfonos: 2 horas<br \/>\nTiempo de carga de la bater\u00eda (solo los aud\u00edfonos): 2 horas<br \/>\nTiempo de carga de la bater\u00eda (solo el estuche de carga): 1,5 horas<br \/>\nCiclos del estuche de carga antes de que se agote la bater\u00eda: 5<br \/>\nTiempo de reproducci\u00f3n de la bater\u00eda (solo los aud\u00edfonos): Hasta 3,5 horas al 50% de la capacidad del volumen2<br \/>\nTiempo total de reproducci\u00f3n de los aud\u00edfonos (incluyendo los ciclos): Aproximadamente 17 horas3<br \/>\nTiempo en modo de pausa: M\u00e1s o menos 80 horas<\/p>\n<p>&nbsp;<\/p>\n","protected":false},"excerpt":{"rendered":"<p>Tipo: Aud\u00edfonos TWS Factor de forma: Intraaural M\u00e1xima potencia de salida RMS: 3mWx2 Frecuencia: 20Hz-20kHz Impedancia: 32O \u00b1 15% Sensibilidad:&hellip;<\/p>\n","protected":false},"featured_media":60849,"comment_status":"open","ping_status":"closed","template":"","meta":{"advanced_seo_description":"","jetpack_seo_html_title":"","jetpack_seo_noindex":false},"product_brand":[],"product_cat":[38],"product_tag":[790],"class_list":{"0":"post-60846","1":"product","2":"type-product","3":"status-publish","4":"has-post-thumbnail","6":"product_cat-auriculares-y-microfonos","7":"product_tag-tws","9":"first","10":"instock","11":"shipping-taxable","12":"purchasable","13":"product-type-simple","14":"add-to-wishlist-before_image"},"jetpack_likes_enabled":false,"jetpack_sharing_enabled":true,"_links":{"self":[{"href":"https:\/\/9bits.com.ar\/v31\/wp-json\/wp\/v2\/product\/60846","targetHints":{"allow":["GET"]}}],"collection":[{"href":"https:\/\/9bits.com.ar\/v31\/wp-json\/wp\/v2\/product"}],"about":[{"href":"https:\/\/9bits.com.ar\/v31\/wp-json\/wp\/v2\/types\/product"}],"replies":[{"embeddable":true,"href":"https:\/\/9bits.com.ar\/v31\/wp-json\/wp\/v2\/comments?post=60846"}],"wp:featuredmedia":[{"embeddable":true,"href":"https:\/\/9bits.com.ar\/v31\/wp-json\/wp\/v2\/media\/60849"}],"wp:attachment":[{"href":"https:\/\/9bits.com.ar\/v31\/wp-json\/wp\/v2\/media?parent=60846"}],"wp:term":[{"taxonomy":"product_brand","embeddable":true,"href":"https:\/\/9bits.com.ar\/v31\/wp-json\/wp\/v2\/product_brand?post=60846"},{"taxonomy":"product_cat","embeddable":true,"href":"https:\/\/9bits.com.ar\/v31\/wp-json\/wp\/v2\/product_cat?post=60846"},{"taxonomy":"product_tag","embeddable":true,"href":"https:\/\/9bits.com.ar\/v31\/wp-json\/wp\/v2\/product_tag?post=60846"}],"curies":[{"name":"wp","href":"https:\/\/api.w.org\/{rel}","templated":true}]}}