{"id":60614,"date":"2024-12-20T16:51:06","date_gmt":"2024-12-20T19:51:06","guid":{"rendered":"https:\/\/9bits.com.ar\/v31\/producto\/teclado-x-tech-wrd-mm-spa-xtk-160s-black\/"},"modified":"2026-04-27T12:58:29","modified_gmt":"2026-04-27T15:58:29","slug":"teclado-x-tech-wrd-mm-spa-xtk-160s-black","status":"publish","type":"product","link":"https:\/\/9bits.com.ar\/v31\/producto\/teclado-x-tech-wrd-mm-spa-xtk-160s-black\/","title":{"rendered":"TECLADO X-TECH WRD MM SPA XTK-160S BLACK"},"content":{"rendered":"<p>Caracter\u00edsticas<br \/>\nPerfil delgado para f\u00e1cil transporte<br \/>\nResistentes patas traseras permiten ajustar f\u00e1cilmente el teclado en el \u00e1ngulo de inclinaci\u00f3n adecuado<br \/>\nControl y acceso instant\u00e1neo a archivos de m\u00fasica, videos, correo electr\u00f3nico y mucho m\u00e1s, directamente desde el teclado<br \/>\n?Especificaciones<br \/>\nDispositivo<br \/>\nTipo: Teclado de tama\u00f1o natural en espa\u00f1ol<br \/>\nN\u00famerode teclas: 103 teclas est\u00e1ndar y 9 teclas multimedia<br \/>\nConectividad: Con cable<br \/>\nInterfaz: USB<br \/>\nEst\u00e1ndar de compatibilidad: Configuraci\u00f3n autom\u00e1tica plug and play<br \/>\nRequisitos del sistema: Familia Windows\u00ae<br \/>\nColor: Negro<br \/>\nIndicadores de estado: Bloqueo num\u00e9rico, de may\u00fasculas y de desplazamiento<br \/>\nBotones multimedia: Inicio, E-mail, Reproducci\u00f3n\/Pausa, Detener, Retroceder, Avanzar, Subir volumen, Bajar volumen y Silenciamiento<br \/>\nPeso: 350gr<br \/>\nDimensiones (LaxAnxAl): 41&#215;13,2&#215;1,8cm<br \/>\nLongitud del cable: 1,25m<br \/>\nGarant\u00eda: Un a\u00f1o<\/p>\n<p>&nbsp;<\/p>\n<p><a href=\"https:\/\/www.xtechamericas.com\/es\/st-productos\/interna\/XTK-160S\/\">https:\/\/www.xtechamericas.com\/es\/st-productos\/interna\/XTK-160S\/<\/a><\/p>\n","protected":false},"excerpt":{"rendered":"<p>Caracter\u00edsticas Perfil delgado para f\u00e1cil transporte Resistentes patas traseras permiten ajustar f\u00e1cilmente el teclado en el \u00e1ngulo de inclinaci\u00f3n adecuado&hellip;<\/p>\n","protected":false},"featured_media":60628,"comment_status":"open","ping_status":"closed","template":"","meta":{"advanced_seo_description":"","jetpack_seo_html_title":"","jetpack_seo_noindex":false},"product_brand":[],"product_cat":[37],"product_tag":[],"class_list":{"0":"post-60614","1":"product","2":"type-product","3":"status-publish","4":"has-post-thumbnail","6":"product_cat-teclados-mouse-y-webcam","8":"first","9":"outofstock","10":"shipping-taxable","11":"purchasable","12":"product-type-simple","13":"add-to-wishlist-before_image"},"jetpack_likes_enabled":false,"jetpack_sharing_enabled":true,"_links":{"self":[{"href":"https:\/\/9bits.com.ar\/v31\/wp-json\/wp\/v2\/product\/60614","targetHints":{"allow":["GET"]}}],"collection":[{"href":"https:\/\/9bits.com.ar\/v31\/wp-json\/wp\/v2\/product"}],"about":[{"href":"https:\/\/9bits.com.ar\/v31\/wp-json\/wp\/v2\/types\/product"}],"replies":[{"embeddable":true,"href":"https:\/\/9bits.com.ar\/v31\/wp-json\/wp\/v2\/comments?post=60614"}],"wp:featuredmedia":[{"embeddable":true,"href":"https:\/\/9bits.com.ar\/v31\/wp-json\/wp\/v2\/media\/60628"}],"wp:attachment":[{"href":"https:\/\/9bits.com.ar\/v31\/wp-json\/wp\/v2\/media?parent=60614"}],"wp:term":[{"taxonomy":"product_brand","embeddable":true,"href":"https:\/\/9bits.com.ar\/v31\/wp-json\/wp\/v2\/product_brand?post=60614"},{"taxonomy":"product_cat","embeddable":true,"href":"https:\/\/9bits.com.ar\/v31\/wp-json\/wp\/v2\/product_cat?post=60614"},{"taxonomy":"product_tag","embeddable":true,"href":"https:\/\/9bits.com.ar\/v31\/wp-json\/wp\/v2\/product_tag?post=60614"}],"curies":[{"name":"wp","href":"https:\/\/api.w.org\/{rel}","templated":true}]}}