{"id":60328,"date":"2024-11-16T10:31:43","date_gmt":"2024-11-16T13:31:43","guid":{"rendered":"https:\/\/9bits.com.ar\/v31\/producto\/mochila-klipxtreme-stendal-p-laptop-15-6-negra\/"},"modified":"2026-04-16T13:02:42","modified_gmt":"2026-04-16T16:02:42","slug":"mochila-klipxtreme-stendal-p-laptop-15-6-negra","status":"publish","type":"product","link":"https:\/\/9bits.com.ar\/v31\/producto\/mochila-klipxtreme-stendal-p-laptop-15-6-negra\/","title":{"rendered":"MOCHILA KLIPXTREME STENDAL P\/LAPTOP 15.6` NEGRA"},"content":{"rendered":"<p>Espaciosa y apta para laptops de hasta 15,6 pulgadas.<br \/>\nTres pr\u00e1cticos bolsillos frontales con cierre para un f\u00e1cil acceso a art\u00edculos de uso frecuente.<br \/>\nPuerto USB para cargar sus dispositivos m\u00f3viles sobre la marcha*<br \/>\nBolsillo organizador interior.<br \/>\nParte trasera ultra acolchada para m\u00e1xima comodidad.<br \/>\nTirantes para hombros acolchados y ajustables.<br \/>\nCorrea para equipaje de mano.<br \/>\nCierres met\u00e1licos fuertes y duraderos.<br \/>\nHecho de poli\u00e9ster de alta calidad y resistente al agua.<br \/>\nPara laptops de hasta: 15,6 pulgadas<br \/>\nCompartimentos: Un compartimento principal<br \/>\nVentajas especiales: Puerto de carga USB*<br \/>\nBolsillos exteriores: Bolsillo grande con cierre; Bolsillo mediano con cierre; Bolsillo peque\u00f1o con cierre; Dos bolsillos de malla<br \/>\nBolsillos interiores: Un bolsillo organizador<br \/>\nColor: Negro, gris<br \/>\nRespaldo acolchado: S\u00ed, ultra-acolchado<br \/>\nMaterial: 100% poli\u00e9ster<br \/>\n*Banco port\u00e1til de energ\u00eda no incluido.<\/p>\n<p>Dimensiones Dimensiones<br \/>\nExterior: 29x12x44,5cm<br \/>\nCompartimento para laptop: 28&#215;2,5x38cm<br \/>\nPeso m\u00e1ximo con ambos tirantes para hombros: 15 kg<br \/>\nPeso: 0,59 kg<\/p>\n","protected":false},"excerpt":{"rendered":"<p>Espaciosa y apta para laptops de hasta 15,6 pulgadas. Tres pr\u00e1cticos bolsillos frontales con cierre para un f\u00e1cil acceso a&hellip;<\/p>\n","protected":false},"featured_media":60401,"comment_status":"open","ping_status":"closed","template":"","meta":{"advanced_seo_description":"","jetpack_seo_html_title":"","jetpack_seo_noindex":false},"product_brand":[],"product_cat":[818,46],"product_tag":[],"class_list":{"0":"post-60328","1":"product","2":"type-product","3":"status-publish","4":"has-post-thumbnail","6":"product_cat-accesorios","7":"product_cat-notebook","9":"first","10":"instock","11":"shipping-taxable","12":"purchasable","13":"product-type-simple","14":"add-to-wishlist-before_image"},"jetpack_likes_enabled":false,"jetpack_sharing_enabled":true,"_links":{"self":[{"href":"https:\/\/9bits.com.ar\/v31\/wp-json\/wp\/v2\/product\/60328","targetHints":{"allow":["GET"]}}],"collection":[{"href":"https:\/\/9bits.com.ar\/v31\/wp-json\/wp\/v2\/product"}],"about":[{"href":"https:\/\/9bits.com.ar\/v31\/wp-json\/wp\/v2\/types\/product"}],"replies":[{"embeddable":true,"href":"https:\/\/9bits.com.ar\/v31\/wp-json\/wp\/v2\/comments?post=60328"}],"wp:featuredmedia":[{"embeddable":true,"href":"https:\/\/9bits.com.ar\/v31\/wp-json\/wp\/v2\/media\/60401"}],"wp:attachment":[{"href":"https:\/\/9bits.com.ar\/v31\/wp-json\/wp\/v2\/media?parent=60328"}],"wp:term":[{"taxonomy":"product_brand","embeddable":true,"href":"https:\/\/9bits.com.ar\/v31\/wp-json\/wp\/v2\/product_brand?post=60328"},{"taxonomy":"product_cat","embeddable":true,"href":"https:\/\/9bits.com.ar\/v31\/wp-json\/wp\/v2\/product_cat?post=60328"},{"taxonomy":"product_tag","embeddable":true,"href":"https:\/\/9bits.com.ar\/v31\/wp-json\/wp\/v2\/product_tag?post=60328"}],"curies":[{"name":"wp","href":"https:\/\/api.w.org\/{rel}","templated":true}]}}