{"id":60223,"date":"2024-11-15T10:12:09","date_gmt":"2024-11-15T13:12:09","guid":{"rendered":"https:\/\/9bits.com.ar\/v31\/producto\/mouse-genius-dx-mini-black-usb\/"},"modified":"2026-04-27T12:54:00","modified_gmt":"2026-04-27T15:54:00","slug":"mouse-genius-dx-mini-black-usb","status":"publish","type":"product","link":"https:\/\/9bits.com.ar\/v31\/producto\/mouse-genius-dx-mini-black-usb\/","title":{"rendered":"MOUSE GENIUS DX-MINI BLACK USB"},"content":{"rendered":"<p>Nombre del modelo: DX-Mini<br \/>\nInterfaz: USB<br \/>\nMotor de sensores: \u00d3ptico<br \/>\nResoluci\u00f3n (PPP): 1000<br \/>\nN\u00famero de botones: 3 ( Izquierda, derecha, bot\u00f3n central con desplazamiento )<br \/>\nRetroiluminaci\u00f3n brillante: S\u00ed, RGB de 7 colores ( LED Intermitente )<br \/>\nLongitud del cable (m): 1,5 m<br \/>\nPeso (gramos): Aprox. 65 g<br \/>\nDimensiones (A x A x P) mm (pulgadas) 50.7 x 95 x 34 ( 2.0 x 3.74 x 1.34 )<br \/>\nRequisitos del sistema Windows\u00ae 8, 10, 11 o posterior \/ Mac OS X 10.8 o posterior \/ Puerto USB disponible<\/p>\n<p>Qu\u00e9 est\u00e1 incluido:<br \/>\nDX-Mini (Mouse al\u00e1mbrico)<\/p>\n","protected":false},"excerpt":{"rendered":"<p>Nombre del modelo: DX-Mini Interfaz: USB Motor de sensores: \u00d3ptico Resoluci\u00f3n (PPP): 1000 N\u00famero de botones: 3 ( Izquierda, derecha,&hellip;<\/p>\n","protected":false},"featured_media":60357,"comment_status":"open","ping_status":"closed","template":"","meta":{"advanced_seo_description":"","jetpack_seo_html_title":"","jetpack_seo_noindex":false},"product_brand":[],"product_cat":[37],"product_tag":[],"class_list":{"0":"post-60223","1":"product","2":"type-product","3":"status-publish","4":"has-post-thumbnail","6":"product_cat-teclados-mouse-y-webcam","8":"first","9":"instock","10":"shipping-taxable","11":"purchasable","12":"product-type-simple","13":"add-to-wishlist-before_image"},"jetpack_likes_enabled":false,"jetpack_sharing_enabled":true,"_links":{"self":[{"href":"https:\/\/9bits.com.ar\/v31\/wp-json\/wp\/v2\/product\/60223","targetHints":{"allow":["GET"]}}],"collection":[{"href":"https:\/\/9bits.com.ar\/v31\/wp-json\/wp\/v2\/product"}],"about":[{"href":"https:\/\/9bits.com.ar\/v31\/wp-json\/wp\/v2\/types\/product"}],"replies":[{"embeddable":true,"href":"https:\/\/9bits.com.ar\/v31\/wp-json\/wp\/v2\/comments?post=60223"}],"wp:featuredmedia":[{"embeddable":true,"href":"https:\/\/9bits.com.ar\/v31\/wp-json\/wp\/v2\/media\/60357"}],"wp:attachment":[{"href":"https:\/\/9bits.com.ar\/v31\/wp-json\/wp\/v2\/media?parent=60223"}],"wp:term":[{"taxonomy":"product_brand","embeddable":true,"href":"https:\/\/9bits.com.ar\/v31\/wp-json\/wp\/v2\/product_brand?post=60223"},{"taxonomy":"product_cat","embeddable":true,"href":"https:\/\/9bits.com.ar\/v31\/wp-json\/wp\/v2\/product_cat?post=60223"},{"taxonomy":"product_tag","embeddable":true,"href":"https:\/\/9bits.com.ar\/v31\/wp-json\/wp\/v2\/product_tag?post=60223"}],"curies":[{"name":"wp","href":"https:\/\/api.w.org\/{rel}","templated":true}]}}