{"id":60088,"date":"2024-10-28T10:57:13","date_gmt":"2024-10-28T13:57:13","guid":{"rendered":"https:\/\/9bits.com.ar\/v31\/producto\/auricular-mic-x-tech-avid-azul-c-cable\/"},"modified":"2026-04-27T12:58:29","modified_gmt":"2026-04-27T15:58:29","slug":"auricular-mic-x-tech-avid-azul-c-cable","status":"publish","type":"product","link":"https:\/\/9bits.com.ar\/v31\/producto\/auricular-mic-x-tech-avid-azul-c-cable\/","title":{"rendered":"AURICULAR + MIC X-TECH AVID AZUL C\/ CABLE"},"content":{"rendered":"<p>Auriculares al\u00e1mbricos con micr\u00f3fono en l\u00ednea que los hace perfectos para cursos en l\u00ednea, llamadas y para disfrutar contenido de audio<br \/>\nConexi\u00f3n de 3,5mm TRRS (4 polos)<br \/>\nC\u00e1psula de control en l\u00ednea para gestionar audio, volumen y llamadas<br \/>\nC\u00f3modos auriculares que cuentan con una diadema ajustable y almohadillas suaves para disfrutar de gran comodidad durante clases virtuales, paseos y viajes en avi\u00f3n<br \/>\nProtege la audici\u00f3n de los ni\u00f1os al limitar el volumen hasta 94dB<\/p>\n<p><a href=\"https:\/\/www.xtechamericas.com\/es\/st-productos\/interna\/XTH-356-es\/\">https:\/\/www.xtechamericas.com\/es\/st-productos\/interna\/XTH-356-es\/<\/a><\/p>\n","protected":false},"excerpt":{"rendered":"<p>Auriculares al\u00e1mbricos con micr\u00f3fono en l\u00ednea que los hace perfectos para cursos en l\u00ednea, llamadas y para disfrutar contenido de&hellip;<\/p>\n","protected":false},"featured_media":60094,"comment_status":"open","ping_status":"closed","template":"","meta":{"advanced_seo_description":"","jetpack_seo_html_title":"","jetpack_seo_noindex":false},"product_brand":[],"product_cat":[38],"product_tag":[],"class_list":{"0":"post-60088","1":"product","2":"type-product","3":"status-publish","4":"has-post-thumbnail","6":"product_cat-auriculares-y-microfonos","8":"first","9":"instock","10":"shipping-taxable","11":"purchasable","12":"product-type-simple","13":"add-to-wishlist-before_image"},"jetpack_likes_enabled":false,"jetpack_sharing_enabled":true,"_links":{"self":[{"href":"https:\/\/9bits.com.ar\/v31\/wp-json\/wp\/v2\/product\/60088","targetHints":{"allow":["GET"]}}],"collection":[{"href":"https:\/\/9bits.com.ar\/v31\/wp-json\/wp\/v2\/product"}],"about":[{"href":"https:\/\/9bits.com.ar\/v31\/wp-json\/wp\/v2\/types\/product"}],"replies":[{"embeddable":true,"href":"https:\/\/9bits.com.ar\/v31\/wp-json\/wp\/v2\/comments?post=60088"}],"wp:featuredmedia":[{"embeddable":true,"href":"https:\/\/9bits.com.ar\/v31\/wp-json\/wp\/v2\/media\/60094"}],"wp:attachment":[{"href":"https:\/\/9bits.com.ar\/v31\/wp-json\/wp\/v2\/media?parent=60088"}],"wp:term":[{"taxonomy":"product_brand","embeddable":true,"href":"https:\/\/9bits.com.ar\/v31\/wp-json\/wp\/v2\/product_brand?post=60088"},{"taxonomy":"product_cat","embeddable":true,"href":"https:\/\/9bits.com.ar\/v31\/wp-json\/wp\/v2\/product_cat?post=60088"},{"taxonomy":"product_tag","embeddable":true,"href":"https:\/\/9bits.com.ar\/v31\/wp-json\/wp\/v2\/product_tag?post=60088"}],"curies":[{"name":"wp","href":"https:\/\/api.w.org\/{rel}","templated":true}]}}