{"id":59836,"date":"2024-09-30T17:52:54","date_gmt":"2024-09-30T20:52:54","guid":{"rendered":"https:\/\/9bits.com.ar\/v31\/producto\/mouse-genius-nx-7000x-black-usb-wireless\/"},"modified":"2026-04-16T12:59:13","modified_gmt":"2026-04-16T15:59:13","slug":"mouse_genius_nx-7000x_black_usb_wireless","status":"publish","type":"product","link":"https:\/\/9bits.com.ar\/v31\/producto\/mouse_genius_nx-7000x_black_usb_wireless\/","title":{"rendered":"MOUSE GENIUS NX-7000X BLACK USB WIRELESS"},"content":{"rendered":"<p>Link: <a href=\"https:\/\/aes.geniusnet.com\/product\/nx-7000x\/\">https:\/\/aes.geniusnet.com\/product\/nx-7000x\/<\/a><\/p>\n<p>Modelo: NX-7000X<br \/>\nFrecuencia: 2.4GHz<br \/>\nSensor: \u00d3ptico<br \/>\nResoluci\u00f3n (DPI): 1200<br \/>\nN\u00famero de Botones: 3 (izquierda, derecha y centro con desplazamiento)<br \/>\nTipo de Pila: AA<br \/>\nPeso (gramos): Aprox. 51.7 g ( incluye receptor )<br \/>\nDimensiones (L x A x P) mm (pulgadas): 59.1 x 105 x 37.6 ( 2.33 x 4.13 x 1.48 )<br \/>\nManual de Usuario S\u00ed,<br \/>\nNX-7000X (Multilenguaje) Descargar<br \/>\nRequisitos del Sistema Windows\u00ae 8, 10, 11 \/ macOS 10.8 \u00f3 posterior \/ Puerto de USB disponible<br \/>\nColores: Negro<br \/>\n*Color e imagen del producto demostrado en el paquete es de referencia unicamente. Dir\u00edjase al producto f\u00edsico para referencia real.<\/p>\n<p>Contenido:<br \/>\nNX-7000X ( mouse inal\u00e1mbrico )<br \/>\nReceptor USB x 1<br \/>\nPila Alcalina AA x 1<br \/>\nGuia r\u00e1pida en multilenguaje<\/p>\n","protected":false},"excerpt":{"rendered":"<p>Link: https:\/\/aes.geniusnet.com\/product\/nx-7000x\/ Modelo: NX-7000X Frecuencia: 2.4GHz Sensor: \u00d3ptico Resoluci\u00f3n (DPI): 1200 N\u00famero de Botones: 3 (izquierda, derecha y centro con&hellip;<\/p>\n","protected":false},"featured_media":59906,"comment_status":"open","ping_status":"closed","template":"","meta":{"advanced_seo_description":"","jetpack_seo_html_title":"","jetpack_seo_noindex":false},"product_brand":[],"product_cat":[783],"product_tag":[],"class_list":{"0":"post-59836","1":"product","2":"type-product","3":"status-publish","4":"has-post-thumbnail","6":"product_cat-importados","8":"first","9":"instock","10":"shipping-taxable","11":"purchasable","12":"product-type-simple","13":"add-to-wishlist-before_image"},"jetpack_likes_enabled":false,"jetpack_sharing_enabled":true,"_links":{"self":[{"href":"https:\/\/9bits.com.ar\/v31\/wp-json\/wp\/v2\/product\/59836","targetHints":{"allow":["GET"]}}],"collection":[{"href":"https:\/\/9bits.com.ar\/v31\/wp-json\/wp\/v2\/product"}],"about":[{"href":"https:\/\/9bits.com.ar\/v31\/wp-json\/wp\/v2\/types\/product"}],"replies":[{"embeddable":true,"href":"https:\/\/9bits.com.ar\/v31\/wp-json\/wp\/v2\/comments?post=59836"}],"wp:featuredmedia":[{"embeddable":true,"href":"https:\/\/9bits.com.ar\/v31\/wp-json\/wp\/v2\/media\/59906"}],"wp:attachment":[{"href":"https:\/\/9bits.com.ar\/v31\/wp-json\/wp\/v2\/media?parent=59836"}],"wp:term":[{"taxonomy":"product_brand","embeddable":true,"href":"https:\/\/9bits.com.ar\/v31\/wp-json\/wp\/v2\/product_brand?post=59836"},{"taxonomy":"product_cat","embeddable":true,"href":"https:\/\/9bits.com.ar\/v31\/wp-json\/wp\/v2\/product_cat?post=59836"},{"taxonomy":"product_tag","embeddable":true,"href":"https:\/\/9bits.com.ar\/v31\/wp-json\/wp\/v2\/product_tag?post=59836"}],"curies":[{"name":"wp","href":"https:\/\/api.w.org\/{rel}","templated":true}]}}