{"id":59509,"date":"2024-08-07T10:05:21","date_gmt":"2024-08-07T13:05:21","guid":{"rendered":"https:\/\/9bits.com.ar\/v31\/producto\/mouse-capitan-america-x-tech-inalambrico\/"},"modified":"2026-04-27T12:58:29","modified_gmt":"2026-04-27T15:58:29","slug":"mouse-capitan-america-x-tech-inalambrico","status":"publish","type":"product","link":"https:\/\/9bits.com.ar\/v31\/producto\/mouse-capitan-america-x-tech-inalambrico\/","title":{"rendered":"MOUSE CAPITAN AMERICA X-TECH INALAMBRICO"},"content":{"rendered":"<p>Mouse \u00f3ptico inal\u00e1mbrico USB de 4 botones<br \/>\nDise\u00f1o ambidextro adecuado para usuarios diestros y zurdos<br \/>\nTecnolog\u00eda RF de 2.4GHz ofrece libertad inal\u00e1mbrica con un alcance de hasta 10m<br \/>\nConfiguraci\u00f3n ajustable de 800\/1200\/1600DPI que satisface tus necesidades de resoluci\u00f3n<br \/>\nDelgado y port\u00e1til<br \/>\nConfiguraci\u00f3n plug and play<br \/>\nEspecificaciones<br \/>\nTipo: Mouse inal\u00e1mbrico de 4 botones<br \/>\nTecnolog\u00eda: Sensor \u00f3ptico<br \/>\nResoluci\u00f3n: 800\/1200\/1600dpi<br \/>\nInterfaz: USB<br \/>\nBotones: Izquierdo\/derecho, rueda de desplazamiento y DPI<br \/>\nVelocidad de respuesta: 250Hz<br \/>\nFrecuencia: 2.4GHz<br \/>\nDistancia de RF: 10m<br \/>\nColor: Azul<br \/>\nRequisitos del sistema: Windows Vista \/7\/8.1\/10\/MacOS 10.5 o superior, Linux<br \/>\nTipo de bater\u00eda: 2 bater\u00edas AAA (no incluidas)<br \/>\nPeso: 40g (sin bater\u00edas)<br \/>\nDimensiones (LaxAnxAl): 11,3&#215;5,8&#215;2,5cm<\/p>\n","protected":false},"excerpt":{"rendered":"<p>Mouse \u00f3ptico inal\u00e1mbrico USB de 4 botones Dise\u00f1o ambidextro adecuado para usuarios diestros y zurdos Tecnolog\u00eda RF de 2.4GHz ofrece&hellip;<\/p>\n","protected":false},"featured_media":59531,"comment_status":"closed","ping_status":"closed","template":"","meta":{"advanced_seo_description":"","jetpack_seo_html_title":"","jetpack_seo_noindex":false},"product_brand":[],"product_cat":[37],"product_tag":[],"class_list":{"0":"post-59509","1":"product","2":"type-product","3":"status-publish","4":"has-post-thumbnail","6":"product_cat-teclados-mouse-y-webcam","8":"first","9":"instock","10":"shipping-taxable","11":"purchasable","12":"product-type-simple","13":"add-to-wishlist-before_image"},"jetpack_likes_enabled":false,"jetpack_sharing_enabled":true,"_links":{"self":[{"href":"https:\/\/9bits.com.ar\/v31\/wp-json\/wp\/v2\/product\/59509","targetHints":{"allow":["GET"]}}],"collection":[{"href":"https:\/\/9bits.com.ar\/v31\/wp-json\/wp\/v2\/product"}],"about":[{"href":"https:\/\/9bits.com.ar\/v31\/wp-json\/wp\/v2\/types\/product"}],"replies":[{"embeddable":true,"href":"https:\/\/9bits.com.ar\/v31\/wp-json\/wp\/v2\/comments?post=59509"}],"wp:featuredmedia":[{"embeddable":true,"href":"https:\/\/9bits.com.ar\/v31\/wp-json\/wp\/v2\/media\/59531"}],"wp:attachment":[{"href":"https:\/\/9bits.com.ar\/v31\/wp-json\/wp\/v2\/media?parent=59509"}],"wp:term":[{"taxonomy":"product_brand","embeddable":true,"href":"https:\/\/9bits.com.ar\/v31\/wp-json\/wp\/v2\/product_brand?post=59509"},{"taxonomy":"product_cat","embeddable":true,"href":"https:\/\/9bits.com.ar\/v31\/wp-json\/wp\/v2\/product_cat?post=59509"},{"taxonomy":"product_tag","embeddable":true,"href":"https:\/\/9bits.com.ar\/v31\/wp-json\/wp\/v2\/product_tag?post=59509"}],"curies":[{"name":"wp","href":"https:\/\/api.w.org\/{rel}","templated":true}]}}